{"id":213918,"date":"2024-10-31T21:14:39","date_gmt":"2025-02-19T16:23:30","guid":{"rendered":"https:\/\/staging.nbg.eu\/product\/sabre-red-spray-52cft10-mk3-crossfire-gel-1-5oz-45ml\/"},"modified":"2025-02-19T16:25:54","modified_gmt":"2025-02-19T16:25:54","slug":"sabre-red-spray-52cft10-mk3-crossfire-gel-15oz45ml","status":"publish","type":"product","link":"https:\/\/staging.nbg.eu\/hu\/termek\/sabre-red-spray-52cft10-mk3-crossfire-gel-15oz45ml\/","title":{"rendered":"Sabre Red Spray 52CFT10 MK3 Crossfire G\u00c9L 1.5oz\/45ml"},"content":{"rendered":"<div class=\"product-description\">\n<h2>Sabre Red 52CFT10-G MK-3 Crossfire Stream<\/h2>\n<p>Ez az 1,5 uncia \u0171rtartalm\u00fa paprika spray magasabb kapszaicinoid tartalommal rendelkezik. Jellemz\u0151i:<\/p>\n<ul>\n<li>SABRE Crossfire\u00ae technol\u00f3gia b\u00e1rmilyen sz\u00f6gb\u0151l t\u00f6rt\u00e9n\u0151 haszn\u00e1lathoz<\/li>\n<li>8 teljes egy m\u00e1sodperces permet 4,5-6 m\u00e9teres hat\u00f3t\u00e1vols\u00e1ggal<\/li>\n<li>1,33% MC \u00f6sszet\u00e9tel<\/li>\n<li>5 \u00e9ves eltarthat\u00f3s\u00e1g<\/li>\n<li>ISO 9001:2008 tan\u00fas\u00edtv\u00e1ny<\/li>\n<li>Szem-, b\u0151r- \u00e9s bel\u00e9gz\u00e9si tesztekkel al\u00e1t\u00e1masztva<\/li>\n<li>UV jel\u00f6l\u0151 fest\u00e9k a gyan\u00fas\u00edtottak azonos\u00edt\u00e1s\u00e1hoz<\/li>\n<li>Nem gy\u00fal\u00e9kony \u00e9s EID kompatibilis<\/li>\n<\/ul>\n<p>Rendv\u00e9delmi szervek \u00e9s szem\u00e9lyes v\u00e9delem c\u00e9lj\u00e1ra. Gy\u00e1rtva az USA-ban a Security Equipment Corp. \u00e1ltal.<\/p>\n<\/div>\n","protected":false},"excerpt":{"rendered":"<p>Er\u0151s, rend\u0151rs\u00e9gi min\u0151s\u00e9g\u0171 paprika spray. Crossfire technol\u00f3gia, 4,5-6 m\u00e9teres hat\u00f3t\u00e1vols\u00e1g.<\/p>\n","protected":false},"featured_media":75073,"template":"","meta":{"_acf_changed":false},"product_brand":[11746],"product_cat":[12957],"product_tag":[],"class_list":{"0":"post-213918","1":"product","2":"type-product","3":"status-publish","4":"has-post-thumbnail","6":"product_brand-sabre","7":"product_cat-edc","9":"first","10":"instock","11":"taxable","12":"shipping-taxable","13":"purchasable","14":"product-type-simple"},"acf":[],"_links":{"self":[{"href":"https:\/\/staging.nbg.eu\/hu\/wp-json\/wp\/v2\/product\/213918","targetHints":{"allow":["GET"]}}],"collection":[{"href":"https:\/\/staging.nbg.eu\/hu\/wp-json\/wp\/v2\/product"}],"about":[{"href":"https:\/\/staging.nbg.eu\/hu\/wp-json\/wp\/v2\/types\/product"}],"wp:featuredmedia":[{"embeddable":true,"href":"https:\/\/staging.nbg.eu\/hu\/wp-json\/wp\/v2\/media\/75073"}],"wp:attachment":[{"href":"https:\/\/staging.nbg.eu\/hu\/wp-json\/wp\/v2\/media?parent=213918"}],"wp:term":[{"taxonomy":"product_brand","embeddable":true,"href":"https:\/\/staging.nbg.eu\/hu\/wp-json\/wp\/v2\/product_brand?post=213918"},{"taxonomy":"product_cat","embeddable":true,"href":"https:\/\/staging.nbg.eu\/hu\/wp-json\/wp\/v2\/product_cat?post=213918"},{"taxonomy":"product_tag","embeddable":true,"href":"https:\/\/staging.nbg.eu\/hu\/wp-json\/wp\/v2\/product_tag?post=213918"}],"curies":[{"name":"wp","href":"https:\/\/api.w.org\/{rel}","templated":true}]}}