{"id":212918,"date":"2024-07-22T11:51:56","date_gmt":"2024-07-22T11:51:56","guid":{"rendered":"https:\/\/staging.nbg.eu\/product\/blue-force-gear-universal-wire-loop\/"},"modified":"2025-02-19T15:17:07","modified_gmt":"2025-02-19T15:17:07","slug":"blue-force-gear-univerzalis-drot-hurok","status":"publish","type":"product","link":"https:\/\/staging.nbg.eu\/hu\/termek\/blue-force-gear-univerzalis-drot-hurok\/","title":{"rendered":"Blue Force Gear Univerz\u00e1lis Dr\u00f3t Hurok"},"content":{"rendered":"<h2>Blue Force Gear Univerz\u00e1lis Huzalhurok<\/h2>\n<p>Az Univerz\u00e1lis Huzalhurok (UWL\u2122) egy sokoldal\u00fa sz\u00edjr\u00f6gz\u00edt\u00e9si pont, t\u00f6bbf\u00e9le alkalmaz\u00e1sra tervezve. 3,25&#8243;, 4,5&#8243; \u00e9s 6,25&#8243; hurok hossz\u00fas\u00e1gban kaphat\u00f3, jellemz\u0151i:<\/p>\n<ul>\n<li>Rugalmas, nejlonbevonat\u00fa rozsdamentes ac\u00e9lhuzal a k\u00f6nny\u0171 r\u00f6gz\u00edt\u00e9shez<\/li>\n<li>CNC-megmunk\u00e1lt 6061-T6 alum\u00ednium test, nem f\u00e9nyvisszaver\u0151 fel\u00fclettel<\/li>\n<li>Kem\u00e9ny bevonat\u00fa elox\u00e1l\u00e1s a tart\u00f3ss\u00e1g\u00e9rt<\/li>\n<li>Rep\u00fcl\u0151g\u00e9p-min\u0151s\u00e9g\u0171 k\u00e1bel, goly\u00f3s-sz\u00e1ras v\u00e9gekkel<\/li>\n<li>Csendesebb \u00e9s er\u0151sebb, mint a hagyom\u00e1nyos horogcsatlakoz\u00e1sok<\/li>\n<li>Nem koptatja ki a f\u00fcleket<\/li>\n<\/ul>\n<p>Vickers Combat Applications sz\u00edjakkal val\u00f3 haszn\u00e1latra alkalmas, az UWL\u2122 sz\u00e1mtalan r\u00f6gz\u00edt\u00e9si lehet\u0151s\u00e9get k\u00edn\u00e1l. B\u00e1r a sz\u00e9ls\u0151s\u00e9ges cs\u0151h\u0151 deform\u00e1lhatja a k\u00fcls\u0151 bevonatot, a rozsdamentes mag s\u00e9rtetlen marad, biztos\u00edtva a megb\u00edzhat\u00f3s\u00e1got ig\u00e9nyes helyzetekben.<\/p>\n","protected":false},"excerpt":{"rendered":"<p>Sokoldal\u00fa hevedertartoz\u00e9k rugalmas huzallal, k\u00fcl\u00f6nb\u00f6z\u0151 r\u00f6gz\u00edt\u00e9si lehet\u0151s\u00e9gekhez.<\/p>\n","protected":false},"featured_media":50138,"template":"","meta":{"_acf_changed":false},"product_brand":[11131],"product_cat":[12934,12930],"product_tag":[],"class_list":{"0":"post-212918","1":"product","2":"type-product","3":"status-publish","4":"has-post-thumbnail","6":"product_brand-blue-force-gear","7":"product_cat-felszereles","8":"product_cat-hevederek","10":"first","11":"instock","12":"taxable","13":"shipping-taxable","14":"purchasable","15":"product-type-variable","16":"wvs-archive-product-wrapper"},"acf":[],"_links":{"self":[{"href":"https:\/\/staging.nbg.eu\/hu\/wp-json\/wp\/v2\/product\/212918","targetHints":{"allow":["GET"]}}],"collection":[{"href":"https:\/\/staging.nbg.eu\/hu\/wp-json\/wp\/v2\/product"}],"about":[{"href":"https:\/\/staging.nbg.eu\/hu\/wp-json\/wp\/v2\/types\/product"}],"wp:featuredmedia":[{"embeddable":true,"href":"https:\/\/staging.nbg.eu\/hu\/wp-json\/wp\/v2\/media\/50138"}],"wp:attachment":[{"href":"https:\/\/staging.nbg.eu\/hu\/wp-json\/wp\/v2\/media?parent=212918"}],"wp:term":[{"taxonomy":"product_brand","embeddable":true,"href":"https:\/\/staging.nbg.eu\/hu\/wp-json\/wp\/v2\/product_brand?post=212918"},{"taxonomy":"product_cat","embeddable":true,"href":"https:\/\/staging.nbg.eu\/hu\/wp-json\/wp\/v2\/product_cat?post=212918"},{"taxonomy":"product_tag","embeddable":true,"href":"https:\/\/staging.nbg.eu\/hu\/wp-json\/wp\/v2\/product_tag?post=212918"}],"curies":[{"name":"wp","href":"https:\/\/api.w.org\/{rel}","templated":true}]}}