{"id":212162,"date":"2024-07-30T18:47:47","date_gmt":"2025-02-19T14:29:29","guid":{"rendered":"https:\/\/staging.nbg.eu\/product\/surefire-xsc-weaponlight\/"},"modified":"2025-02-19T14:31:13","modified_gmt":"2025-02-19T14:31:13","slug":"surefire-xsc-fegyver-lampa","status":"publish","type":"product","link":"https:\/\/staging.nbg.eu\/hu\/termek\/surefire-xsc-fegyver-lampa\/","title":{"rendered":"SureFire XSC Fegyver L\u00e1mpa"},"content":{"rendered":"<div class=\"product-description\">\n<h2>SureFire XSC FEGYVERL\u00c1MPA<\/h2>\n<p>A SureFire XSC egy fegyverl\u00e1mpa rejtett hord\u00e1shoz. Kifejezetten mikro-kompakt \u00e9s szub-kompakt pisztolyokhoz tervezt\u00e9k, alacsony f\u00e9nyviszonyok k\u00f6z\u00f6tt haszn\u00e1lhat\u00f3.<\/p>\n<h2>F\u0151bb jellemz\u0151k:<\/h2>\n<ul>\n<li>350 lumen feh\u00e9r f\u00e9ny<\/li>\n<li>Hibrid f\u00e9nysug\u00e1r minta<\/li>\n<li>Ultrakompakt \u00e9s tart\u00f3s kivitel<\/li>\n<li>\u00dajrat\u00f6lthet\u0151 l\u00edtium-polimer akkumul\u00e1tor gyorscser\u00e9l\u0151 funkci\u00f3val<\/li>\n<li>K\u00e9tkezes kapcsol\u00f3<\/li>\n<li>Katonai szabv\u00e1ny szerint elox\u00e1lt rep\u00fcl\u0151g\u00e9p-alum\u00ednium test<\/li>\n<li>IPX4 min\u0151s\u00edt\u00e9s\u0171 id\u0151j\u00e1r\u00e1s\u00e1ll\u00f3s\u00e1g<\/li>\n<\/ul>\n<h2>Specifik\u00e1ci\u00f3k:<\/h2>\n<ul>\n<li>F\u00e9nyer\u0151: 350 Lumen<\/li>\n<li>\u00dczemid\u0151: 30 perc<\/li>\n<li>S\u00faly: 48,2 g<\/li>\n<li>Hossz: 4,9 cm<\/li>\n<li>Maxim\u00e1lis f\u00e9nyintenzit\u00e1s: 2000 Candela<\/li>\n<li>F\u00e9nysug\u00e1r t\u00e1vols\u00e1g: 90 m\u00e9ter<\/li>\n<\/ul>\n<p>V\u00e1lassza ki a fegyver\u00e9hez megfelel\u0151 modellt:<\/p>\n<ul>\n<li>XSC-A: s\u00ednnel rendelkez\u0151 Glock 43X \u00e9s 48<\/li>\n<li>XSC-P365: SIG SAUER P365 \u00e9s P365 XL<\/li>\n<li>XSC-HELLCAT: Springfield Armory Hellcat<\/li>\n<li>XSC-B: egy\u00e9b szub-kompakt modellek<\/li>\n<\/ul>\n<p>A SureFire XSC FEGYVERL\u00c1MPA megvil\u00e1g\u00edt\u00e1st biztos\u00edt kritikus helyzetekben.<\/p>\n<\/div>\n","protected":false},"excerpt":{"rendered":"<p>Kompakt, er\u0151teljes 350 lumenes l\u00e1mpa rejtett visel\u00e9s\u0171 pisztolyokhoz.<\/p>\n","protected":false},"featured_media":212163,"template":"","meta":{"_acf_changed":false},"product_brand":[11863],"product_cat":[12958,12924,12951],"product_tag":[],"class_list":{"0":"post-212162","1":"product","2":"type-product","3":"status-publish","4":"has-post-thumbnail","6":"product_brand-surefire","7":"product_cat-lampak","8":"product_cat-pisztoly","9":"product_cat-pisztoly-lampak","10":"pa_light-p-365-hu","11":"pa_light-xsc-a-hu-2","12":"pa_light-xsc-b-hu","14":"first","15":"instock","16":"taxable","17":"shipping-taxable","18":"purchasable","19":"product-type-variable","20":"wvs-archive-product-wrapper"},"acf":[],"_links":{"self":[{"href":"https:\/\/staging.nbg.eu\/hu\/wp-json\/wp\/v2\/product\/212162","targetHints":{"allow":["GET"]}}],"collection":[{"href":"https:\/\/staging.nbg.eu\/hu\/wp-json\/wp\/v2\/product"}],"about":[{"href":"https:\/\/staging.nbg.eu\/hu\/wp-json\/wp\/v2\/types\/product"}],"wp:featuredmedia":[{"embeddable":true,"href":"https:\/\/staging.nbg.eu\/hu\/wp-json\/wp\/v2\/media\/212163"}],"wp:attachment":[{"href":"https:\/\/staging.nbg.eu\/hu\/wp-json\/wp\/v2\/media?parent=212162"}],"wp:term":[{"taxonomy":"product_brand","embeddable":true,"href":"https:\/\/staging.nbg.eu\/hu\/wp-json\/wp\/v2\/product_brand?post=212162"},{"taxonomy":"product_cat","embeddable":true,"href":"https:\/\/staging.nbg.eu\/hu\/wp-json\/wp\/v2\/product_cat?post=212162"},{"taxonomy":"product_tag","embeddable":true,"href":"https:\/\/staging.nbg.eu\/hu\/wp-json\/wp\/v2\/product_tag?post=212162"}],"curies":[{"name":"wp","href":"https:\/\/api.w.org\/{rel}","templated":true}]}}