{"id":208653,"date":"2024-07-29T13:02:15","date_gmt":"2024-07-29T13:02:15","guid":{"rendered":"https:\/\/staging.nbg.eu\/product\/bore-tech-friction-guard-xp-120ml\/"},"modified":"2025-02-16T16:54:56","modified_gmt":"2025-02-16T16:54:56","slug":"bore-tech-friction-guard-xp-120ml","status":"publish","type":"product","link":"https:\/\/staging.nbg.eu\/hu\/termek\/bore-tech-friction-guard-xp-120ml\/","title":{"rendered":"Bore Tech Friction Guard XP 120ml"},"content":{"rendered":"<h2>Bore Tech Friction Guard XP Fegyverolaj &#8211; 120ml<\/h2>\n<p>A Bore Tech Friction Guard XP Fegyverolaj egy szintetikus kever\u00e9k, amely megfelel a MIL-PRF-63460E k\u00f6vetelm\u00e9nyeknek. Jellemz\u0151i:<\/p>\n<ul>\n<li>Ken\u00e9s -73\u00b0C \u00e9s 316\u00b0C k\u00f6z\u00f6tt<\/li>\n<li>95%-os s\u00farl\u00f3d\u00e1s- \u00e9s kop\u00e1scs\u00f6kkent\u00e9s<\/li>\n<li>Korr\u00f3zi\u00f3v\u00e9delem<\/li>\n<li>F\u00e9mfel\u00fcletekbe val\u00f3 behatol\u00e1s \u00e9s k\u00f6t\u0151d\u00e9s<\/li>\n<li>Kop\u00e1s\u00e1ll\u00f3 tulajdons\u00e1gok<\/li>\n<li>Ellen\u00e1ll\u00e1s sz\u00e9ls\u0151s\u00e9ges h\u0151m\u00e9rs\u00e9kletekkel szemben<\/li>\n<li>100+ \u00f3r\u00e1s s\u00f3s permet teszt v\u00e9delem<\/li>\n<li>Nedvess\u00e9g elt\u00e1vol\u00edt\u00e1s<\/li>\n<li>Por- \u00e9s szennyez\u0151d\u00e9s tasz\u00edt\u00e1s<\/li>\n<\/ul>\n<p>L\u00f6v\u00e9szek, vad\u00e1szok \u00e9s fegyverrajong\u00f3k sz\u00e1m\u00e1ra. A Friction Guard XP kondicion\u00e1lja a fegyver cs\u00f6v\u00e9t \u00e9s v\u00e9delmet ny\u00fajt haszn\u00e1lat \u00e9s t\u00e1rol\u00e1s sor\u00e1n.<\/p>\n","protected":false},"excerpt":{"rendered":"<p>Kiv\u00e1l\u00f3 teljes\u00edtm\u00e9ny\u0171 szintetikus fegyverolaj a kiemelked\u0151 ken\u00e9s\u00e9rt \u00e9s v\u00e9delem\u00e9rt.<\/p>\n","protected":false},"featured_media":150484,"template":"","meta":{"_acf_changed":false},"product_brand":[11153],"product_cat":[12948,12936],"product_tag":[],"class_list":{"0":"post-208653","1":"product","2":"type-product","3":"status-publish","4":"has-post-thumbnail","6":"product_brand-boretech","7":"product_cat-fegyvertisztitas","8":"product_cat-kenoanyagok","10":"first","11":"instock","12":"taxable","13":"shipping-taxable","14":"purchasable","15":"product-type-simple"},"acf":[],"_links":{"self":[{"href":"https:\/\/staging.nbg.eu\/hu\/wp-json\/wp\/v2\/product\/208653","targetHints":{"allow":["GET"]}}],"collection":[{"href":"https:\/\/staging.nbg.eu\/hu\/wp-json\/wp\/v2\/product"}],"about":[{"href":"https:\/\/staging.nbg.eu\/hu\/wp-json\/wp\/v2\/types\/product"}],"wp:featuredmedia":[{"embeddable":true,"href":"https:\/\/staging.nbg.eu\/hu\/wp-json\/wp\/v2\/media\/150484"}],"wp:attachment":[{"href":"https:\/\/staging.nbg.eu\/hu\/wp-json\/wp\/v2\/media?parent=208653"}],"wp:term":[{"taxonomy":"product_brand","embeddable":true,"href":"https:\/\/staging.nbg.eu\/hu\/wp-json\/wp\/v2\/product_brand?post=208653"},{"taxonomy":"product_cat","embeddable":true,"href":"https:\/\/staging.nbg.eu\/hu\/wp-json\/wp\/v2\/product_cat?post=208653"},{"taxonomy":"product_tag","embeddable":true,"href":"https:\/\/staging.nbg.eu\/hu\/wp-json\/wp\/v2\/product_tag?post=208653"}],"curies":[{"name":"wp","href":"https:\/\/api.w.org\/{rel}","templated":true}]}}