{"id":205952,"date":"2024-10-31T21:26:11","date_gmt":"2025-02-13T16:04:27","guid":{"rendered":"https:\/\/staging.nbg.eu\/product\/front-sight-fiber-optic-rods\/"},"modified":"2025-02-13T16:04:27","modified_gmt":"2025-02-13T16:04:27","slug":"elso-iranyzek-optikai-szalas-rudak","status":"publish","type":"product","link":"https:\/\/staging.nbg.eu\/hu\/termek\/elso-iranyzek-optikai-szalas-rudak\/","title":{"rendered":"Els\u0151 Ir\u00e1nyz\u00e9k Optikai Sz\u00e1las Rudak"},"content":{"rendered":"","protected":false},"excerpt":{"rendered":"","protected":false},"featured_media":75120,"template":"","meta":{"_acf_changed":false},"product_brand":[],"product_cat":[12924,12968],"product_tag":[],"class_list":{"0":"post-205952","1":"product","2":"type-product","3":"status-publish","4":"has-post-thumbnail","6":"product_cat-pisztoly","7":"product_cat-pisztoly-alkatreszek","9":"first","10":"instock","11":"taxable","12":"shipping-taxable","13":"purchasable","14":"product-type-variable","15":"wvs-archive-product-wrapper"},"acf":[],"_links":{"self":[{"href":"https:\/\/staging.nbg.eu\/hu\/wp-json\/wp\/v2\/product\/205952","targetHints":{"allow":["GET"]}}],"collection":[{"href":"https:\/\/staging.nbg.eu\/hu\/wp-json\/wp\/v2\/product"}],"about":[{"href":"https:\/\/staging.nbg.eu\/hu\/wp-json\/wp\/v2\/types\/product"}],"wp:featuredmedia":[{"embeddable":true,"href":"https:\/\/staging.nbg.eu\/hu\/wp-json\/wp\/v2\/media\/75120"}],"wp:attachment":[{"href":"https:\/\/staging.nbg.eu\/hu\/wp-json\/wp\/v2\/media?parent=205952"}],"wp:term":[{"taxonomy":"product_brand","embeddable":true,"href":"https:\/\/staging.nbg.eu\/hu\/wp-json\/wp\/v2\/product_brand?post=205952"},{"taxonomy":"product_cat","embeddable":true,"href":"https:\/\/staging.nbg.eu\/hu\/wp-json\/wp\/v2\/product_cat?post=205952"},{"taxonomy":"product_tag","embeddable":true,"href":"https:\/\/staging.nbg.eu\/hu\/wp-json\/wp\/v2\/product_tag?post=205952"}],"curies":[{"name":"wp","href":"https:\/\/api.w.org\/{rel}","templated":true}]}}