{"id":205376,"date":"2024-08-16T18:01:15","date_gmt":"2025-02-13T15:24:24","guid":{"rendered":"https:\/\/staging.nbg.eu\/product\/rhh-ipsc-holster-mount-509\/"},"modified":"2025-02-13T15:25:57","modified_gmt":"2025-02-13T15:25:57","slug":"rhh-ipsc-tok-roegzito-509","status":"publish","type":"product","link":"https:\/\/staging.nbg.eu\/hu\/termek\/rhh-ipsc-tok-roegzito-509\/","title":{"rendered":"RHH IPSC Tok R\u00f6gz\u00edt\u0151 .509"},"content":{"rendered":"<div class=\"product-description\">\n<h2>RHH IPSC Pisztolytok R\u00f6gz\u00edt\u0151 .509<\/h2>\n<p>Az RHH IPSC Pisztolytok R\u00f6gz\u00edt\u0151 .509 testreszab\u00e1si lehet\u0151s\u00e9geket k\u00edn\u00e1l a pisztolytok be\u00e1ll\u00edt\u00e1s\u00e1hoz:<\/p>\n<ul>\n<li><strong>\u00c1ll\u00edthat\u00f3 d\u0151l\u00e9ssz\u00f6g:<\/strong> A sz\u00f6g b\u00e1rmely ir\u00e1nyba finomhangolhat\u00f3, \u00e9s b\u00e1rmikor k\u00f6nnyen m\u00f3dos\u00edthat\u00f3.<\/li>\n<li><strong>T\u00f6bbtengelyes konfigur\u00e1ci\u00f3:<\/strong> Magass\u00e1g\u00e1ll\u00edt\u00e1ssal kombin\u00e1lva ak\u00e1r h\u00e1rom tengely ment\u00e9n folyamatos v\u00e1ltoztat\u00e1st tesz lehet\u0151v\u00e9 a k\u00edv\u00e1nt magass\u00e1g megtart\u00e1sa mellett.<\/li>\n<li><strong>Oldals\u00f3 d\u0151l\u00e9s szab\u00e1lyoz\u00e1s:<\/strong> A pisztolytok d\u0151l\u00e9se csavarok megh\u00faz\u00e1s\u00e1val \u00e1ll\u00edthat\u00f3. K\u00e9t csavar- \u00e9s al\u00e1t\u00e9tk\u00e9szletet tartalmaz k\u00fcl\u00f6nb\u00f6z\u0151 testt\u00e1vols\u00e1gokhoz.<\/li>\n<li><strong>Rugalmas magass\u00e1g\u00e1ll\u00edt\u00e1s:<\/strong> T\u00f6bb csavarlyuk lehet\u0151v\u00e9 teszi a pisztolytok magass\u00e1g\u00e1nak optimaliz\u00e1l\u00e1s\u00e1t az \u00f6vh\u00f6z k\u00e9pest a fegyver k\u00f6nnyebb el\u0151v\u00e9tel\u00e9hez.<\/li>\n<\/ul>\n<p><strong>S\u00faly:<\/strong> 0,19 kg<\/p>\n<p>Az RHH IPSC Pisztolytok R\u00f6gz\u00edt\u0151 .509 lehet\u0151v\u00e9 teszi a szem\u00e9lyre szabott, hat\u00e9kony l\u00f6v\u00e9szeti be\u00e1ll\u00edt\u00e1st.<\/p>\n<\/div>\n","protected":false},"excerpt":{"rendered":"<p>\u00c1ll\u00edthat\u00f3 IPSC pisztolytok r\u00f6gz\u00edt\u0151: testreszabhat\u00f3 d\u0151l\u00e9s, magass\u00e1g \u00e9s sz\u00f6g.<\/p>\n","protected":false},"featured_media":23134,"template":"","meta":{"_acf_changed":false},"product_brand":[11643],"product_cat":[12959,12954],"product_tag":[],"class_list":{"0":"post-205376","1":"product","2":"type-product","3":"status-publish","4":"has-post-thumbnail","6":"product_brand-rh-holsters","7":"product_cat-sport-tok","8":"product_cat-tok-kiegeszitok","10":"first","11":"instock","12":"taxable","13":"shipping-taxable","14":"purchasable","15":"product-type-simple"},"acf":[],"_links":{"self":[{"href":"https:\/\/staging.nbg.eu\/hu\/wp-json\/wp\/v2\/product\/205376","targetHints":{"allow":["GET"]}}],"collection":[{"href":"https:\/\/staging.nbg.eu\/hu\/wp-json\/wp\/v2\/product"}],"about":[{"href":"https:\/\/staging.nbg.eu\/hu\/wp-json\/wp\/v2\/types\/product"}],"wp:featuredmedia":[{"embeddable":true,"href":"https:\/\/staging.nbg.eu\/hu\/wp-json\/wp\/v2\/media\/23134"}],"wp:attachment":[{"href":"https:\/\/staging.nbg.eu\/hu\/wp-json\/wp\/v2\/media?parent=205376"}],"wp:term":[{"taxonomy":"product_brand","embeddable":true,"href":"https:\/\/staging.nbg.eu\/hu\/wp-json\/wp\/v2\/product_brand?post=205376"},{"taxonomy":"product_cat","embeddable":true,"href":"https:\/\/staging.nbg.eu\/hu\/wp-json\/wp\/v2\/product_cat?post=205376"},{"taxonomy":"product_tag","embeddable":true,"href":"https:\/\/staging.nbg.eu\/hu\/wp-json\/wp\/v2\/product_tag?post=205376"}],"curies":[{"name":"wp","href":"https:\/\/api.w.org\/{rel}","templated":true}]}}