{"id":205261,"date":"2024-09-02T10:50:03","date_gmt":"2025-02-13T15:10:02","guid":{"rendered":"https:\/\/staging.nbg.eu\/product\/badger-ordnance-c1-12-oclock-top-optical-platform-for-trijicon-rmr\/"},"modified":"2025-02-13T15:12:07","modified_gmt":"2025-02-13T15:12:07","slug":"badger-ordnance-c1-12-ora-pozicio-felso-optikai-platform-trijicon-rmr-hez","status":"publish","type":"product","link":"https:\/\/staging.nbg.eu\/hu\/termek\/badger-ordnance-c1-12-ora-pozicio-felso-optikai-platform-trijicon-rmr-hez\/","title":{"rendered":"Badger Ordnance C1 12 \u00d3ra Poz\u00edci\u00f3 Fels\u0151 Optikai Platform Trijicon RMR-hez"},"content":{"rendered":"<div class=\"product-description\">\n<h2>Badger Ordnance C1 12 \u00f3ra fels\u0151 optikai platform Trijicon RMR-hez<\/h2>\n<p>A Badger Ordnance C1 12TOP egy szerel\u00e9si megold\u00e1s, amely lehet\u0151v\u00e9 teszi a Trijicon RMR vagy kompatibilis optika integr\u00e1l\u00e1s\u00e1t a C1 ARC rendszerre. Ez a platform 12 \u00f3r\u00e1s poz\u00edci\u00f3ban r\u00f6gz\u00edtett v\u00f6r\u00f6s pont konfigur\u00e1ci\u00f3t k\u00edn\u00e1l.<\/p>\n<h2>F\u0151 jellemz\u0151k:<\/h2>\n<ul>\n<li>6061 T6 alum\u00edniumb\u00f3l k\u00e9sz\u00fclt<\/li>\n<li>III-as t\u00edpus\u00fa kem\u00e9nybevonat\u00fa elox\u00e1lt fel\u00fclet<\/li>\n<li>K\u00f6nny\u0171, 0,5 uncia s\u00faly\u00fa<\/li>\n<li>Tartalmaz ragaszt\u00f3s v\u00edz\u00e1ll\u00f3 al\u00e1t\u00e9tet a biztos r\u00f6gz\u00edt\u00e9shez<\/li>\n<li>Kompatibilis a Trijicon RMR l\u00e1bnyomot haszn\u00e1l\u00f3 optik\u00e1kkal<\/li>\n<\/ul>\n<h2>Kompatibilit\u00e1s:<\/h2>\n<p>A C1 12TOP kompatibilis sz\u00e1mos optik\u00e1val, t\u00f6bbek k\u00f6z\u00f6tt:<\/p>\n<ul>\n<li>Trijicon RMR \u00e9s SRO<\/li>\n<li>Holosun HS407C, HS507C \u00e9s HS508T<\/li>\n<li>Swampfox Kingslayer, Liberty RMR 1&#215;22 \u00e9s Justice RMR 1&#215;27<\/li>\n<li>NcStar VISM FlipDot Pro<\/li>\n<li>Riton X3 Tactix PRD<\/li>\n<li>Vector Optics Frenzy 1x22x26<\/li>\n<\/ul>\n<p>A Badger Ordnance C1 12 \u00f3ra fels\u0151 optikai platform jav\u00edthatja az optikai be\u00e1ll\u00edt\u00e1st \u00e9s n\u00f6velheti a pontoss\u00e1got k\u00fcl\u00f6nb\u00f6z\u0151 l\u00f6v\u00e9szeti helyzetekben.<\/p>\n<\/div>\n","protected":false},"excerpt":{"rendered":"<p>Badger C1 12TOP: K\u00f6nny\u0171 RMR szerel\u00e9k 12 \u00f3ra poz\u00edci\u00f3j\u00fa optik\u00e1khoz<\/p>\n","protected":false},"featured_media":35411,"template":"","meta":{"_acf_changed":false},"product_brand":[11087],"product_cat":[12943,12944],"product_tag":[],"class_list":{"0":"post-205261","1":"product","2":"type-product","3":"status-publish","4":"has-post-thumbnail","6":"product_brand-badger-ordnance","7":"product_cat-celzas","8":"product_cat-piros-pontok","10":"first","11":"instock","12":"taxable","13":"shipping-taxable","14":"purchasable","15":"product-type-simple"},"acf":[],"_links":{"self":[{"href":"https:\/\/staging.nbg.eu\/hu\/wp-json\/wp\/v2\/product\/205261","targetHints":{"allow":["GET"]}}],"collection":[{"href":"https:\/\/staging.nbg.eu\/hu\/wp-json\/wp\/v2\/product"}],"about":[{"href":"https:\/\/staging.nbg.eu\/hu\/wp-json\/wp\/v2\/types\/product"}],"wp:featuredmedia":[{"embeddable":true,"href":"https:\/\/staging.nbg.eu\/hu\/wp-json\/wp\/v2\/media\/35411"}],"wp:attachment":[{"href":"https:\/\/staging.nbg.eu\/hu\/wp-json\/wp\/v2\/media?parent=205261"}],"wp:term":[{"taxonomy":"product_brand","embeddable":true,"href":"https:\/\/staging.nbg.eu\/hu\/wp-json\/wp\/v2\/product_brand?post=205261"},{"taxonomy":"product_cat","embeddable":true,"href":"https:\/\/staging.nbg.eu\/hu\/wp-json\/wp\/v2\/product_cat?post=205261"},{"taxonomy":"product_tag","embeddable":true,"href":"https:\/\/staging.nbg.eu\/hu\/wp-json\/wp\/v2\/product_tag?post=205261"}],"curies":[{"name":"wp","href":"https:\/\/api.w.org\/{rel}","templated":true}]}}