{"id":199834,"date":"2024-07-29T19:03:50","date_gmt":"2025-02-11T11:22:00","guid":{"rendered":"https:\/\/staging.nbg.eu\/product\/the-shear-hammock\/"},"modified":"2025-02-11T11:24:15","modified_gmt":"2025-02-11T11:24:15","slug":"the-shear-fueggoagy","status":"publish","type":"product","link":"https:\/\/staging.nbg.eu\/hu\/termek\/the-shear-fueggoagy\/","title":{"rendered":"The Shear F\u00fcgg\u0151\u00e1gy"},"content":{"rendered":"<div class=\"product-description\">\n<h2>A Shear Hammock<\/h2>\n<p>A Shear Hammock egy eszk\u00f6z az alapvet\u0151 orvosi felszerel\u00e9sek hordoz\u00e1s\u00e1ra. Ez a term\u00e9k lehet\u0151v\u00e9 teszi a tourniquet, oll\u00f3 vagy m\u00e1s hasonl\u00f3 m\u00e9ret\u0171 t\u00e1rgyak hordoz\u00e1s\u00e1t a megl\u00e9v\u0151 \u00f6v\u00f6n vagy MOLLE rendszer\u0171 zseben.<\/p>\n<h2>F\u0151 jellemz\u0151k:<\/h2>\n<ul>\n<li>MOLLE vagy \u00f6v r\u00f6gz\u00edt\u00e9sre alkalmas<\/li>\n<li>Gyors haszn\u00e1latra tervezve<\/li>\n<li>CAT tourniquet \u00e9s m\u00e1s hasonl\u00f3 m\u00e9ret\u0171 t\u00e1rgyak sz\u00e1m\u00e1ra<\/li>\n<li>V\u00e9di a felszerel\u00e9st UV-sug\u00e1rz\u00e1st\u00f3l, id\u0151j\u00e1r\u00e1st\u00f3l, szennyez\u0151d\u00e9sekt\u0151l<\/li>\n<li>Nem ig\u00e9nyel tov\u00e1bbi r\u00f6gz\u00edt\u00e9si helyet<\/li>\n<\/ul>\n<h2>Specifik\u00e1ci\u00f3k:<\/h2>\n<ul>\n<li>S\u00faly: 19g<\/li>\n<li>Cikksz\u00e1m: TSP-TQ-01<\/li>\n<li>M\u00e9retek (\u00fcresen): 12,7 cm x 7,6 cm x 0,95 cm<\/li>\n<li>M\u00e9retek (tele): 12,7 cm x 7,6 cm x 6,35 cm<\/li>\n<li>Anyagok: Ultracomp, Solution Dyed CORDURA\u00ae sz\u00f6vet<\/li>\n<li>El\u00e9rhet\u0151 sz\u00ednek: Fekete, Coyote barna \u00e9s Multicam<\/li>\n<\/ul>\n<p>A Shear Hammock kieg\u00e9sz\u00edt\u0151 a Micro Trauma Kit NOW!\u00ae-hoz, lehet\u0151v\u00e9 t\u00e9ve a tourniquet k\u00f6nnyen hozz\u00e1f\u00e9rhet\u0151 t\u00e1rol\u00e1s\u00e1t. R\u00f6gz\u00edthet\u0151 b\u00e1rmely MOLLE vagy \u00f6vre szerelt Micro TKN-hez, vagy b\u00e1rmely m\u00e1s MOLLE zsebhez 3 oszlopos MOLLE fel\u00fclettel.<\/p>\n<p>A Shear Hammock haszn\u00e1lhat\u00f3 kritikus orvosi felszerel\u00e9sek t\u00e1rol\u00e1s\u00e1ra.<\/p>\n<\/div>\n","protected":false},"excerpt":{"rendered":"<p>Gyorsan hozz\u00e1f\u00e9rhet\u0151 zseb \u00e9rszor\u00edt\u00f3k \u00e9s oll\u00f3k sz\u00e1m\u00e1ra MOLLE felszerel\u00e9sekhez.<\/p>\n","protected":false},"featured_media":153985,"template":"","meta":{"_acf_changed":false},"product_brand":[11131],"product_cat":[12934,12969,12925],"product_tag":[],"class_list":{"0":"post-199834","1":"product","2":"type-product","3":"status-publish","4":"has-post-thumbnail","6":"product_brand-blue-force-gear","7":"product_cat-felszereles","8":"product_cat-orvosi","9":"product_cat-tasakok","11":"first","12":"instock","13":"taxable","14":"shipping-taxable","15":"purchasable","16":"product-type-variable","17":"wvs-archive-product-wrapper"},"acf":[],"_links":{"self":[{"href":"https:\/\/staging.nbg.eu\/hu\/wp-json\/wp\/v2\/product\/199834","targetHints":{"allow":["GET"]}}],"collection":[{"href":"https:\/\/staging.nbg.eu\/hu\/wp-json\/wp\/v2\/product"}],"about":[{"href":"https:\/\/staging.nbg.eu\/hu\/wp-json\/wp\/v2\/types\/product"}],"wp:featuredmedia":[{"embeddable":true,"href":"https:\/\/staging.nbg.eu\/hu\/wp-json\/wp\/v2\/media\/153985"}],"wp:attachment":[{"href":"https:\/\/staging.nbg.eu\/hu\/wp-json\/wp\/v2\/media?parent=199834"}],"wp:term":[{"taxonomy":"product_brand","embeddable":true,"href":"https:\/\/staging.nbg.eu\/hu\/wp-json\/wp\/v2\/product_brand?post=199834"},{"taxonomy":"product_cat","embeddable":true,"href":"https:\/\/staging.nbg.eu\/hu\/wp-json\/wp\/v2\/product_cat?post=199834"},{"taxonomy":"product_tag","embeddable":true,"href":"https:\/\/staging.nbg.eu\/hu\/wp-json\/wp\/v2\/product_tag?post=199834"}],"curies":[{"name":"wp","href":"https:\/\/api.w.org\/{rel}","templated":true}]}}