{"id":199703,"date":"2024-07-29T13:09:29","date_gmt":"2025-02-11T11:06:58","guid":{"rendered":"https:\/\/staging.nbg.eu\/product\/single-pistol-belt-pouch\/"},"modified":"2025-02-11T11:09:16","modified_gmt":"2025-02-11T11:09:16","slug":"egyszeru-pisztoly-oev-tok","status":"publish","type":"product","link":"https:\/\/staging.nbg.eu\/hu\/termek\/egyszeru-pisztoly-oev-tok\/","title":{"rendered":"Egyszer\u0171 Pisztoly \u00d6v Tok"},"content":{"rendered":"<div class=\"product-description\">\n<h2>Egyszer\u0171 Pisztolyt\u00e1r \u00d6vt\u00e1ska<\/h2>\n<p>Ez a Ten-Speed\u00ae t\u00e1ska egy pisztolyt\u00e1rat tart, \u00e9s azonnali hozz\u00e1f\u00e9r\u00e9st biztos\u00edt szolg\u00e1lati vagy rejtett hord\u00e1shoz.<\/p>\n<ul>\n<li>2,0 h\u00fcvelyk sz\u00e9les \u00f6vekhez illeszkedik<\/li>\n<li>Eg\u00e9sz napos viseletre alkalmas, \u00e9les sz\u00e9lek n\u00e9lk\u00fcl<\/li>\n<li>Elasztikus el\u00fcls\u0151 r\u00e9sz ULTRAcomp\u2122 lamin\u00e1ttal<\/li>\n<li>T\u00e9p\u0151z\u00e1ras z\u00e1r\u00f3d\u00e1s<\/li>\n<li>Egysoros \u00e9s k\u00e9tsoros t\u00e1rakat is befogad (HK45\/USP m\u00e9retig)<\/li>\n<li>L\u00e1mp\u00e1khoz, multieszk\u00f6z\u00f6kh\u00f6z vagy hasonl\u00f3 t\u00e1rgyakhoz is haszn\u00e1lhat\u00f3<\/li>\n<li>Levehet\u0151 \u00f6vcsatlakoz\u00e1s v\u00edzszintes r\u00f6gz\u00edt\u00e9shez<\/li>\n<\/ul>\n<p>M\u00e9ret: 2,25&#8243; x 4,5&#8243; | S\u00faly: 20 gramm<\/p>\n<p>Ez a t\u00e1ska k\u00f6nny\u0171, tart\u00f3s \u00e9s sokoldal\u00fa.<\/p>\n<\/div>\n","protected":false},"excerpt":{"rendered":"<p>Biztons\u00e1gos, karcs\u00fa \u00f6vt\u00e1ska pisztolyt\u00e1rhoz vagy szersz\u00e1mhoz. Gyors hozz\u00e1f\u00e9r\u00e9st biztos\u00edt.<\/p>\n","protected":false},"featured_media":164226,"template":"","meta":{"_acf_changed":false},"product_brand":[11131],"product_cat":[12934,12910,12925],"product_tag":[],"class_list":{"0":"post-199703","1":"product","2":"type-product","3":"status-publish","4":"has-post-thumbnail","6":"product_brand-blue-force-gear","7":"product_cat-felszereles","8":"product_cat-tartartok","9":"product_cat-tasakok","11":"first","12":"instock","13":"taxable","14":"shipping-taxable","15":"purchasable","16":"product-type-simple"},"acf":[],"_links":{"self":[{"href":"https:\/\/staging.nbg.eu\/hu\/wp-json\/wp\/v2\/product\/199703","targetHints":{"allow":["GET"]}}],"collection":[{"href":"https:\/\/staging.nbg.eu\/hu\/wp-json\/wp\/v2\/product"}],"about":[{"href":"https:\/\/staging.nbg.eu\/hu\/wp-json\/wp\/v2\/types\/product"}],"wp:featuredmedia":[{"embeddable":true,"href":"https:\/\/staging.nbg.eu\/hu\/wp-json\/wp\/v2\/media\/164226"}],"wp:attachment":[{"href":"https:\/\/staging.nbg.eu\/hu\/wp-json\/wp\/v2\/media?parent=199703"}],"wp:term":[{"taxonomy":"product_brand","embeddable":true,"href":"https:\/\/staging.nbg.eu\/hu\/wp-json\/wp\/v2\/product_brand?post=199703"},{"taxonomy":"product_cat","embeddable":true,"href":"https:\/\/staging.nbg.eu\/hu\/wp-json\/wp\/v2\/product_cat?post=199703"},{"taxonomy":"product_tag","embeddable":true,"href":"https:\/\/staging.nbg.eu\/hu\/wp-json\/wp\/v2\/product_tag?post=199703"}],"curies":[{"name":"wp","href":"https:\/\/api.w.org\/{rel}","templated":true}]}}