{"id":199054,"date":"2024-06-17T21:23:15","date_gmt":"2025-02-11T09:31:08","guid":{"rendered":"https:\/\/staging.nbg.eu\/product\/blue-force-gear-trauma-kit-now-medium\/"},"modified":"2025-02-11T09:33:17","modified_gmt":"2025-02-11T09:33:17","slug":"blue-force-gear-trauma-keszlet-now-koezepes","status":"publish","type":"product","link":"https:\/\/staging.nbg.eu\/hu\/termek\/blue-force-gear-trauma-keszlet-now-koezepes\/","title":{"rendered":"Blue Force Gear Trauma K\u00e9szlet NOW! &#8211; K\u00f6zepes"},"content":{"rendered":"<h2>Blue Force Gear Trauma Kit NOW! &#8211; K\u00f6zepes M\u00e9ret\u0171 \u00dcres<\/h2>\n<p>A Trauma Kit NOW! &#8211; K\u00d6ZEPES egy gyors hozz\u00e1f\u00e9r\u00e9s\u0171 s\u00fcrg\u0151ss\u00e9gi orvosi k\u00e9szlet, amelyet egy k\u00e9zzel t\u00f6rt\u00e9n\u0151 haszn\u00e1latra terveztek. Eredetileg a hadsereg IFAK tartalm\u00e1hoz k\u00e9sz\u00fclt, de alkalmazhat\u00f3 k\u00fcl\u00f6nb\u00f6z\u0151 orvosi felszerel\u00e9sekhez.<\/p>\n<ul>\n<li>K\u00e9tr\u00e9szes kialak\u00edt\u00e1s: MOLLE k\u00fcls\u0151 tasak Helium Whisper r\u00f6gz\u00edt\u0151 rendszerrel \u00e9s kivehet\u0151 bels\u0151 t\u00e1rol\u00f3<\/li>\n<li>K\u00fapos k\u00fcls\u0151 tasak a biztons\u00e1gos tart\u00e1s \u00e9s k\u00f6nny\u0171 elt\u00e1vol\u00edt\u00e1s \u00e9rdek\u00e9ben<\/li>\n<li>Gyorsan kivehet\u0151 bels\u0151 hordoz\u00f3 Ball Loaded Index Point (BLIP) rendszerrel a neh\u00e9z k\u00f6r\u00fclm\u00e9nyek k\u00f6z\u00f6tti haszn\u00e1lathoz<\/li>\n<li>MOLLE fel\u00fcletek k\u00fcls\u0151 \u00e9rszor\u00edt\u00f3 r\u00f6gz\u00edt\u00e9s\u00e9hez<\/li>\n<li>Sokoldal\u00fa kialak\u00edt\u00e1s, amely alkalmas katonai, rendv\u00e9delmi \u00e9s civil haszn\u00e1latra<\/li>\n<\/ul>\n<p>Ez az egyik leggyorsabban haszn\u00e1latba vehet\u0151 trauma k\u00e9szlet a piacon, kritikus helyzetekre tervezve, ahol minden m\u00e1sodperc sz\u00e1m\u00edt.<\/p>\n","protected":false},"excerpt":{"rendered":"<p>Gyors telep\u00edt\u00e9s\u0171 orvosi tasak kivehet\u0151 bels\u0151 rendszerez\u0151vel, testreszabhat\u00f3s\u00e1g \u00e9rdek\u00e9ben.<\/p>\n","protected":false},"featured_media":153801,"template":"","meta":{"_acf_changed":false},"product_brand":[11131],"product_cat":[12934,12969],"product_tag":[],"class_list":{"0":"post-199054","1":"product","2":"type-product","3":"status-publish","4":"has-post-thumbnail","6":"product_brand-blue-force-gear","7":"product_cat-felszereles","8":"product_cat-orvosi","10":"first","11":"instock","12":"taxable","13":"shipping-taxable","14":"purchasable","15":"product-type-variable","16":"wvs-archive-product-wrapper"},"acf":[],"_links":{"self":[{"href":"https:\/\/staging.nbg.eu\/hu\/wp-json\/wp\/v2\/product\/199054","targetHints":{"allow":["GET"]}}],"collection":[{"href":"https:\/\/staging.nbg.eu\/hu\/wp-json\/wp\/v2\/product"}],"about":[{"href":"https:\/\/staging.nbg.eu\/hu\/wp-json\/wp\/v2\/types\/product"}],"wp:featuredmedia":[{"embeddable":true,"href":"https:\/\/staging.nbg.eu\/hu\/wp-json\/wp\/v2\/media\/153801"}],"wp:attachment":[{"href":"https:\/\/staging.nbg.eu\/hu\/wp-json\/wp\/v2\/media?parent=199054"}],"wp:term":[{"taxonomy":"product_brand","embeddable":true,"href":"https:\/\/staging.nbg.eu\/hu\/wp-json\/wp\/v2\/product_brand?post=199054"},{"taxonomy":"product_cat","embeddable":true,"href":"https:\/\/staging.nbg.eu\/hu\/wp-json\/wp\/v2\/product_cat?post=199054"},{"taxonomy":"product_tag","embeddable":true,"href":"https:\/\/staging.nbg.eu\/hu\/wp-json\/wp\/v2\/product_tag?post=199054"}],"curies":[{"name":"wp","href":"https:\/\/api.w.org\/{rel}","templated":true}]}}