{"id":198862,"date":"2024-09-02T10:35:09","date_gmt":"2025-02-11T09:18:23","guid":{"rendered":"https:\/\/staging.nbg.eu\/product\/badger-ordnance-low-profile-enhanced-bipod-kit-with-picatinny-mount\/"},"modified":"2025-02-11T09:20:13","modified_gmt":"2025-02-11T09:20:13","slug":"badger-ordnance-alacsony-profilu-tovabbfejlesztett-ketlab-keszlet-picatinny-roegzitessel","status":"publish","type":"product","link":"https:\/\/staging.nbg.eu\/hu\/termek\/badger-ordnance-alacsony-profilu-tovabbfejlesztett-ketlab-keszlet-picatinny-roegzitessel\/","title":{"rendered":"Badger Ordnance Alacsony Profil\u00fa Tov\u00e1bbfejlesztett K\u00e9tl\u00e1b K\u00e9szlet Picatinny R\u00f6gz\u00edt\u00e9ssel"},"content":{"rendered":"<div class=\"product-description\">\n<h2>BADGER ORDNANCE ALACSONY PROFIL\u00da TOV\u00c1BBFEJLESZTETT BIPOD K\u00c9SZLET PICATINNY R\u00d6GZ\u00cdT\u00c9SSEL<\/h2>\n<p>A Badger Ordnance Alacsony Profil\u00fa Tov\u00e1bbfejlesztett Bipod K\u00e9szlet prec\u00edzi\u00f3s l\u00f6v\u00e9szek sz\u00e1m\u00e1ra k\u00e9sz\u00fclt, akiknek stabilit\u00e1sra \u00e9s sokoldal\u00fas\u00e1gra van sz\u00fcks\u00e9g\u00fck a terepen.<\/p>\n<h2>F\u0151 jellemz\u0151k:<\/h2>\n<ul>\n<li>Speci\u00e1lisan m\u00f3dos\u00edtott Harris BRM-S 6&#8243;-9&#8243; bipod<\/li>\n<li>Tartalmaz LPHM Picatinny r\u00f6gz\u00edt\u0151t a k\u00f6nny\u0171 felszerel\u00e9shez<\/li>\n<li>A l\u00e1b hosszabb\u00edt\u00f3 gombok a bels\u0151 oldalra helyezve a v\u00e9letlen kiny\u00edl\u00e1s megakad\u00e1lyoz\u00e1s\u00e1ra<\/li>\n<li>Kett\u0151s funkci\u00f3: Haszn\u00e1lhat\u00f3 bipodk\u00e9nt vagy barik\u00e1d t\u00e1maszk\u00e9nt<\/li>\n<li>K\u00f6nny\u0171, mind\u00f6ssze 11,7 uncia (0,72 font)<\/li>\n<li>Az Egyes\u00fclt \u00c1llamokban gy\u00e1rtva<\/li>\n<li>Tart\u00f3s alum\u00ednium szerkezet<\/li>\n<li>Fekete vagy barna Vitruvian Assaulter kivitelben kaphat\u00f3<\/li>\n<li>Nem sz\u00fcks\u00e9ges FFL a v\u00e1s\u00e1rl\u00e1shoz<\/li>\n<\/ul>\n<p>Ez az alacsony profil\u00fa bipod k\u00e9szlet stabilit\u00e1st \u00e9s alkalmazkod\u00f3k\u00e9pess\u00e9get biztos\u00edt k\u00fcl\u00f6nb\u00f6z\u0151 l\u00f6v\u00e9szpoz\u00edci\u00f3khoz. A kialak\u00edt\u00e1s gyors telep\u00edt\u00e9st \u00e9s be\u00e1ll\u00edt\u00e1st tesz lehet\u0151v\u00e9, m\u00edg az \u00e1thelyezett l\u00e1b hosszabb\u00edt\u00f3 gombok megakad\u00e1lyozz\u00e1k a v\u00e9letlen kiny\u00edl\u00e1st barik\u00e1d t\u00e1maszk\u00e9nt val\u00f3 haszn\u00e1lat sor\u00e1n.<\/p>\n<p>Kiv\u00e1l\u00f3 min\u0151s\u00e9g\u0171 alum\u00edniumb\u00f3l k\u00e9sz\u00fclt, ez a bipod k\u00e9szlet \u00f6tv\u00f6zi az er\u0151t \u00e9s a k\u00f6nny\u0171 s\u00falyt, \u00edgy ide\u00e1lis v\u00e1laszt\u00e1s mind statikus, mind mobil l\u00f6v\u00e9szeti helyzetekhez. A mell\u00e9kelt Picatinny r\u00f6gz\u00edt\u0151 biztos\u00edtja a kompatibilit\u00e1st sz\u00e1mos l\u0151fegyverrel, kik\u00fcsz\u00f6b\u00f6lve a platformspecifikus tartoz\u00e9kok sz\u00fcks\u00e9gess\u00e9g\u00e9t.<\/p>\n<p>A Badger Ordnance Alacsony Profil\u00fa Tov\u00e1bbfejlesztett Bipod K\u00e9szlet stabilit\u00e1st \u00e9s sokoldal\u00fas\u00e1got biztos\u00edt versenyszer\u0171 l\u00f6v\u00e9szek, vad\u00e1szok \u00e9s taktikai szakemberek sz\u00e1m\u00e1ra egyar\u00e1nt.<\/p>\n<\/div>\n","protected":false},"excerpt":{"rendered":"<p>K\u00f6nny\u0171, alacsony profil\u00fa bipod k\u00e9szlet Picatinny r\u00f6gz\u00edt\u00e9ssel. 15-23 cm-es \u00e1ll\u00edthat\u00f3 l\u00e1bak, 332 gramm.<\/p>\n","protected":false},"featured_media":35269,"template":"","meta":{"_acf_changed":false},"product_brand":[11087],"product_cat":[12960,12916],"product_tag":[],"class_list":{"0":"post-198862","1":"product","2":"type-product","3":"status-publish","4":"has-post-thumbnail","6":"product_brand-badger-ordnance","7":"product_cat-ketlabuak","8":"product_cat-puska-tuning","10":"first","11":"instock","12":"taxable","13":"shipping-taxable","14":"purchasable","15":"product-type-simple"},"acf":[],"_links":{"self":[{"href":"https:\/\/staging.nbg.eu\/hu\/wp-json\/wp\/v2\/product\/198862","targetHints":{"allow":["GET"]}}],"collection":[{"href":"https:\/\/staging.nbg.eu\/hu\/wp-json\/wp\/v2\/product"}],"about":[{"href":"https:\/\/staging.nbg.eu\/hu\/wp-json\/wp\/v2\/types\/product"}],"wp:featuredmedia":[{"embeddable":true,"href":"https:\/\/staging.nbg.eu\/hu\/wp-json\/wp\/v2\/media\/35269"}],"wp:attachment":[{"href":"https:\/\/staging.nbg.eu\/hu\/wp-json\/wp\/v2\/media?parent=198862"}],"wp:term":[{"taxonomy":"product_brand","embeddable":true,"href":"https:\/\/staging.nbg.eu\/hu\/wp-json\/wp\/v2\/product_brand?post=198862"},{"taxonomy":"product_cat","embeddable":true,"href":"https:\/\/staging.nbg.eu\/hu\/wp-json\/wp\/v2\/product_cat?post=198862"},{"taxonomy":"product_tag","embeddable":true,"href":"https:\/\/staging.nbg.eu\/hu\/wp-json\/wp\/v2\/product_tag?post=198862"}],"curies":[{"name":"wp","href":"https:\/\/api.w.org\/{rel}","templated":true}]}}