{"id":190242,"date":"2024-09-17T20:00:20","date_gmt":"2024-09-17T20:00:20","guid":{"rendered":"https:\/\/staging.nbg.eu\/product\/holosun-aems-red\/"},"modified":"2025-02-04T15:32:59","modified_gmt":"2025-02-04T15:32:59","slug":"holosun-aems-piros","status":"publish","type":"product","link":"https:\/\/staging.nbg.eu\/hu\/termek\/holosun-aems-piros\/","title":{"rendered":"Holosun AEMS Piros"},"content":{"rendered":"<div class=\"product-description\">\n<h2>Holosun AEMS Red: Fejlett z\u00e1rt mikro ir\u00e1nyz\u00e9k<\/h2>\n<p>A Holosun AEMS-Red (Fejlett z\u00e1rt mikro ir\u00e1nyz\u00e9k) egy kompakt optikai ir\u00e1nyz\u00e9k. Az ir\u00e1nyz\u00e9k lencsefel\u00fclete 2x nagyobb, mint a standard 20 mm-es mikro st\u00edlus\u00fa ir\u00e1nyz\u00e9kok\u00e9, ami nagyobb l\u00e1t\u00f3mez\u0151t (FOV) biztos\u00edt.<\/p>\n<h2>F\u0151bb jellemz\u0151k:<\/h2>\n<ul>\n<li>Kompakt \u00e9s k\u00f6nny\u0171 kialak\u00edt\u00e1s nagy l\u00e1t\u00f3mez\u0151vel<\/li>\n<li>7075 T6 alum\u00ednium szerkezet<\/li>\n<li>1,63&#8243; pontmagass\u00e1g (als\u00f3 1\/3 egy\u00fcttl\u00e1t\u00e1s) Picatinny szerel\u00e9ket tartalmaz<\/li>\n<li>Lehajthat\u00f3 \u00fcveg lencsev\u00e9d\u0151k<\/li>\n<li>T\u00f6bbsz\u00f6r\u00f6s c\u00e9lkereszt rendszer (MRS) 2 MOA ponttal \u00e9s 65 MOA k\u00f6rrel<\/li>\n<li>Napelemes tartal\u00e9k \u00e9s Shake Awake technol\u00f3gia<\/li>\n<li>Oldals\u00f3 elemtart\u00f3 a k\u00f6nny\u0171 csere \u00e9rdek\u00e9ben<\/li>\n<li>Ak\u00e1r 50 000 \u00f3r\u00e1s akkumul\u00e1tor \u00e9lettartam CR2032 elemmel<\/li>\n<li>12 intenzit\u00e1s be\u00e1ll\u00edt\u00e1s, k\u00f6zt\u00fck 4 \u00e9jjell\u00e1t\u00f3 kompatibilis opci\u00f3<\/li>\n<\/ul>\n<h2>Fejlett technol\u00f3gi\u00e1k:<\/h2>\n<h3>Solar Failsafe\u2122<\/h3>\n<p>A Solar Failsafe technol\u00f3gia tartal\u00e9k energiaforr\u00e1st biztos\u00edt term\u00e9szetes vagy mesters\u00e9ges f\u00e9ny seg\u00edts\u00e9g\u00e9vel.<\/p>\n<h3>Shake Awake\u2122<\/h3>\n<p>A Shake Awake technol\u00f3gia kikapcsolja a LED-et, amikor nincs haszn\u00e1latban, \u00e9s azonnal \u00fajraaktiv\u00e1lja mozg\u00e1s \u00e9rz\u00e9kel\u00e9sekor.<\/p>\n<h3>T\u00f6bbsz\u00f6r\u00f6s c\u00e9lkereszt rendszer (MRS)<\/h3>\n<p>V\u00e1laszthat 2 MOA pont, 65 MOA k\u00f6r vagy ezek kombin\u00e1ci\u00f3ja k\u00f6z\u00f6tt.<\/p>\n<h3>Super LED<\/h3>\n<p>A Holosun Super LED technol\u00f3gi\u00e1ja hat\u00e9kony energiafelhaszn\u00e1l\u00e1st \u00e9s v\u00e1ltozatos f\u00e9nyer\u0151-be\u00e1ll\u00edt\u00e1sokat biztos\u00edt.<\/p>\n<h2>Specifik\u00e1ci\u00f3k:<\/h2>\n<ul>\n<li>Ablakm\u00e9ret: 1,1&#8243; x 0,87&#8243;<\/li>\n<li>M\u00e9retek: 2,2&#8243; x 1,54&#8243; x 1,7&#8243;<\/li>\n<li>S\u00faly: 3,9 oz<\/li>\n<li>Kattint\u00e1sonk\u00e9nti \u00e1ll\u00edt\u00e1s: 0,5 MOA<\/li>\n<li>Sz\u00e9lir\u00e1ny \u00e9s magass\u00e1g \u00e1ll\u00edt\u00e1si tartom\u00e1ny: \u00b150 MOA<\/li>\n<li>\u00dczemi h\u0151m\u00e9rs\u00e9klet: -30\u00b0C-t\u00f3l 60\u00b0C-ig<\/li>\n<li>V\u00edz\u00e1ll\u00f3s\u00e1gi besorol\u00e1s: IPX8<\/li>\n<li>Rezg\u00e9s\u00e1ll\u00f3s\u00e1g: 1000G<\/li>\n<\/ul>\n<p>A Holosun AEMS-Red fejlett funkci\u00f3kkal, strapab\u00edr\u00f3 kivitelez\u00e9ssel \u00e9s sokoldal\u00fa teljes\u00edtm\u00e9nnyel rendelkezik.<\/p>\n<\/div>\n","protected":false},"excerpt":{"rendered":"<p>Kompakt v\u00f6r\u00f6s pontos ir\u00e1nyz\u00e9k nagy l\u00e1t\u00f3mez\u0151vel, t\u00f6bbf\u00e9le c\u00e9lkereszt-rendszerrel \u00e9s mozg\u00e1s\u00e9rz\u00e9kel\u0151 funkci\u00f3val.<\/p>\n","protected":false},"featured_media":63818,"template":"","meta":{"_acf_changed":false},"product_brand":[11432],"product_cat":[12943,12944,12977],"product_tag":[],"class_list":{"0":"post-190242","1":"product","2":"type-product","3":"status-publish","4":"has-post-thumbnail","6":"product_brand-holosun","7":"product_cat-celzas","8":"product_cat-piros-pontok","9":"product_cat-puska-celpontok","11":"first","12":"outofstock","13":"taxable","14":"shipping-taxable","15":"purchasable","16":"product-type-simple"},"acf":[],"_links":{"self":[{"href":"https:\/\/staging.nbg.eu\/hu\/wp-json\/wp\/v2\/product\/190242","targetHints":{"allow":["GET"]}}],"collection":[{"href":"https:\/\/staging.nbg.eu\/hu\/wp-json\/wp\/v2\/product"}],"about":[{"href":"https:\/\/staging.nbg.eu\/hu\/wp-json\/wp\/v2\/types\/product"}],"wp:featuredmedia":[{"embeddable":true,"href":"https:\/\/staging.nbg.eu\/hu\/wp-json\/wp\/v2\/media\/63818"}],"wp:attachment":[{"href":"https:\/\/staging.nbg.eu\/hu\/wp-json\/wp\/v2\/media?parent=190242"}],"wp:term":[{"taxonomy":"product_brand","embeddable":true,"href":"https:\/\/staging.nbg.eu\/hu\/wp-json\/wp\/v2\/product_brand?post=190242"},{"taxonomy":"product_cat","embeddable":true,"href":"https:\/\/staging.nbg.eu\/hu\/wp-json\/wp\/v2\/product_cat?post=190242"},{"taxonomy":"product_tag","embeddable":true,"href":"https:\/\/staging.nbg.eu\/hu\/wp-json\/wp\/v2\/product_tag?post=190242"}],"curies":[{"name":"wp","href":"https:\/\/api.w.org\/{rel}","templated":true}]}}