{"id":190122,"date":"2024-09-18T17:53:25","date_gmt":"2024-09-18T17:53:25","guid":{"rendered":"https:\/\/staging.nbg.eu\/product\/holosun-he509t-rd-x2\/"},"modified":"2025-02-04T15:11:33","modified_gmt":"2025-02-04T15:11:33","slug":"holosun-he509t-rd-x2","status":"publish","type":"product","link":"https:\/\/staging.nbg.eu\/hu\/termek\/holosun-he509t-rd-x2\/","title":{"rendered":"Holosun HE509T-RD X2"},"content":{"rendered":"<h2>Holosun HE509T-RD X2: Z\u00e1rt LED ir\u00e1nyz\u00e9k<\/h2>\n<p>A Holosun HE509T-RD X2 egy z\u00e1rt LED ir\u00e1nyz\u00e9k, amelyet kifejezetten k\u00e9zifegyverekhez terveztek. Ez az optika egyes\u00edti a tart\u00f3ss\u00e1got, a sokoldal\u00fas\u00e1got \u00e9s az innovat\u00edv technol\u00f3gi\u00e1t.<\/p>\n<h2>F\u0151 jellemz\u0151k:<\/h2>\n<ul>\n<li>5-\u00f6s fokozat\u00fa tit\u00e1n h\u00e1z<\/li>\n<li>Nitrog\u00e9nnel t\u00f6lt\u00f6tt a p\u00e1ramentess\u00e9g \u00e9rdek\u00e9ben<\/li>\n<li>Super LED technol\u00f3gia ak\u00e1r 50 000 \u00f3r\u00e1s elem\u00e9lettartammal<\/li>\n<li>Multi-Reticle System (MRS) 2 MOA ponttal, 32 MOA k\u00f6rrel, vagy k\u00f6r-pont kombin\u00e1ci\u00f3val<\/li>\n<li>Solar Failsafe technol\u00f3gia tartal\u00e9k energiaforr\u00e1sk\u00e9nt<\/li>\n<li>Shake Awake technol\u00f3gia az elem\u00e9lettartam meghosszabb\u00edt\u00e1s\u00e1\u00e9rt<\/li>\n<li>12 f\u00e9nyer\u0151szint, bele\u00e9rtve 2 \u00e9jjell\u00e1t\u00f3 kompatibilis m\u00f3dot<\/li>\n<li>Jav\u00edtott \u00fcvegmin\u0151s\u00e9g az X2 verzi\u00f3ban<\/li>\n<li>Z\u00e1rol\u00e1si m\u00f3d a be\u00e1ll\u00edt\u00e1sok r\u00f6gz\u00edt\u00e9s\u00e9hez<\/li>\n<li>Tartoz\u00e9k adapter az RMR-st\u00edlus\u00fa r\u00f6gz\u00edt\u00e9shez<\/li>\n<\/ul>\n<h2>Fejlett technol\u00f3gi\u00e1k:<\/h2>\n<h3>Solar Failsafe\u2122<\/h3>\n<p>Ez a funkci\u00f3 tartal\u00e9k energiaforr\u00e1st biztos\u00edt term\u00e9szetes vagy mesters\u00e9ges f\u00e9ny seg\u00edts\u00e9g\u00e9vel. Automatikus m\u00f3dban a c\u00e9lkereszt intenzit\u00e1sa a k\u00f6rnyezeti f\u00e9nyviszonyokhoz igazodik.<\/p>\n<h3>Shake Awake\u2122<\/h3>\n<p>Ez a technol\u00f3gia kikapcsolja a LED-et, amikor nincs haszn\u00e1latban, \u00e9s azonnal \u00fajraaktiv\u00e1lja mozg\u00e1s \u00e9szlel\u00e9sekor. Az egy\u00e9ni be\u00e1ll\u00edt\u00e1sok optimaliz\u00e1lj\u00e1k az energiagazd\u00e1lkod\u00e1st.<\/p>\n<h3>Multiple Reticle System (MRS)<\/h3>\n<p>V\u00e1laszthat 2 MOA pont, 32 MOA k\u00f6r vagy k\u00f6r-pont kombin\u00e1ci\u00f3 k\u00f6z\u00f6tt.<\/p>\n<h3>Tit\u00e1n h\u00e1z<\/h3>\n<p>Az 5-\u00f6s fokozat\u00fa tit\u00e1n h\u00e1z er\u0151ss\u00e9get, tart\u00f3ss\u00e1got \u00e9s korr\u00f3zi\u00f3\u00e1ll\u00f3s\u00e1got biztos\u00edt.<\/p>\n<h3>T\u00f6bbr\u00e9teg\u0171 reflekt\u00edv \u00fcveg<\/h3>\n<p>A kiv\u00e1l\u00f3 min\u0151s\u00e9g\u0171 \u00fcveglencs\u00e9k fejlett t\u00f6bbr\u00e9teg\u0171 bevonattal rendelkeznek a maxim\u00e1lis f\u00e9ny\u00e1tereszt\u00e9s \u00e9s a cs\u00f6kkentett t\u00fckr\u00f6z\u0151d\u00e9s \u00e9rdek\u00e9ben.<\/p>\n<h2>M\u0171szaki adatok:<\/h2>\n<ul>\n<li>Ablakm\u00e9ret: 0,66&#8243; x 0,9&#8243;<\/li>\n<li>M\u00e9retek: 1,6&#8243; x 1,16&#8243; x 1,13&#8243;<\/li>\n<li>S\u00faly: 1,72 uncia<\/li>\n<li>H\u00e1z anyaga: 5-\u00f6s fokozat\u00fa tit\u00e1n<\/li>\n<li>\u00c1ll\u00edt\u00e1s kattan\u00e1sonk\u00e9nt: 1 MOA<\/li>\n<li>Oldalir\u00e1ny\u00fa \u00e9s magass\u00e1gi \u00e1ll\u00edt\u00e1si tartom\u00e1ny: \u00b130 MOA<\/li>\n<li>\u00dczemi h\u0151m\u00e9rs\u00e9klet: -30\u00b0C &#8211; 60\u00b0C<\/li>\n<li>T\u00e1rol\u00e1si h\u0151m\u00e9rs\u00e9klet: -40\u00b0C &#8211; 70\u00b0C<\/li>\n<li>V\u00edz\u00e1ll\u00f3s\u00e1g: IP67 min\u0151s\u00edt\u00e9s<\/li>\n<li>Rezg\u00e9s\u00e1ll\u00f3s\u00e1g: 5000G<\/li>\n<\/ul>\n<p>A Holosun HE509T-RD X2 egyes\u00edti a tart\u00f3ss\u00e1got, a fejlett technol\u00f3gi\u00e1t \u00e9s a prec\u00edz teljes\u00edtm\u00e9nyt egy kompakt csomagban.<\/p>\n","protected":false},"excerpt":{"rendered":"<p>Strapab\u00edr\u00f3 tit\u00e1nh\u00e1zas LED ir\u00e1nyz\u00e9k pisztolyokhoz. Napelemes, r\u00e1zk\u00f3d\u00e1sra \u00e9bred\u0151, t\u00f6bbf\u00e9le c\u00e9lz\u00f3ponttal.<\/p>\n","protected":false},"featured_media":64757,"template":"","meta":{"_acf_changed":false},"product_brand":[11432],"product_cat":[12943,12944,12924,12923],"product_tag":[],"class_list":{"0":"post-190122","1":"product","2":"type-product","3":"status-publish","4":"has-post-thumbnail","6":"product_brand-holosun","7":"product_cat-celzas","8":"product_cat-piros-pontok","9":"product_cat-pisztoly","10":"product_cat-pisztoly-pontok","12":"first","13":"outofstock","14":"taxable","15":"shipping-taxable","16":"purchasable","17":"product-type-simple"},"acf":[],"_links":{"self":[{"href":"https:\/\/staging.nbg.eu\/hu\/wp-json\/wp\/v2\/product\/190122","targetHints":{"allow":["GET"]}}],"collection":[{"href":"https:\/\/staging.nbg.eu\/hu\/wp-json\/wp\/v2\/product"}],"about":[{"href":"https:\/\/staging.nbg.eu\/hu\/wp-json\/wp\/v2\/types\/product"}],"wp:featuredmedia":[{"embeddable":true,"href":"https:\/\/staging.nbg.eu\/hu\/wp-json\/wp\/v2\/media\/64757"}],"wp:attachment":[{"href":"https:\/\/staging.nbg.eu\/hu\/wp-json\/wp\/v2\/media?parent=190122"}],"wp:term":[{"taxonomy":"product_brand","embeddable":true,"href":"https:\/\/staging.nbg.eu\/hu\/wp-json\/wp\/v2\/product_brand?post=190122"},{"taxonomy":"product_cat","embeddable":true,"href":"https:\/\/staging.nbg.eu\/hu\/wp-json\/wp\/v2\/product_cat?post=190122"},{"taxonomy":"product_tag","embeddable":true,"href":"https:\/\/staging.nbg.eu\/hu\/wp-json\/wp\/v2\/product_tag?post=190122"}],"curies":[{"name":"wp","href":"https:\/\/api.w.org\/{rel}","templated":true}]}}