{"id":181356,"date":"2024-04-19T07:15:03","date_gmt":"2025-01-30T06:23:16","guid":{"rendered":"https:\/\/staging.nbg.eu\/product\/blue-force-gear-burnsed-socket\/"},"modified":"2025-01-30T06:25:20","modified_gmt":"2025-01-30T06:25:20","slug":"blue-force-gear-burnsed-foglalat","status":"publish","type":"product","link":"https:\/\/staging.nbg.eu\/hu\/termek\/blue-force-gear-burnsed-foglalat\/","title":{"rendered":"Blue Force Gear Burnsed Foglalat"},"content":{"rendered":"<div class=\"col-md-6 col-sm-6 col-xs-12 content-section\">\n<div class=\"inner-content-section\">\n<div class=\"page-title-wrapper product\">\n<p class=\"page-title\" style=\"text-align: center\"><span style=\"color: #282828\"><strong><span class=\"base\" style=\"font-size: 170%\" data-ui-id=\"page-title-wrapper\">Burnsed Foglalat<\/span><\/strong><\/span><\/p>\n<\/div>\n<div class=\"col-md-6 col-sm-6 col-xs-12 content-section\">\n<div class=\"inner-content-section\">\n<div class=\"product attribute overview\">\n<div class=\"value\">\n<p><span style=\"font-size: 110%\"><span style=\"color: #282828\"><strong>A Burnsed Foglalat\u2122 a Blue Force Gear-t\u0151l<\/strong><\/span> &#8211; A Burnsed Foglalat egy \u00f6n\u00e1ll\u00f3 alkatr\u00e9sz, amely a Vickers Combat Applications Sling-et 2 pontosr\u00f3l 1 pontosra alak\u00edthat\u00f3 sz\u00edjj\u00e1 v\u00e1ltoztatja, ha nyom\u00f3gombos sz\u00edjforg\u00f3val vagy RED forg\u00f3val haszn\u00e1lj\u00e1k. A Burnsed Foglalat\u2122-ot 2005-ben tervezt\u00e9k a szabadalmaztatott SOC-C\u2122 Sz\u00edj kulcsfontoss\u00e1g\u00fa alkatr\u00e9szek\u00e9nt, amely lehet\u0151v\u00e9 teszi az 1, 2 \u00e9s 3 pontos \u00e1talak\u00edthat\u00f3 sz\u00edjat.<\/span><\/p>\n<p><span style=\"font-size: 110%\"><strong><span style=\"color: #282828\">Tegye sokoldal\u00fabb\u00e1 a sz\u00edj\u00e1t &#8211;<\/span> <\/strong>Egyszer\u0171en cs\u00fasztassa a Burnsed Foglalatot a sz\u00edj h\u00e1ts\u00f3 r\u00e9sz\u00e9re a h\u00e1ts\u00f3 fogad\u00f3 vagy a tipikus egypontos sz\u00edj helye fel\u00e9, majd vegye le az el\u00fcls\u0151 nyom\u00f3gombos forg\u00f3t a fegyver elej\u00e9r\u0151l, \u00e9s csatlakoztassa a Burnsed Foglalathoz.<\/span><br \/>\n<span style=\"font-size: 110%\">***A sz\u00edj nem tartoz\u00e9k. Csak 1 Burnsed Foglalat alkatr\u00e9szt tartalmaz***<\/span><\/p>\n<p><span style=\"font-size: 110%\"><strong>K\u00e9t hardver opci\u00f3<\/strong><\/span><\/p>\n<ul>\n<li><strong>Megmunk\u00e1lt alum\u00ednium<\/strong> &#8211; rendk\u00edv\u00fcl tart\u00f3s kapcsolat \u00e9rdek\u00e9ben, ez a mart Burnsed Foglalat kem\u00e9nyan\u00f3dozott matt feket\u00e9ben.<\/li>\n<li><strong>\u00d6nt\u00f6tt polimer<\/strong> &#8211; k\u00f6nny\u0171, egyszer\u0171 sz\u00edjcsatlakoz\u00e1si pont, fekete sz\u00ednben kaphat\u00f3.<\/li>\n<\/ul>\n<p><span style=\"font-size: 110%\"><span style=\"color: #282828\"><strong>K\u00e9sz\u00fclt az USA-ban<\/strong><\/span> &#8211; Mint minden Blue Force Gear term\u00e9k, kiv\u00e1l\u00f3 min\u0151s\u00e9gben k\u00e9sz\u00fcl az USA-ban, \u00e9s korl\u00e1tozott \u00e9lettartam-garanci\u00e1val rendelkezik.<\/span><\/p>\n<\/div>\n<\/div>\n<\/div>\n<\/div>\n<\/div>\n<\/div>\n<hr \/>\n<p style=\"text-align: center\"><span style=\"text-decoration: underline;font-size: 160%\"><strong>SPECIFIK\u00c1CI\u00d3K<\/strong><\/span><\/p>\n<hr \/>\n<table width=\"680\">\n<tbody>\n<tr>\n<td width=\"127\"><span style=\"color: #282828\"><strong><span style=\"font-size: 110%\">Jellemz\u0151k<\/span><\/strong><\/span><\/td>\n<td width=\"553\"><span style=\"font-size: 110%\">B\u00e1rmely nyom\u00f3gombos sz\u00edjforg\u00f3val vagy EDTM forg\u00f3val egy\u00fctt m\u0171k\u00f6dik 2 pontosr\u00f3l 1 pontosra alak\u00edthat\u00f3 sz\u00edjhoz (k\u00fcl\u00f6n kaphat\u00f3). Lehet\u0151v\u00e9 teszi a fegyver eg\u00e9sz napos hord\u00e1s\u00e1t 2 pontos m\u00f3dban a maxim\u00e1lis ir\u00e1ny\u00edt\u00e1s \u00e9s k\u00e9nyelem \u00e9rdek\u00e9ben, \u00e9s gyorsan \u00e1talak\u00edthat\u00f3 egypontos sz\u00edjj\u00e1 dinamikus k\u00f6rnyezetekhez.<\/span><\/td>\n<\/tr>\n<tr>\n<td><span style=\"color: #282828\"><strong><span style=\"font-size: 110%\">S\u00faly<\/span><\/strong><\/span><\/td>\n<td><span style=\"font-size: 110%\">13g<\/span><\/td>\n<\/tr>\n<tr>\n<td><span style=\"color: #282828\"><strong><span style=\"font-size: 110%\">M\u00e9ret<\/span><\/strong><\/span><\/td>\n<td width=\"553\"><span style=\"font-size: 110%\">0,75&#8243; x 1,5&#8243; x 0,5&#8243; &#8211; Illeszkedik b\u00e1rmely 1&#8243; vagy 1,25&#8243; sz\u00edj hevederhez (Victory SeriesTM Sling, Vickers Combat Applications SlingTM)<\/span><\/td>\n<\/tr>\n<tr>\n<td rowspan=\"2\"><span style=\"color: #282828\"><strong><span style=\"font-size: 110%\">Anyag(ok)<\/span><\/strong><\/span><\/td>\n<td><span style=\"font-size: 110%\">\u2022 Megmunk\u00e1lt alum\u00ednium<\/span><\/td>\n<\/tr>\n<tr>\n<td><span style=\"font-size: 110%\">\u2022 \u00d6nt\u00f6tt polimer<\/span><\/td>\n<\/tr>\n<tr>\n<td rowspan=\"2\"><span style=\"color: #282828\"><strong><span style=\"font-size: 110%\">Tov\u00e1bbi inform\u00e1ci\u00f3<\/span><\/strong><\/span><\/td>\n<td><span style=\"font-size: 110%\">\u00c1ltal\u00e1nos szab\u00e1lyk\u00e9nt kenje meg a nyom\u00f3gombos forg\u00f3kat \u00e9s a Burnsed<\/span><\/td>\n<\/tr>\n<tr>\n<td><span style=\"font-size: 110%\">Foglalatot minden alkalommal, amikor a fegyvert keni.<\/span><\/td>\n<\/tr>\n<\/tbody>\n<\/table>\n<p>&nbsp;<\/p>\n","protected":false},"excerpt":{"rendered":"<p><span style=\"font-size: 110%\"><strong>Tegye sokoldal\u00fabb\u00e1 a heveder\u00e9t<\/strong><\/span><\/p>\n","protected":false},"featured_media":163253,"template":"","meta":{"_acf_changed":false},"product_brand":[11131],"product_cat":[12934,12930],"product_tag":[],"class_list":{"0":"post-181356","1":"product","2":"type-product","3":"status-publish","4":"has-post-thumbnail","6":"product_brand-blue-force-gear","7":"product_cat-felszereles","8":"product_cat-hevederek","10":"first","11":"instock","12":"taxable","13":"shipping-taxable","14":"purchasable","15":"product-type-simple"},"acf":[],"_links":{"self":[{"href":"https:\/\/staging.nbg.eu\/hu\/wp-json\/wp\/v2\/product\/181356","targetHints":{"allow":["GET"]}}],"collection":[{"href":"https:\/\/staging.nbg.eu\/hu\/wp-json\/wp\/v2\/product"}],"about":[{"href":"https:\/\/staging.nbg.eu\/hu\/wp-json\/wp\/v2\/types\/product"}],"wp:featuredmedia":[{"embeddable":true,"href":"https:\/\/staging.nbg.eu\/hu\/wp-json\/wp\/v2\/media\/163253"}],"wp:attachment":[{"href":"https:\/\/staging.nbg.eu\/hu\/wp-json\/wp\/v2\/media?parent=181356"}],"wp:term":[{"taxonomy":"product_brand","embeddable":true,"href":"https:\/\/staging.nbg.eu\/hu\/wp-json\/wp\/v2\/product_brand?post=181356"},{"taxonomy":"product_cat","embeddable":true,"href":"https:\/\/staging.nbg.eu\/hu\/wp-json\/wp\/v2\/product_cat?post=181356"},{"taxonomy":"product_tag","embeddable":true,"href":"https:\/\/staging.nbg.eu\/hu\/wp-json\/wp\/v2\/product_tag?post=181356"}],"curies":[{"name":"wp","href":"https:\/\/api.w.org\/{rel}","templated":true}]}}