{"id":176736,"date":"2024-11-26T18:35:58","date_gmt":"2025-01-28T10:22:02","guid":{"rendered":"https:\/\/staging.nbg.eu\/product\/geissele-border-patrol-rifle-16-5-56mm-black\/"},"modified":"2025-01-28T10:23:56","modified_gmt":"2025-01-28T10:23:56","slug":"geissele-hatarorseg-puska-16-556mm-fekete","status":"publish","type":"product","link":"https:\/\/staging.nbg.eu\/hu\/termek\/geissele-hatarorseg-puska-16-556mm-fekete\/","title":{"rendered":"Geissele Hat\u00e1r\u0151rs\u00e9g Puska, 16&#8243;, 5.56MM &#8211; Fekete"},"content":{"rendered":"<h2>Geissele Hat\u00e1r\u0151r Puska, 16&#8243;, 5,56MM &#8211; Fekete<\/h2>\n<p>A Geissele Hat\u00e1r\u0151r Puska egy szolg\u00e1lati fegyver. Ez az AR-15 hossz\u00fa \u00e9vekig haszn\u00e1lhat\u00f3, alkalmas szakemberek \u00e9s hobbi l\u00f6v\u00e9szek sz\u00e1m\u00e1ra is.<\/p>\n<h2>F\u0151 jellemz\u0151k:<\/h2>\n<ul>\n<li>16,25&#8243; hidegen kov\u00e1csolt (CHF) cs\u0151, kr\u00f3mozott furattal<\/li>\n<li>1:7 huzagol\u00e1si ar\u00e1ny \u00e9s 5,56x45mm NATO kamra<\/li>\n<li>Geissele hossz\u00fas\u00e1g\u00fa g\u00e1zrendszer 17-4 rozsdamentes ac\u00e9l g\u00e1zblokkal<\/li>\n<li>14,6&#8243; MK 20 Super Modular s\u00edn M-Lok foglalatokkal<\/li>\n<li>Super Duty kov\u00e1csolt 7075 T6 alum\u00ednium fels\u0151 \u00e9s als\u00f3 tok<\/li>\n<li>Geissele Government felh\u00faz\u00f3kar k\u00e9tkezes haszn\u00e1latra<\/li>\n<li>H2 puffer \u00e9s fonott huzalos pufferrug\u00f3<\/li>\n<li>ALG Defense Advanced Combat Els\u00fct\u0151szerkezet (ACT) bevonattal<\/li>\n<\/ul>\n<h2>M\u0171szaki adatok:<\/h2>\n<ul>\n<li>Hossz: 82,55 cm (behajtva) &#8211; 91,44 cm (kih\u00fazva)<\/li>\n<li>S\u00faly: K\u00f6r\u00fclbel\u00fcl 2,99 kg<\/li>\n<li>Kaliber: 5,56MM<\/li>\n<li>Sz\u00edn: Fekete<\/li>\n<li>Z\u00e1rszerkezet: Mang\u00e1n foszf\u00e1t bevonat\u00fa Geissele BCG<\/li>\n<li>G\u00e1zny\u00edl\u00e1s m\u00e9rete: 1,905 mm<\/li>\n<li>Cs\u0151sz\u00e1jszerelv\u00e9ny: A2 L\u00e1ngrejt\u0151<\/li>\n<li>Tus: BCM Mod 0, Fekete<\/li>\n<li>Markolat: B5 markolat Geissele log\u00f3val<\/li>\n<\/ul>\n<p>A Hat\u00e1r\u0151r Puska k\u00f6nny\u0171 \u00e9s k\u00f6nnyen kezelhet\u0151, ugyanakkor strapab\u00edr\u00f3 \u00e9s megb\u00edzhat\u00f3. Minden alkatr\u00e9szt hossz\u00fa t\u00e1v\u00fa haszn\u00e1latra terveztek, neh\u00e9z k\u00f6r\u00fclm\u00e9nyek k\u00f6z\u00f6tt. A k\u00f6nny\u00edtett MK 20 Super Modular s\u00edn cs\u00f6kkenti a s\u00falyt \u00e9s stabil r\u00f6gz\u00edt\u00e9si fel\u00fcletet biztos\u00edt.<\/p>\n<p>A Geissele Government felh\u00faz\u00f3karral, Super 42 pufferrendszerrel \u00e9s ALG Advanced Combat els\u00fct\u0151szerkezettel ez a puska megb\u00edzhat\u00f3an teljes\u00edt. Rendv\u00e9delmi szakemberek \u00e9s civilek sz\u00e1m\u00e1ra egyar\u00e1nt alkalmas AR-15 t\u00edpus\u00fa fegyver.<\/p>\n","protected":false},"excerpt":{"rendered":"<p>Megb\u00edzhat\u00f3 16 h\u00fcvelykes 5,56 mm-es AR-15, kiv\u00e1l\u00f3 min\u0151s\u00e9g\u0171 funkci\u00f3kkal a hossz\u00fa t\u00e1v\u00fa szolg\u00e1lati haszn\u00e1latra.<\/p>\n","protected":false},"featured_media":81497,"template":"","meta":{"_acf_changed":false},"product_brand":[11393],"product_cat":[12964,12967],"product_tag":[],"class_list":{"0":"post-176736","1":"product","2":"type-product","3":"status-publish","4":"has-post-thumbnail","6":"product_brand-geissele","7":"product_cat-karabelyok","8":"product_cat-puska","10":"first","11":"instock","12":"taxable","13":"shipping-taxable","14":"product-type-simple"},"acf":[],"_links":{"self":[{"href":"https:\/\/staging.nbg.eu\/hu\/wp-json\/wp\/v2\/product\/176736","targetHints":{"allow":["GET"]}}],"collection":[{"href":"https:\/\/staging.nbg.eu\/hu\/wp-json\/wp\/v2\/product"}],"about":[{"href":"https:\/\/staging.nbg.eu\/hu\/wp-json\/wp\/v2\/types\/product"}],"wp:featuredmedia":[{"embeddable":true,"href":"https:\/\/staging.nbg.eu\/hu\/wp-json\/wp\/v2\/media\/81497"}],"wp:attachment":[{"href":"https:\/\/staging.nbg.eu\/hu\/wp-json\/wp\/v2\/media?parent=176736"}],"wp:term":[{"taxonomy":"product_brand","embeddable":true,"href":"https:\/\/staging.nbg.eu\/hu\/wp-json\/wp\/v2\/product_brand?post=176736"},{"taxonomy":"product_cat","embeddable":true,"href":"https:\/\/staging.nbg.eu\/hu\/wp-json\/wp\/v2\/product_cat?post=176736"},{"taxonomy":"product_tag","embeddable":true,"href":"https:\/\/staging.nbg.eu\/hu\/wp-json\/wp\/v2\/product_tag?post=176736"}],"curies":[{"name":"wp","href":"https:\/\/api.w.org\/{rel}","templated":true}]}}