{"id":173210,"date":"2024-11-06T20:28:36","date_gmt":"2024-11-06T20:28:36","guid":{"rendered":"https:\/\/staging.nbg.eu\/product\/vortex-optics-strike-eagle-se-31802-ffp-ebr-7c-mrad-3-18%d1%8544\/"},"modified":"2025-01-23T11:32:54","modified_gmt":"2025-01-23T11:32:54","slug":"vortex-optics-strike-eagle-se-31802-ffp-ebr-7c-mrad-3-18x44","status":"publish","type":"product","link":"https:\/\/staging.nbg.eu\/hu\/termek\/vortex-optics-strike-eagle-se-31802-ffp-ebr-7c-mrad-3-18x44\/","title":{"rendered":"Vortex Optics Strike Eagle &#8211; SE-31802 FFP EBR-7C MRAD 3-18&#215;44"},"content":{"rendered":"<div class=\"product-description\">\n<h2>Vortex Optics Strike Eagle &#8211; SE-31802 FFP EBR-7C MRAD 3-18\u044544<\/h2>\n<p>A Vortex Optics Strike Eagle 3-18&#215;44 FFP egy optikai eszk\u00f6z, amely k\u00f6z\u00e9pt\u00e1v\u00fa \u00e9s hossz\u00fa t\u00e1v\u00fa l\u00f6v\u00e9szethez haszn\u00e1lhat\u00f3. Ez az els\u0151 f\u00f3kuszs\u00edk\u00fa optika gyors be\u00e1ll\u00edt\u00e1sra alkalmas v\u00e1ltoz\u00f3 c\u00e9lpontok eset\u00e9n, \u00e9s haszn\u00e1lhat\u00f3 karab\u00e9lyokhoz vagy DMR pusk\u00e1khoz.<\/p>\n<h2>F\u0151 jellemz\u0151k:<\/h2>\n<ul>\n<li><strong>Els\u0151 f\u00f3kuszs\u00edk\u00fa c\u00e9lt\u00e1vcs\u0151:<\/strong> \u00c1lland\u00f3 sz\u00f6gt\u00e1vols\u00e1gokat tart fenn minden nagy\u00edt\u00e1sn\u00e1l.<\/li>\n<li><strong>XD optikai rendszer:<\/strong> Extra alacsony sz\u00f3r\u00e1s\u00fa \u00fcveg a jobb felbont\u00e1s\u00e9rt \u00e9s sz\u00ednh\u0171s\u00e9g\u00e9rt.<\/li>\n<li><strong>Megvil\u00e1g\u00edtott c\u00e9lt\u00e1vcs\u0151:<\/strong> Pontos c\u00e9lz\u00e1st biztos\u00edt gyenge f\u00e9nyviszonyok mellett.<\/li>\n<li><strong>RevStop\u2122 Zero rendszer:<\/strong> Szabadalmaztatott szersz\u00e1m n\u00e9lk\u00fcli null\u00e1z\u00f3 rendszer.<\/li>\n<li><strong>\u00dcvegre mart c\u00e9lt\u00e1vcs\u0151:<\/strong> Lehet\u0151v\u00e9 teszi a bonyolult kialak\u00edt\u00e1st \u00e9s maxim\u00e1lis tart\u00f3ss\u00e1got.<\/li>\n<li><strong>Teljesen t\u00f6bbr\u00e9teg\u0171 lencs\u00e9k:<\/strong> N\u00f6veli a f\u00e9ny\u00e1tereszt\u00e9st a jobb tisztas\u00e1g \u00e9s gyenge f\u00e9nyviszonyok mellett.<\/li>\n<\/ul>\n<h2>Fel\u00e9p\u00edt\u00e9s \u00e9s tart\u00f3ss\u00e1g:<\/h2>\n<ul>\n<li><strong>ArmorTek\u00ae:<\/strong> Rendk\u00edv\u00fcl kem\u00e9ny, karc\u00e1ll\u00f3 lencse bevonat.<\/li>\n<li><strong>Egyr\u00e9szes tubus:<\/strong> Jav\u00edtja a pontoss\u00e1got, er\u0151ss\u00e9get \u00e9s v\u00edz\u00e1ll\u00f3s\u00e1got.<\/li>\n<li><strong>Rep\u00fcl\u0151g\u00e9p-min\u0151s\u00e9g\u0171 alum\u00ednium:<\/strong> Er\u0151ss\u00e9get \u00e9s merevs\u00e9get biztos\u00edt.<\/li>\n<li><strong>Alacsony f\u00e9nyvisszaver\u0151 matt fekete elox\u00e1l\u00e1s:<\/strong> Korr\u00f3zi\u00f3\u00e1ll\u00f3 \u00e9s seg\u00edt \u00e1lc\u00e1zni a l\u00f6v\u00e9sz helyzet\u00e9t.<\/li>\n<li><strong>Nitrog\u00e9nnel t\u00f6lt\u00f6tt:<\/strong> P\u00e1r\u00e1sod\u00e1smentes \u00e9s v\u00edz\u00e1ll\u00f3 minden k\u00f6r\u00fclm\u00e9ny k\u00f6z\u00f6tt.<\/li>\n<li><strong>\u00dct\u00e9s\u00e1ll\u00f3:<\/strong> Magas visszar\u00fag\u00e1s \u00e9s \u00fct\u00e9s elvisel\u00e9s\u00e9re tervezve.<\/li>\n<\/ul>\n<h2>Optikai specifik\u00e1ci\u00f3k:<\/h2>\n<ul>\n<li>Nagy\u00edt\u00e1s: 3-18x<\/li>\n<li>Objekt\u00edv \u00e1tm\u00e9r\u0151: 44 mm<\/li>\n<li>Szemt\u00e1vols\u00e1g: 3,8&#8243;<\/li>\n<li>L\u00e1t\u00f3mez\u0151: 39,3&#8242; &#8211; 6,7&#8242; 100 yardn\u00e1l<\/li>\n<li>Tubus m\u00e9ret: 34 mm<\/li>\n<li>Parallaxis be\u00e1ll\u00edt\u00e1s: 10 yard &#8211; \u221e<\/li>\n<\/ul>\n<h2>Be\u00e1ll\u00edt\u00e1si jellemz\u0151k:<\/h2>\n<ul>\n<li>Torony st\u00edlus: Nyitott magass\u00e1g, fedett oldal\u00e1ll\u00edt\u00e1s<\/li>\n<li>Be\u00e1ll\u00edt\u00e1si fokozat: 1 MRAD<\/li>\n<li>Elfordul\u00e1s per fordulatsz\u00e1m: 10 MRAD<\/li>\n<li>Maxim\u00e1lis magass\u00e1g\u00e1ll\u00edt\u00e1s: 45 MRAD<\/li>\n<li>Maxim\u00e1lis oldal\u00e1ll\u00edt\u00e1s: 18 MRAD<\/li>\n<\/ul>\n<h2>EBR-7C (MRAD) c\u00e9lt\u00e1vcs\u0151:<\/h2>\n<p>Az EBR-7C c\u00e9lt\u00e1vcs\u0151 nagy t\u00e1vols\u00e1g\u00fa l\u00f6v\u00e9szetre \u00e9s t\u00e1vols\u00e1gm\u00e9r\u00e9sre k\u00e9sz\u00fclt. Jellemz\u0151i:<\/p>\n<ul>\n<li>Nagy pontoss\u00e1g\u00fa l\u00e9zeres mar\u00e1s<\/li>\n<li>Finom k\u00f6z\u00e9ps\u0151 sz\u00e1lkereszt<\/li>\n<li>Sz\u00e9lir\u00e1ny referenciapontok a lees\u00e9si vonalakon<\/li>\n<\/ul>\n<h2><\/h2>\n<\/div>\n","protected":false},"excerpt":{"rendered":"<p>Sokoldal\u00fa 3-18&#215;44-es FFP t\u00e1vcs\u0151 EBR-7C MRAD ir\u00e1nyz\u00e9kkal. Tiszta optika, strapab\u00edr\u00f3 kivitel, gyors \u00e1ll\u00edt\u00e1si lehet\u0151s\u00e9gek.<\/p>\n","protected":false},"featured_media":78038,"template":"","meta":{"_acf_changed":false},"product_brand":[11963],"product_cat":[12943,12911],"product_tag":[],"class_list":{"0":"post-173210","1":"product","2":"type-product","3":"status-publish","4":"has-post-thumbnail","6":"product_brand-vortex","7":"product_cat-celzas","8":"product_cat-nagyitos-optikak","10":"first","11":"outofstock","12":"taxable","13":"shipping-taxable","14":"purchasable","15":"product-type-simple"},"acf":[],"_links":{"self":[{"href":"https:\/\/staging.nbg.eu\/hu\/wp-json\/wp\/v2\/product\/173210","targetHints":{"allow":["GET"]}}],"collection":[{"href":"https:\/\/staging.nbg.eu\/hu\/wp-json\/wp\/v2\/product"}],"about":[{"href":"https:\/\/staging.nbg.eu\/hu\/wp-json\/wp\/v2\/types\/product"}],"wp:featuredmedia":[{"embeddable":true,"href":"https:\/\/staging.nbg.eu\/hu\/wp-json\/wp\/v2\/media\/78038"}],"wp:attachment":[{"href":"https:\/\/staging.nbg.eu\/hu\/wp-json\/wp\/v2\/media?parent=173210"}],"wp:term":[{"taxonomy":"product_brand","embeddable":true,"href":"https:\/\/staging.nbg.eu\/hu\/wp-json\/wp\/v2\/product_brand?post=173210"},{"taxonomy":"product_cat","embeddable":true,"href":"https:\/\/staging.nbg.eu\/hu\/wp-json\/wp\/v2\/product_cat?post=173210"},{"taxonomy":"product_tag","embeddable":true,"href":"https:\/\/staging.nbg.eu\/hu\/wp-json\/wp\/v2\/product_tag?post=173210"}],"curies":[{"name":"wp","href":"https:\/\/api.w.org\/{rel}","templated":true}]}}