{"id":173071,"date":"2024-08-16T19:55:05","date_gmt":"2025-01-23T11:17:01","guid":{"rendered":"https:\/\/staging.nbg.eu\/product\/barwarus-bw-t4-handguards-with-m-lok\/"},"modified":"2025-01-23T11:18:29","modified_gmt":"2025-01-23T11:18:29","slug":"barwarus-bw-t4-eloagy-m-lok-kal","status":"publish","type":"product","link":"https:\/\/staging.nbg.eu\/hu\/termek\/barwarus-bw-t4-eloagy-m-lok-kal\/","title":{"rendered":"Barwarus BW-T4 El\u0151agy M-Lok-kal"},"content":{"rendered":"<div class=\"product-description\">\n<h2>Barwarus BW-T4 El\u0151agy M-Lok rendszerrel<\/h2>\n<p>AK t\u00edpus\u00fa pusk\u00e1k fejleszt\u00e9se BW-T4 el\u0151agy k\u00e9szlettel. Hossz\u00fa cs\u00f6v\u0171 AK-khoz (16&#8243;) tervezve, ez a rendszer lehet\u0151v\u00e9 teszi M-LOK kieg\u00e9sz\u00edt\u0151k haszn\u00e1lat\u00e1t.<\/p>\n<ul>\n<li>Kompatibilis k\u00fcl\u00f6nb\u00f6z\u0151 AK modellekkel (AKUSA 100 sorozat, AK-74, Saiga, Vepr, \u00e9s m\u00e1sok)<\/li>\n<li>6082-T6 \u00f6tv\u00f6zetb\u0151l k\u00e9sz\u00fclt<\/li>\n<li>Fekete Cerakote bevonat a tart\u00f3ss\u00e1g\u00e9rt<\/li>\n<li>Be\u00e9p\u00edtett M-LOK r\u00e9sek minden oldalon<\/li>\n<li>Jav\u00edtja a cs\u0151 h\u0171t\u00e9s\u00e9t \u00e9s a h\u0151elvezet\u00e9st<\/li>\n<li>K\u00f6nny\u0171 kialak\u00edt\u00e1s<\/li>\n<li>M\u0171k\u00f6d\u0151k\u00e9pes sz\u00e9ls\u0151s\u00e9ges h\u0151m\u00e9rs\u00e9kleteken (-50\u00b0C \u00e9s +50\u00b0C k\u00f6z\u00f6tt)<\/li>\n<\/ul>\n<p>A Barwarus BW-T4 El\u0151agy testreszab\u00e1st, jobb h\u0151kezel\u00e9st \u00e9s tart\u00f3ss\u00e1got biztos\u00edt.<\/p>\n<\/div>\n","protected":false},"excerpt":{"rendered":"<p>Barwarus BW-T4 el\u0151agy: M-Lok kompatibilis, AK fejleszt\u00e9s a jobb h\u0171t\u00e9s \u00e9s kieg\u00e9sz\u00edt\u0151k r\u00f6gz\u00edt\u00e9se \u00e9rdek\u00e9ben.<\/p>\n","protected":false},"featured_media":23618,"template":"","meta":{"_acf_changed":false},"product_brand":[],"product_cat":[12901,12916,12915],"product_tag":[],"class_list":{"0":"post-173071","1":"product","2":"type-product","3":"status-publish","4":"has-post-thumbnail","6":"product_cat-ak-tuning","7":"product_cat-puska-tuning","8":"product_cat-sinek","10":"first","11":"instock","12":"taxable","13":"shipping-taxable","14":"product-type-variable","15":"wvs-archive-product-wrapper"},"acf":[],"_links":{"self":[{"href":"https:\/\/staging.nbg.eu\/hu\/wp-json\/wp\/v2\/product\/173071","targetHints":{"allow":["GET"]}}],"collection":[{"href":"https:\/\/staging.nbg.eu\/hu\/wp-json\/wp\/v2\/product"}],"about":[{"href":"https:\/\/staging.nbg.eu\/hu\/wp-json\/wp\/v2\/types\/product"}],"wp:featuredmedia":[{"embeddable":true,"href":"https:\/\/staging.nbg.eu\/hu\/wp-json\/wp\/v2\/media\/23618"}],"wp:attachment":[{"href":"https:\/\/staging.nbg.eu\/hu\/wp-json\/wp\/v2\/media?parent=173071"}],"wp:term":[{"taxonomy":"product_brand","embeddable":true,"href":"https:\/\/staging.nbg.eu\/hu\/wp-json\/wp\/v2\/product_brand?post=173071"},{"taxonomy":"product_cat","embeddable":true,"href":"https:\/\/staging.nbg.eu\/hu\/wp-json\/wp\/v2\/product_cat?post=173071"},{"taxonomy":"product_tag","embeddable":true,"href":"https:\/\/staging.nbg.eu\/hu\/wp-json\/wp\/v2\/product_tag?post=173071"}],"curies":[{"name":"wp","href":"https:\/\/api.w.org\/{rel}","templated":true}]}}