{"id":172232,"date":"2024-08-16T20:00:59","date_gmt":"2025-01-22T17:56:18","guid":{"rendered":"https:\/\/staging.nbg.eu\/product\/barwarus-rail-set-bw-t4-bw-t33\/"},"modified":"2025-01-22T17:57:50","modified_gmt":"2025-01-22T17:57:50","slug":"barwarus-sin-keszlet-bw-t4-bw-t33","status":"publish","type":"product","link":"https:\/\/staging.nbg.eu\/hu\/termek\/barwarus-sin-keszlet-bw-t4-bw-t33\/","title":{"rendered":"BARWARUS S\u00cdN K\u00c9SZLET (BW-T4 &#038; BW-T33)"},"content":{"rendered":"<div class=\"product-description\">\n<h2>BARWARUS S\u00cdNRENDSZER (BW-T4 \u00e9s BW-T33)<\/h2>\n<p>A BARWARUS S\u00cdNRENDSZER tartalmazza a BW-T33 fed\u00e9l Picatinny s\u00ednt \u00e9s a BW-T4 el\u0151agyat AK-platform\u00fa pusk\u00e1khoz.<\/p>\n<h2>BW-T4 El\u0151agy<\/h2>\n<ul>\n<li>Helyettes\u00edti a standard el\u0151agyat 16&#8243;-os cs\u00f6v\u0171 AK-platform\u00fa pusk\u00e1kon<\/li>\n<li>MLOK r\u00f6gz\u00edt\u00e9si pontokkal rendelkezik tartoz\u00e9kok sz\u00e1m\u00e1ra<\/li>\n<li>Kompatibilis k\u00fcl\u00f6nb\u00f6z\u0151 AK modellekkel, bele\u00e9rtve AKUSA 100 SOROZAT, KM, AKMS, AK-74 \u00e9s m\u00e1sok<\/li>\n<li>6082-T6 \u00f6tv\u00f6zetb\u0151l k\u00e9sz\u00fclt, fekete Cerakote bevonattal<\/li>\n<li>Jav\u00edtja a cs\u0151 h\u0171t\u00e9s\u00e9t \u00e9s hosszabb haszn\u00e1latot tesz lehet\u0151v\u00e9<\/li>\n<li>M\u0171k\u00f6d\u00e9si h\u0151m\u00e9rs\u00e9klet: -50\u00b0C-t\u00f3l +50\u00b0C-ig<\/li>\n<\/ul>\n<h2>BW-T33 Porv\u00e9d\u0151<\/h2>\n<ul>\n<li>Be\u00e9p\u00edtett Picatinny s\u00edn ir\u00e1nyz\u00e9kok r\u00f6gz\u00edt\u00e9s\u00e9hez<\/li>\n<li>Biztos\u00edtja a tal\u00e1lati pont stabilit\u00e1s\u00e1t ism\u00e9telt nyit\u00e1s \u00e9s z\u00e1r\u00e1s eset\u00e9n<\/li>\n<li>7075 T6 alum\u00ednium \u00f6tv\u00f6zetb\u0151l marva<\/li>\n<li>170mm \u00b15mm Picatinny s\u00edn hossz\u00fas\u00e1g<\/li>\n<li>\u00d6t csavarral r\u00f6gz\u00edthet\u0151 a stabilit\u00e1s \u00e9rdek\u00e9ben<\/li>\n<li>S\u00faly: 1559 g \u00b1 0,85 g<\/li>\n<li>Teljes m\u00e9ret: 551 mm \u00b1 12,7 mm<\/li>\n<\/ul>\n<p>A BARWARUS S\u00cdNRENDSZER egyes\u00edti az er\u0151t, funkcionalit\u00e1st \u00e9s sokoldal\u00fas\u00e1got az AK-platform\u00fa pusk\u00e1k sz\u00e1m\u00e1ra. MLOK kompatibilit\u00e1ssal \u00e9s be\u00e9p\u00edtett Picatinny s\u00ednnel rendelkezik.<\/p>\n<p><strong>Megjegyz\u00e9s:<\/strong> A felszerel\u00e9shez csiszol\u00e1s sz\u00fcks\u00e9ges lehet, mivel nem minden gy\u00e1rt\u00f3 k\u00f6veti az eredeti orosz Kalasnyikov diz\u00e1jnt. Aj\u00e1nlott nyomat\u00e9k a felszerel\u00e9shez: \u2264 11,3 kg.<\/p>\n<\/div>\n","protected":false},"excerpt":{"rendered":"<p>Modul\u00e1ris AK s\u00ednrendszer MLOK \u00e9s Picatinny kompatibilit\u00e1ssal.<\/p>\n","protected":false},"featured_media":280597,"template":"","meta":{"_acf_changed":false},"product_brand":[],"product_cat":[12901,12916,12915],"product_tag":[],"class_list":{"0":"post-172232","1":"product","2":"type-product","3":"status-publish","4":"has-post-thumbnail","6":"product_cat-ak-tuning","7":"product_cat-puska-tuning","8":"product_cat-sinek","10":"first","11":"instock","12":"taxable","13":"shipping-taxable","14":"product-type-variable","15":"wvs-archive-product-wrapper"},"acf":[],"_links":{"self":[{"href":"https:\/\/staging.nbg.eu\/hu\/wp-json\/wp\/v2\/product\/172232","targetHints":{"allow":["GET"]}}],"collection":[{"href":"https:\/\/staging.nbg.eu\/hu\/wp-json\/wp\/v2\/product"}],"about":[{"href":"https:\/\/staging.nbg.eu\/hu\/wp-json\/wp\/v2\/types\/product"}],"wp:featuredmedia":[{"embeddable":true,"href":"https:\/\/staging.nbg.eu\/hu\/wp-json\/wp\/v2\/media\/280597"}],"wp:attachment":[{"href":"https:\/\/staging.nbg.eu\/hu\/wp-json\/wp\/v2\/media?parent=172232"}],"wp:term":[{"taxonomy":"product_brand","embeddable":true,"href":"https:\/\/staging.nbg.eu\/hu\/wp-json\/wp\/v2\/product_brand?post=172232"},{"taxonomy":"product_cat","embeddable":true,"href":"https:\/\/staging.nbg.eu\/hu\/wp-json\/wp\/v2\/product_cat?post=172232"},{"taxonomy":"product_tag","embeddable":true,"href":"https:\/\/staging.nbg.eu\/hu\/wp-json\/wp\/v2\/product_tag?post=172232"}],"curies":[{"name":"wp","href":"https:\/\/api.w.org\/{rel}","templated":true}]}}