{"id":171494,"date":"2024-08-16T19:44:20","date_gmt":"2025-01-21T16:25:08","guid":{"rendered":"https:\/\/staging.nbg.eu\/product\/barwarus-bw-t33-picatinny-rail-cover\/"},"modified":"2025-01-21T16:27:16","modified_gmt":"2025-01-21T16:27:16","slug":"barwarus-bw-t33-picatinny-sin-vedo","status":"publish","type":"product","link":"https:\/\/staging.nbg.eu\/hu\/termek\/barwarus-bw-t33-picatinny-sin-vedo\/","title":{"rendered":"Barwarus BW-T33 Picatinny s\u00edn v\u00e9d\u0151"},"content":{"rendered":"<div class=\"product-description\">\n<h2>Barwarus BW-T33 Picatinny S\u00ednfed\u00e9l<\/h2>\n<p>AK-t\u00edpus\u00fa puska fejleszt\u00e9se Barwarus BW-T33 porv\u00e9d\u0151vel, be\u00e9p\u00edtett Picatinny s\u00ednnel. Kalasnyikov-alap\u00fa sportpusk\u00e1kkal \u00e9s karab\u00e9lyokkal kompatibilis, k\u00fcl\u00f6nb\u00f6z\u0151 c\u00e9lz\u00f3eszk\u00f6z\u00f6k egyszer\u0171 felszerel\u00e9s\u00e9t teszi lehet\u0151v\u00e9.<\/p>\n<ul>\n<li>7075 T6 alum\u00ednium\u00f6tv\u00f6zetb\u0151l marva<\/li>\n<li>170mm \u00b15mm Picatinny s\u00edn hossz\u00fas\u00e1g<\/li>\n<li>Megtartja a null\u00e1z\u00e1st ism\u00e9telt nyit\u00e1s\/z\u00e1r\u00e1s eset\u00e9n<\/li>\n<li>\u00d6t csavarral biztons\u00e1gosan r\u00f6gz\u00edthet\u0151<\/li>\n<li>S\u00faly: 55 oz \u00b10,03 oz<\/li>\n<li>M\u00e9retek: 21,7&#8243; \u00b10,5&#8243;<\/li>\n<li>\u00dczemi h\u0151m\u00e9rs\u00e9klet: -50\u00b0C-t\u00f3l +50\u00b0C-ig<\/li>\n<\/ul>\n<p>Megjegyz\u00e9s: Maxim\u00e1lis nyomat\u00e9k 25 font. Esetenk\u00e9nt reszel\u00e9s sz\u00fcks\u00e9ges lehet.<\/p>\n<\/div>\n","protected":false},"excerpt":{"rendered":"<p>Tart\u00f3s AK Picatinny s\u00edntakar\u00f3. Optik\u00e1kat r\u00f6gz\u00edt, meg\u0151rzi a null\u00e1z\u00e1st.<\/p>\n","protected":false},"featured_media":23457,"template":"","meta":{"_acf_changed":false},"product_brand":[],"product_cat":[12901,12916,12915],"product_tag":[],"class_list":{"0":"post-171494","1":"product","2":"type-product","3":"status-publish","4":"has-post-thumbnail","6":"product_cat-ak-tuning","7":"product_cat-puska-tuning","8":"product_cat-sinek","10":"first","11":"instock","12":"taxable","13":"shipping-taxable","14":"product-type-variable","15":"wvs-archive-product-wrapper"},"acf":[],"_links":{"self":[{"href":"https:\/\/staging.nbg.eu\/hu\/wp-json\/wp\/v2\/product\/171494","targetHints":{"allow":["GET"]}}],"collection":[{"href":"https:\/\/staging.nbg.eu\/hu\/wp-json\/wp\/v2\/product"}],"about":[{"href":"https:\/\/staging.nbg.eu\/hu\/wp-json\/wp\/v2\/types\/product"}],"wp:featuredmedia":[{"embeddable":true,"href":"https:\/\/staging.nbg.eu\/hu\/wp-json\/wp\/v2\/media\/23457"}],"wp:attachment":[{"href":"https:\/\/staging.nbg.eu\/hu\/wp-json\/wp\/v2\/media?parent=171494"}],"wp:term":[{"taxonomy":"product_brand","embeddable":true,"href":"https:\/\/staging.nbg.eu\/hu\/wp-json\/wp\/v2\/product_brand?post=171494"},{"taxonomy":"product_cat","embeddable":true,"href":"https:\/\/staging.nbg.eu\/hu\/wp-json\/wp\/v2\/product_cat?post=171494"},{"taxonomy":"product_tag","embeddable":true,"href":"https:\/\/staging.nbg.eu\/hu\/wp-json\/wp\/v2\/product_tag?post=171494"}],"curies":[{"name":"wp","href":"https:\/\/api.w.org\/{rel}","templated":true}]}}