{"id":170981,"date":"2024-08-16T20:04:24","date_gmt":"2025-01-21T10:26:06","guid":{"rendered":"https:\/\/staging.nbg.eu\/product\/barwarus-alpha-1-set-bw-t33-alpha-1\/"},"modified":"2025-01-21T10:28:16","modified_gmt":"2025-01-21T10:28:16","slug":"barwarus-alpha-1-keszlet-bw-t33-alpha-1","status":"publish","type":"product","link":"https:\/\/staging.nbg.eu\/hu\/termek\/barwarus-alpha-1-keszlet-bw-t33-alpha-1\/","title":{"rendered":"Barwarus ALPHA-1 K\u00c9SZLET (BW-T33 &#038; ALPHA-1)"},"content":{"rendered":"<div class=\"product-description\">\n<h2>Barwarus ALPHA-1 K\u00c9SZLET (BW-T33 \u00e9s ALPHA-1)<\/h2>\n<p>A Barwarus ALPHA-1 K\u00c9SZLET tartalmazza az ALPHA-1 el\u0151agyat \u00e9s a BW-T33 porv\u00e9d\u0151t. A k\u00e9szlet tartalma:<\/p>\n<ul>\n<li>ALPHA-1 R\u00f6vid Quad Picatinny el\u0151agy (Fels\u0151 \u00e9s Als\u00f3)<\/li>\n<li>BW-T33 porv\u00e9d\u0151 be\u00e9p\u00edtett Picatinny s\u00ednnel<\/li>\n<\/ul>\n<p>Az ALPHA-1 el\u0151agy 6082-T6 alum\u00edniumb\u00f3l k\u00e9sz\u00fcl, Cerakote bevonattal. Kompatibilis a pr\u00e9selt tokos AK modellekkel, bele\u00e9rtve az AK 103, 104, 105, 74S, 74M, AKM, AKMS \u00e9s Saiga t\u00edpusokat.<\/p>\n<p>A BW-T33 porv\u00e9d\u0151 7075 T6 alum\u00ednium \u00f6tv\u00f6zetb\u0151l k\u00e9sz\u00fcl, stabil platformot biztos\u00edt az optik\u00e1knak an\u00e9lk\u00fcl, hogy zavarn\u00e1 a mechanikus ir\u00e1nyz\u00e9kot. A Barwarus ALPHA-1 K\u00c9SZLET pontos \u00e9s sokoldal\u00fa haszn\u00e1latot tesz lehet\u0151v\u00e9.<\/p>\n<\/div>\n","protected":false},"excerpt":{"rendered":"<p>Pr\u00e9mium AK fejleszt\u00e9s: N\u00e9gyrudas el\u0151agy \u00e9s porsz\u00f3r\u00f3 fed\u00e9l s\u00ednnel<\/p>\n","protected":false},"featured_media":280689,"template":"","meta":{"_acf_changed":false},"product_brand":[11104],"product_cat":[12901,12916,12915],"product_tag":[],"class_list":{"0":"post-170981","1":"product","2":"type-product","3":"status-publish","4":"has-post-thumbnail","6":"product_brand-barwarus","7":"product_cat-ak-tuning","8":"product_cat-puska-tuning","9":"product_cat-sinek","11":"first","12":"instock","13":"taxable","14":"shipping-taxable","15":"product-type-variable","16":"wvs-archive-product-wrapper"},"acf":[],"_links":{"self":[{"href":"https:\/\/staging.nbg.eu\/hu\/wp-json\/wp\/v2\/product\/170981","targetHints":{"allow":["GET"]}}],"collection":[{"href":"https:\/\/staging.nbg.eu\/hu\/wp-json\/wp\/v2\/product"}],"about":[{"href":"https:\/\/staging.nbg.eu\/hu\/wp-json\/wp\/v2\/types\/product"}],"wp:featuredmedia":[{"embeddable":true,"href":"https:\/\/staging.nbg.eu\/hu\/wp-json\/wp\/v2\/media\/280689"}],"wp:attachment":[{"href":"https:\/\/staging.nbg.eu\/hu\/wp-json\/wp\/v2\/media?parent=170981"}],"wp:term":[{"taxonomy":"product_brand","embeddable":true,"href":"https:\/\/staging.nbg.eu\/hu\/wp-json\/wp\/v2\/product_brand?post=170981"},{"taxonomy":"product_cat","embeddable":true,"href":"https:\/\/staging.nbg.eu\/hu\/wp-json\/wp\/v2\/product_cat?post=170981"},{"taxonomy":"product_tag","embeddable":true,"href":"https:\/\/staging.nbg.eu\/hu\/wp-json\/wp\/v2\/product_tag?post=170981"}],"curies":[{"name":"wp","href":"https:\/\/api.w.org\/{rel}","templated":true}]}}