{"id":148531,"date":"2024-11-26T18:52:22","date_gmt":"2024-11-26T18:52:22","guid":{"rendered":"https:\/\/staging.nbg.eu\/product\/geissele-15-round-6mm-arc-magazine-black\/"},"modified":"2025-01-14T13:23:54","modified_gmt":"2025-01-14T13:23:54","slug":"geissele-15-toeltenyes-6mm-arc-tar-fekete","status":"publish","type":"product","link":"https:\/\/staging.nbg.eu\/hu\/termek\/geissele-15-toeltenyes-6mm-arc-tar-fekete\/","title":{"rendered":"Geissele 15 t\u00f6lt\u00e9nyes 6mm ARC T\u00e1r &#8211; Fekete"},"content":{"rendered":"<div class=\"product-description\">\n<h2>Geissele 15 l\u0151szeres 6mm ARC t\u00e1r \u2013 Fekete<\/h2>\n<p>A Geissele 6mm ARC t\u00e1r tart\u00f3s \u00e9s megb\u00edzhat\u00f3.<\/p>\n<ul>\n<li>Fejlesztett egyr\u00e9szes szerkezet<\/li>\n<li>L\u00e9zerhegesztett 410 rozsdamentes ac\u00e9l test<\/li>\n<li>Billen\u00e9sg\u00e1tl\u00f3 adogat\u00f3lemez a sima adogat\u00e1s\u00e9rt<\/li>\n<li>Korr\u00f3zi\u00f3\u00e1ll\u00f3 fekete nitrid bevonat<\/li>\n<li>15 l\u0151szer kapacit\u00e1s<\/li>\n<li>5,0&#8243; teljes hossz<\/li>\n<li>Rozsdamentes ac\u00e9l rug\u00f3 a hossz\u00fa \u00e9lettartam\u00e9rt<\/li>\n<\/ul>\n<p>Az Egyes\u00fclt \u00c1llamokban gy\u00e1rtott t\u00e1r megb\u00edzhat\u00f3 teljes\u00edtm\u00e9nyt biztos\u00edt 6mm ARC, 6,5 Grendel \u00e9s 22 ARC t\u00f6lt\u00e9nyekhez.<\/p>\n<\/div>\n","protected":false},"excerpt":{"rendered":"<p>I apologize, but there is no product description provided in your message for me to translate. Could you please provide the specific text you would like translated to Hungarian? Once you share the product description, I&#8217;ll be happy to translate it for you.<\/p>\n","protected":false},"featured_media":81729,"template":"","meta":{"_acf_changed":false},"product_brand":[11393],"product_cat":[12967,12950],"product_tag":[],"class_list":{"0":"post-148531","1":"product","2":"type-product","3":"status-publish","4":"has-post-thumbnail","6":"product_brand-geissele","7":"product_cat-puska","8":"product_cat-puska-tarak","10":"first","11":"instock","12":"taxable","13":"shipping-taxable","14":"product-type-simple"},"acf":[],"_links":{"self":[{"href":"https:\/\/staging.nbg.eu\/hu\/wp-json\/wp\/v2\/product\/148531","targetHints":{"allow":["GET"]}}],"collection":[{"href":"https:\/\/staging.nbg.eu\/hu\/wp-json\/wp\/v2\/product"}],"about":[{"href":"https:\/\/staging.nbg.eu\/hu\/wp-json\/wp\/v2\/types\/product"}],"wp:featuredmedia":[{"embeddable":true,"href":"https:\/\/staging.nbg.eu\/hu\/wp-json\/wp\/v2\/media\/81729"}],"wp:attachment":[{"href":"https:\/\/staging.nbg.eu\/hu\/wp-json\/wp\/v2\/media?parent=148531"}],"wp:term":[{"taxonomy":"product_brand","embeddable":true,"href":"https:\/\/staging.nbg.eu\/hu\/wp-json\/wp\/v2\/product_brand?post=148531"},{"taxonomy":"product_cat","embeddable":true,"href":"https:\/\/staging.nbg.eu\/hu\/wp-json\/wp\/v2\/product_cat?post=148531"},{"taxonomy":"product_tag","embeddable":true,"href":"https:\/\/staging.nbg.eu\/hu\/wp-json\/wp\/v2\/product_tag?post=148531"}],"curies":[{"name":"wp","href":"https:\/\/api.w.org\/{rel}","templated":true}]}}