{"id":141593,"date":"2025-01-01T20:56:43","date_gmt":"2025-01-10T22:55:06","guid":{"rendered":"https:\/\/staging.nbg.eu\/product\/area-419-ruger-american-short-action-scope-base\/"},"modified":"2025-01-10T22:56:54","modified_gmt":"2025-01-10T22:56:54","slug":"area-419-ruger-american-roevid-akcios-tavcso-alap","status":"publish","type":"product","link":"https:\/\/staging.nbg.eu\/hu\/termek\/area-419-ruger-american-roevid-akcios-tavcso-alap\/","title":{"rendered":"Area 419 &#8211; Ruger American R\u00f6vid Akci\u00f3s T\u00e1vcs\u0151 Alap"},"content":{"rendered":"<div class=\"product-description\">\n<h2>Area 419 &#8211; Ruger American r\u00f6vid akci\u00f3s t\u00e1vcs\u0151talp<\/h2>\n<p>Ruger American pusk\u00e1hoz val\u00f3 t\u00e1vcs\u0151talp. T7075 alum\u00edniumb\u00f3l k\u00e9sz\u00fclt, egy darabb\u00f3l. Jellemz\u0151i:<\/p>\n<ul>\n<li>H\u00e1zon bel\u00fcl megmunk\u00e1lt a pontos illeszked\u00e9s\u00e9rt<\/li>\n<li>Er\u0151s \u00e9s tart\u00f3s<\/li>\n<li>III-as t\u00edpus\u00fa fekete kem\u00e9nybevonat\u00fa elox\u00e1lt<\/li>\n<li>20MOA d\u0151l\u00e9ssz\u00f6ggel tervezve hosszabb l\u00f6v\u00e9sekhez<\/li>\n<\/ul>\n<p>Tartalmaz egy csavarkulcsot a r\u00f6gz\u00edt\u0151csavarok megh\u00faz\u00e1s\u00e1hoz (aj\u00e1nlott: 15 in\/lb). Hossz\u00fa t\u00e1v\u00fa l\u00f6v\u00e9szethez alkalmas.<\/p>\n<h3>M\u0171szaki adatok:<\/h3>\n<ul>\n<li>S\u00faly: 0,09 kg<\/li>\n<li>M\u00e9retek: 21,6 \u00d7 2,5 \u00d7 2,5 cm<\/li>\n<li>Gy\u00e1rt\u00f3: Area 419<\/li>\n<li>M\u00e9ret: 20MOA<\/li>\n<\/ul>\n<\/div>\n","protected":false},"excerpt":{"rendered":"<p>Prec\u00edzi\u00f3s megmunk\u00e1l\u00e1s\u00fa 20MOA t\u00e1vcs\u0151talp Ruger American pusk\u00e1khoz.<\/p>\n","protected":false},"featured_media":112125,"template":"","meta":{"_acf_changed":false},"product_brand":[11039],"product_cat":[12967,12915,390],"product_tag":[],"class_list":{"0":"post-141593","1":"product","2":"type-product","3":"status-publish","4":"has-post-thumbnail","6":"product_brand-area-419","7":"product_cat-puska","8":"product_cat-sinek","9":"product_cat-aiming","11":"first","12":"instock","13":"taxable","14":"shipping-taxable","15":"purchasable","16":"product-type-simple"},"acf":[],"_links":{"self":[{"href":"https:\/\/staging.nbg.eu\/hu\/wp-json\/wp\/v2\/product\/141593","targetHints":{"allow":["GET"]}}],"collection":[{"href":"https:\/\/staging.nbg.eu\/hu\/wp-json\/wp\/v2\/product"}],"about":[{"href":"https:\/\/staging.nbg.eu\/hu\/wp-json\/wp\/v2\/types\/product"}],"wp:featuredmedia":[{"embeddable":true,"href":"https:\/\/staging.nbg.eu\/hu\/wp-json\/wp\/v2\/media\/112125"}],"wp:attachment":[{"href":"https:\/\/staging.nbg.eu\/hu\/wp-json\/wp\/v2\/media?parent=141593"}],"wp:term":[{"taxonomy":"product_brand","embeddable":true,"href":"https:\/\/staging.nbg.eu\/hu\/wp-json\/wp\/v2\/product_brand?post=141593"},{"taxonomy":"product_cat","embeddable":true,"href":"https:\/\/staging.nbg.eu\/hu\/wp-json\/wp\/v2\/product_cat?post=141593"},{"taxonomy":"product_tag","embeddable":true,"href":"https:\/\/staging.nbg.eu\/hu\/wp-json\/wp\/v2\/product_tag?post=141593"}],"curies":[{"name":"wp","href":"https:\/\/api.w.org\/{rel}","templated":true}]}}