{"id":141484,"date":"2025-01-04T07:53:30","date_gmt":"2025-01-10T22:37:16","guid":{"rendered":"https:\/\/staging.nbg.eu\/product\/area-419-s-m-a-l-single-mlok-arcalock-rail\/"},"modified":"2025-01-10T22:39:03","modified_gmt":"2025-01-10T22:39:03","slug":"area-419-smal-egyszeres-mlok-arcalock-sin","status":"publish","type":"product","link":"https:\/\/staging.nbg.eu\/hu\/termek\/area-419-smal-egyszeres-mlok-arcalock-sin\/","title":{"rendered":"Area 419 &#8211; S.M.A.L. &#8211; Egyszeres MLOK ARCALOCK S\u00edn"},"content":{"rendered":"<div class=\"product-description\">\n<h2>Area 419 &#8211; S.M.A.L. &#8211; Egyszer\u0171 MLOK ARCALOCK s\u00edn<\/h2>\n<p>Az S.M.A.L. (Single MLOK ARCALOCK) s\u00edn alkalmas t\u00e1vm\u00e9r\u0151k, t\u00e1vcs\u00f6vek, megfigyel\u0151 eszk\u00f6z\u00f6k \u00e9s SBR-ek r\u00f6gz\u00edt\u00e9s\u00e9re.<\/p>\n<ul>\n<li>MLOK r\u00f6gz\u00edt\u00e9si pontok tartoz\u00e9k hardverrel<\/li>\n<li>K\u00f6z\u00e9ps\u0151 1\/4-20 r\u00f6gz\u00edt\u00e9si pont (hardver mell\u00e9kelve)<\/li>\n<li>Amerik\u00e1ban mart 6061-T6 alum\u00edniumb\u00f3l<\/li>\n<li>Fekete kem\u00e9nybevonat\u00fa elox\u00e1lt fel\u00fclet<\/li>\n<\/ul>\n<h3>M\u0171szaki adatok:<\/h3>\n<ul>\n<li>S\u00faly: 0,18 kg<\/li>\n<li>M\u00e9retek: 15,24 \u00d7 10,16 \u00d7 2,54 cm<\/li>\n<\/ul>\n<p>Az S.M.A.L. s\u00edn r\u00f6gz\u00edt\u00e9si megold\u00e1st ny\u00fajt prec\u00edzi\u00f3s felszerel\u00e9sekhez.<\/p>\n<\/div>\n","protected":false},"excerpt":{"rendered":"<p>Kompakt MLOK ARCALOCK s\u00edn sokoldal\u00fa r\u00f6gz\u00edt\u00e9shez. Amerikai gy\u00e1rtm\u00e1ny, 6061-T6 alum\u00edniumb\u00f3l.<\/p>\n","protected":false},"featured_media":115743,"template":"","meta":{"_acf_changed":false},"product_brand":[11039],"product_cat":[12967,12915,390],"product_tag":[],"class_list":{"0":"post-141484","1":"product","2":"type-product","3":"status-publish","4":"has-post-thumbnail","6":"product_brand-area-419","7":"product_cat-puska","8":"product_cat-sinek","9":"product_cat-aiming","11":"first","12":"instock","13":"taxable","14":"shipping-taxable","15":"purchasable","16":"product-type-simple"},"acf":[],"_links":{"self":[{"href":"https:\/\/staging.nbg.eu\/hu\/wp-json\/wp\/v2\/product\/141484","targetHints":{"allow":["GET"]}}],"collection":[{"href":"https:\/\/staging.nbg.eu\/hu\/wp-json\/wp\/v2\/product"}],"about":[{"href":"https:\/\/staging.nbg.eu\/hu\/wp-json\/wp\/v2\/types\/product"}],"wp:featuredmedia":[{"embeddable":true,"href":"https:\/\/staging.nbg.eu\/hu\/wp-json\/wp\/v2\/media\/115743"}],"wp:attachment":[{"href":"https:\/\/staging.nbg.eu\/hu\/wp-json\/wp\/v2\/media?parent=141484"}],"wp:term":[{"taxonomy":"product_brand","embeddable":true,"href":"https:\/\/staging.nbg.eu\/hu\/wp-json\/wp\/v2\/product_brand?post=141484"},{"taxonomy":"product_cat","embeddable":true,"href":"https:\/\/staging.nbg.eu\/hu\/wp-json\/wp\/v2\/product_cat?post=141484"},{"taxonomy":"product_tag","embeddable":true,"href":"https:\/\/staging.nbg.eu\/hu\/wp-json\/wp\/v2\/product_tag?post=141484"}],"curies":[{"name":"wp","href":"https:\/\/api.w.org\/{rel}","templated":true}]}}