{"id":141382,"date":"2025-01-04T07:20:19","date_gmt":"2025-01-10T22:32:46","guid":{"rendered":"https:\/\/staging.nbg.eu\/product\/area-419-arcalock-clamp\/"},"modified":"2025-01-10T22:34:35","modified_gmt":"2025-01-10T22:34:35","slug":"area-419-arcalock-bilincs","status":"publish","type":"product","link":"https:\/\/staging.nbg.eu\/hu\/termek\/area-419-arcalock-bilincs\/","title":{"rendered":"Area 419 &#8211; ARCALOCK Bilincs"},"content":{"rendered":"<div class=\"product-description\">\n<h2>Area 419 &#8211; ARCALOCK Szor\u00edt\u00f3<\/h2>\n<p>Az Area 419 ARCALOCK szor\u00edt\u00f3 minden szabv\u00e1nyos ARCA\/1,5&#8243; fecskefark s\u00ednre illeszkedik, \u00e9s mechanikusan r\u00f6gz\u00edtett megold\u00e1st k\u00edn\u00e1l a stabilit\u00e1s n\u00f6vel\u00e9s\u00e9re.<\/p>\n<ul>\n<li>K\u00e9tl\u00e9pcs\u0151s csavarrendszer a gyors mozgat\u00e1shoz \u00e9s extra nyomat\u00e9khoz<\/li>\n<li>Kompatibilis Atlas bipodokkal \u00e9s adapt\u00e1lhat\u00f3 Harris bipodokhoz<\/li>\n<li>Akad\u00e1ly\u00fctk\u00f6z\u0151 funkci\u00f3val rendelkezik<\/li>\n<li>Visszafel\u00e9 kompatibilis a standard ARCA s\u00ednekkel<\/li>\n<li>6061-T6 alum\u00edniumb\u00f3l k\u00e9sz\u00fcl, III-as t\u00edpus\u00fa kem\u00e9ny elox\u00e1l\u00e1ssal<\/li>\n<li>S\u00falya mind\u00f6ssze 72,5 gramm<\/li>\n<\/ul>\n<p>Az Area 419 ARCALOCK szor\u00edt\u00f3 megn\u00f6veli a prec\u00edzi\u00f3s puska stabilit\u00e1s\u00e1t \u00e9s pontoss\u00e1g\u00e1t.<\/p>\n<\/div>\n","protected":false},"excerpt":{"rendered":"<p>Biztons\u00e1gos ARCA bilincs z\u00e1r\u00f3mechanizmussal prec\u00edzi\u00f3s pusk\u00e1khoz.<\/p>\n","protected":false},"featured_media":115250,"template":"","meta":{"_acf_changed":false},"product_brand":[11039],"product_cat":[12967,12915],"product_tag":[],"class_list":{"0":"post-141382","1":"product","2":"type-product","3":"status-publish","4":"has-post-thumbnail","6":"product_brand-area-419","7":"product_cat-puska","8":"product_cat-sinek","10":"first","11":"instock","12":"taxable","13":"shipping-taxable","14":"purchasable","15":"product-type-simple"},"acf":[],"_links":{"self":[{"href":"https:\/\/staging.nbg.eu\/hu\/wp-json\/wp\/v2\/product\/141382","targetHints":{"allow":["GET"]}}],"collection":[{"href":"https:\/\/staging.nbg.eu\/hu\/wp-json\/wp\/v2\/product"}],"about":[{"href":"https:\/\/staging.nbg.eu\/hu\/wp-json\/wp\/v2\/types\/product"}],"wp:featuredmedia":[{"embeddable":true,"href":"https:\/\/staging.nbg.eu\/hu\/wp-json\/wp\/v2\/media\/115250"}],"wp:attachment":[{"href":"https:\/\/staging.nbg.eu\/hu\/wp-json\/wp\/v2\/media?parent=141382"}],"wp:term":[{"taxonomy":"product_brand","embeddable":true,"href":"https:\/\/staging.nbg.eu\/hu\/wp-json\/wp\/v2\/product_brand?post=141382"},{"taxonomy":"product_cat","embeddable":true,"href":"https:\/\/staging.nbg.eu\/hu\/wp-json\/wp\/v2\/product_cat?post=141382"},{"taxonomy":"product_tag","embeddable":true,"href":"https:\/\/staging.nbg.eu\/hu\/wp-json\/wp\/v2\/product_tag?post=141382"}],"curies":[{"name":"wp","href":"https:\/\/api.w.org\/{rel}","templated":true}]}}