{"id":141264,"date":"2025-01-04T07:26:25","date_gmt":"2025-01-10T21:46:06","guid":{"rendered":"https:\/\/staging.nbg.eu\/product\/area-419-arcalock-clamp-black\/"},"modified":"2025-01-10T21:47:55","modified_gmt":"2025-01-10T21:47:55","slug":"area-419-arcalock-bilincs-fekete","status":"publish","type":"product","link":"https:\/\/staging.nbg.eu\/hu\/termek\/area-419-arcalock-bilincs-fekete\/","title":{"rendered":"Area 419 &#8211; ARCALOCK Bilincs fekete"},"content":{"rendered":"<div class=\"product-description\">\n<h2>Area 419 &#8211; ARCALOCK szor\u00edt\u00f3 (Fekete)<\/h2>\n<p>Az Area 419 ARCALOCK szor\u00edt\u00f3 minden szabv\u00e1nyos ARCA\/1,5&#8243; fecskefark s\u00ednen m\u0171k\u00f6dik, mechanikusan r\u00f6gz\u00edtett megold\u00e1st k\u00edn\u00e1lva a stabilit\u00e1s n\u00f6vel\u00e9s\u00e9re.<\/p>\n<ul>\n<li>K\u00e9tf\u00e1zis\u00fa csavar kialak\u00edt\u00e1s a gyors mozg\u00e1s\u00e9rt \u00e9s extra nyomat\u00e9k\u00e9rt<\/li>\n<li>Kompatibilis az Atlas k\u00e9tl\u00e1b\u00fa \u00e1llv\u00e1nyokkal \u00e9s adapt\u00e1lhat\u00f3 a Harris k\u00e9tl\u00e1b\u00fa \u00e1llv\u00e1nyokhoz<\/li>\n<li>Visszafel\u00e9 kompatibilis a szabv\u00e1nyos ARCA s\u00ednekkel<\/li>\n<li>6061-T6 alum\u00edniumb\u00f3l k\u00e9sz\u00fcl, III. t\u00edpus\u00fa kem\u00e9nybevonat\u00fa fekete elox\u00e1lt fel\u00fclettel<\/li>\n<li>303 rozsdamentes ac\u00e9l csavar<\/li>\n<li>S\u00faly: 72,5 gramm<\/li>\n<\/ul>\n<p>Az Area 419 ARCALOCK szor\u00edt\u00f3t az Egyes\u00fclt \u00c1llamokban tervezt\u00e9k \u00e9s gy\u00e1rtott\u00e1k.<\/p>\n<\/div>\n","protected":false},"excerpt":{"rendered":"<p>Biztons\u00e1gos ARCA s\u00edn r\u00f6gz\u00edt\u0151 fekete gombbal prec\u00edzi\u00f3s pusk\u00e1khoz.<\/p>\n","protected":false},"featured_media":115374,"template":"","meta":{"_acf_changed":false},"product_brand":[11039],"product_cat":[12967,12915,390],"product_tag":[],"class_list":{"0":"post-141264","1":"product","2":"type-product","3":"status-publish","4":"has-post-thumbnail","6":"product_brand-area-419","7":"product_cat-puska","8":"product_cat-sinek","9":"product_cat-aiming","11":"first","12":"instock","13":"taxable","14":"shipping-taxable","15":"purchasable","16":"product-type-simple"},"acf":[],"_links":{"self":[{"href":"https:\/\/staging.nbg.eu\/hu\/wp-json\/wp\/v2\/product\/141264","targetHints":{"allow":["GET"]}}],"collection":[{"href":"https:\/\/staging.nbg.eu\/hu\/wp-json\/wp\/v2\/product"}],"about":[{"href":"https:\/\/staging.nbg.eu\/hu\/wp-json\/wp\/v2\/types\/product"}],"wp:featuredmedia":[{"embeddable":true,"href":"https:\/\/staging.nbg.eu\/hu\/wp-json\/wp\/v2\/media\/115374"}],"wp:attachment":[{"href":"https:\/\/staging.nbg.eu\/hu\/wp-json\/wp\/v2\/media?parent=141264"}],"wp:term":[{"taxonomy":"product_brand","embeddable":true,"href":"https:\/\/staging.nbg.eu\/hu\/wp-json\/wp\/v2\/product_brand?post=141264"},{"taxonomy":"product_cat","embeddable":true,"href":"https:\/\/staging.nbg.eu\/hu\/wp-json\/wp\/v2\/product_cat?post=141264"},{"taxonomy":"product_tag","embeddable":true,"href":"https:\/\/staging.nbg.eu\/hu\/wp-json\/wp\/v2\/product_tag?post=141264"}],"curies":[{"name":"wp","href":"https:\/\/api.w.org\/{rel}","templated":true}]}}