{"id":140969,"date":"2025-01-04T08:28:27","date_gmt":"2025-01-04T08:28:27","guid":{"rendered":"https:\/\/staging.nbg.eu\/product\/area-419-arcalock-dual-clamp-with-picatinny\/"},"modified":"2025-01-10T19:09:57","modified_gmt":"2025-01-10T19:09:57","slug":"area-419-arcalock-dupla-bilincs-picatinny-vel","status":"publish","type":"product","link":"https:\/\/staging.nbg.eu\/hu\/termek\/area-419-arcalock-dupla-bilincs-picatinny-vel\/","title":{"rendered":"Area 419 &#8211; ARCALOCK Dupla-Bilincs Picatinny-vel"},"content":{"rendered":"<div class=\"product-description\">\n<h2>Area 419 &#8211; ARCALOCK Kett\u0151s r\u00f6gz\u00edt\u0151 Picatinny s\u00ednnel<\/h2>\n<p>K\u00e9tfunkci\u00f3s r\u00f6gz\u00edt\u0151 megold\u00e1s pusk\u00e1khoz. Ez a prec\u00edzi\u00f3s, amerikai gy\u00e1rtm\u00e1ny\u00fa r\u00f6gz\u00edt\u0151 ARCALOCK \u00e9s Picatinny s\u00ednekhez egyar\u00e1nt haszn\u00e1lhat\u00f3.<\/p>\n<ul>\n<li>\u00c1ll\u00edthat\u00f3 feszess\u00e9g mindk\u00e9t fel\u00fclethez<\/li>\n<li>&#8222;Be\/Ki&#8221; ARCALOCK kapcsol\u00f3 k\u00fcl\u00f6nb\u00f6z\u0151 gy\u00e1rt\u00f3kkal val\u00f3 kompatibilit\u00e1shoz<\/li>\n<li>Edzett ac\u00e9l alkatr\u00e9szek a Picatinny r\u00f6gz\u00edt\u00e9shez<\/li>\n<li>ARMS 17S csatlakoz\u00f3 n\u00e9pszer\u0171 k\u00e9tl\u00e1b\u00fa \u00e1llv\u00e1nyokhoz<\/li>\n<\/ul>\n<p>6061-T6 alum\u00edniumb\u00f3l \u00e9s rozsdamentes ac\u00e9lb\u00f3l k\u00e9sz\u00fclt, s\u00falya 0,57 kg, m\u00e9rete 15,24 cm \u00d7 8,89 cm \u00d7 5,08 cm. K\u00f6z\u00e9p- \u00e9s hossz\u00fat\u00e1v\u00fa l\u00f6v\u00e9szethez aj\u00e1nlott.<\/p>\n<p><strong>Megjegyz\u00e9s:<\/strong> Nem kompatibilis minden Area 419 ARCALOCK eszk\u00f6zzel, bele\u00e9rtve a Garmin XERO Arms \u00e9s RailChanger X term\u00e9keket.<\/p>\n<\/div>\n","protected":false},"excerpt":{"rendered":"<p>Sokoldal\u00fa ARCALOCK\/Picatinny r\u00f6gz\u00edt\u0151 prec\u00edzi\u00f3s l\u00f6v\u00e9szethez.<\/p>\n","protected":false},"featured_media":115953,"template":"","meta":{"_acf_changed":false},"product_brand":[11039],"product_cat":[12967,12915],"product_tag":[],"class_list":{"0":"post-140969","1":"product","2":"type-product","3":"status-publish","4":"has-post-thumbnail","6":"product_brand-area-419","7":"product_cat-puska","8":"product_cat-sinek","10":"first","11":"outofstock","12":"taxable","13":"shipping-taxable","14":"purchasable","15":"product-type-simple"},"acf":[],"_links":{"self":[{"href":"https:\/\/staging.nbg.eu\/hu\/wp-json\/wp\/v2\/product\/140969","targetHints":{"allow":["GET"]}}],"collection":[{"href":"https:\/\/staging.nbg.eu\/hu\/wp-json\/wp\/v2\/product"}],"about":[{"href":"https:\/\/staging.nbg.eu\/hu\/wp-json\/wp\/v2\/types\/product"}],"wp:featuredmedia":[{"embeddable":true,"href":"https:\/\/staging.nbg.eu\/hu\/wp-json\/wp\/v2\/media\/115953"}],"wp:attachment":[{"href":"https:\/\/staging.nbg.eu\/hu\/wp-json\/wp\/v2\/media?parent=140969"}],"wp:term":[{"taxonomy":"product_brand","embeddable":true,"href":"https:\/\/staging.nbg.eu\/hu\/wp-json\/wp\/v2\/product_brand?post=140969"},{"taxonomy":"product_cat","embeddable":true,"href":"https:\/\/staging.nbg.eu\/hu\/wp-json\/wp\/v2\/product_cat?post=140969"},{"taxonomy":"product_tag","embeddable":true,"href":"https:\/\/staging.nbg.eu\/hu\/wp-json\/wp\/v2\/product_tag?post=140969"}],"curies":[{"name":"wp","href":"https:\/\/api.w.org\/{rel}","templated":true}]}}