{"id":140863,"date":"2025-01-04T07:33:44","date_gmt":"2025-01-10T19:01:28","guid":{"rendered":"https:\/\/staging.nbg.eu\/product\/area-419-arcalock-qd-clamp\/"},"modified":"2025-01-10T19:03:20","modified_gmt":"2025-01-10T19:03:20","slug":"area-419-arcalock-qd-bilincs","status":"publish","type":"product","link":"https:\/\/staging.nbg.eu\/hu\/termek\/area-419-arcalock-qd-bilincs\/","title":{"rendered":"Area 419 &#8211; ARCALOCK QD Bilincs"},"content":{"rendered":"<div class=\"product-description\">\n<h2>Area 419 &#8211; ARCALOCK QD R\u00f6gz\u00edt\u0151<\/h2>\n<p>Az Area 419 ARCALOCK QD r\u00f6gz\u00edt\u0151 minden szabv\u00e1nyos ARCA\/1,5&#8243; fecskefarok s\u00ednre illeszkedik, \u00e9s mechanikusan z\u00e1r\u00f3d\u00f3 megold\u00e1st k\u00edn\u00e1l a jobb stabilit\u00e1s \u00e9rdek\u00e9ben.<\/p>\n<ul>\n<li>K\u00e9tf\u00e1zis\u00fa csavarszerkezet a gyors mozgat\u00e1shoz \u00e9s extra nyomat\u00e9khoz<\/li>\n<li>Kompatibilis Atlas k\u00e9tl\u00e1b\u00fa \u00e1llv\u00e1nyokkal \u00e9s adapt\u00e1lhat\u00f3 Harris k\u00e9tl\u00e1b\u00fa \u00e1llv\u00e1nyokhoz<\/li>\n<li>Visszafel\u00e9 kompatibilis szabv\u00e1nyos ARCA s\u00ednekkel<\/li>\n<li>6061-T6 alum\u00edniumb\u00f3l k\u00e9sz\u00fclt, III-as t\u00edpus\u00fa fekete kem\u00e9ny elox\u00e1l\u00e1ssal<\/li>\n<li>303-as rozsdamentes ac\u00e9l csavar<\/li>\n<li>S\u00falya mind\u00f6ssze 72,5 gramm<\/li>\n<\/ul>\n<p>Az ARCALOCK QD r\u00f6gz\u00edt\u0151t az Area 419 tervezte \u00e9s gy\u00e1rtotta az Egyes\u00fclt \u00c1llamokban.<\/p>\n<\/div>\n","protected":false},"excerpt":{"rendered":"<p>Gyorsan lev\u00e1laszthat\u00f3 ARCA bilincs r\u00f6gz\u00edt\u0151 mechanizmussal a biztons\u00e1gos r\u00f6gz\u00edt\u00e9shez.<\/p>\n","protected":false},"featured_media":115496,"template":"","meta":{"_acf_changed":false},"product_brand":[11039],"product_cat":[12967,12915,390],"product_tag":[],"class_list":{"0":"post-140863","1":"product","2":"type-product","3":"status-publish","4":"has-post-thumbnail","6":"product_brand-area-419","7":"product_cat-puska","8":"product_cat-sinek","9":"product_cat-aiming","11":"first","12":"instock","13":"taxable","14":"shipping-taxable","15":"purchasable","16":"product-type-simple"},"acf":[],"_links":{"self":[{"href":"https:\/\/staging.nbg.eu\/hu\/wp-json\/wp\/v2\/product\/140863","targetHints":{"allow":["GET"]}}],"collection":[{"href":"https:\/\/staging.nbg.eu\/hu\/wp-json\/wp\/v2\/product"}],"about":[{"href":"https:\/\/staging.nbg.eu\/hu\/wp-json\/wp\/v2\/types\/product"}],"wp:featuredmedia":[{"embeddable":true,"href":"https:\/\/staging.nbg.eu\/hu\/wp-json\/wp\/v2\/media\/115496"}],"wp:attachment":[{"href":"https:\/\/staging.nbg.eu\/hu\/wp-json\/wp\/v2\/media?parent=140863"}],"wp:term":[{"taxonomy":"product_brand","embeddable":true,"href":"https:\/\/staging.nbg.eu\/hu\/wp-json\/wp\/v2\/product_brand?post=140863"},{"taxonomy":"product_cat","embeddable":true,"href":"https:\/\/staging.nbg.eu\/hu\/wp-json\/wp\/v2\/product_cat?post=140863"},{"taxonomy":"product_tag","embeddable":true,"href":"https:\/\/staging.nbg.eu\/hu\/wp-json\/wp\/v2\/product_tag?post=140863"}],"curies":[{"name":"wp","href":"https:\/\/api.w.org\/{rel}","templated":true}]}}