{"id":140753,"date":"2025-01-04T10:50:43","date_gmt":"2025-01-04T10:50:43","guid":{"rendered":"https:\/\/staging.nbg.eu\/product\/area-419-mlok-nut-and-screw-set\/"},"modified":"2025-01-10T18:39:16","modified_gmt":"2025-01-10T18:39:16","slug":"area-419-mlok-anya-es-csavar-keszlet","status":"publish","type":"product","link":"https:\/\/staging.nbg.eu\/hu\/termek\/area-419-mlok-anya-es-csavar-keszlet\/","title":{"rendered":"Area 419 &#8211; MLOK Anya \u00e9s Csavar K\u00e9szlet"},"content":{"rendered":"<div class=\"product-description\">\n<h2>Area 419 &#8211; MLOK csavar \u00e9s anya k\u00e9szlet<\/h2>\n<p>Az Area 419 MLOK csavar \u00e9s anya k\u00e9szlet M-LOK kieg\u00e9sz\u00edt\u0151kh\u00f6z. Ez a hardver k\u00e9szlet biztons\u00e1gos r\u00f6gz\u00edt\u00e9st biztos\u00edt az M-LOK kompatibilis felszerel\u00e9sekhez.<\/p>\n<h3>F\u0151 jellemz\u0151k:<\/h3>\n<ul>\n<li>4 MLOK any\u00e1t \u00e9s 4 csavart tartalmaz<\/li>\n<li>4140-es kr\u00f3mac\u00e9lb\u00f3l k\u00e9sz\u00fclt<\/li>\n<li>Katonai min\u0151s\u00e9g\u0171 mang\u00e1n-foszf\u00e1t bevonat a korr\u00f3zi\u00f3v\u00e9delem \u00e9rdek\u00e9ben<\/li>\n<li>Minden M-LOK kieg\u00e9sz\u00edt\u0151vel kompatibilis<\/li>\n<li>Prec\u00edzi\u00f3s gy\u00e1rt\u00e1s az optim\u00e1lis illeszked\u00e9s \u00e9s m\u0171k\u00f6d\u00e9s \u00e9rdek\u00e9ben<\/li>\n<\/ul>\n<h3>Specifik\u00e1ci\u00f3k:<\/h3>\n<ul>\n<li>S\u00faly: 0,045 kg<\/li>\n<li>M\u00e9retek: 0,76 \u00d7 0,76 \u00d7 0,76 cm<\/li>\n<\/ul>\n<p>Ez az M-LOK T-anya csere k\u00e9szlet fontos kieg\u00e9sz\u00edt\u0151 a l\u0151fegyverekhez. Az Area 419 megb\u00edzhat\u00f3 teljes\u00edtm\u00e9nyt ny\u00fajt.<\/p>\n<\/div>\n","protected":false},"excerpt":{"rendered":"<p>4140 ac\u00e9l M-LOK szerel\u00e9k\u00e9szlet: 4 anya, 4 csavar. Katonai min\u0151s\u00e9g\u0171 fel\u00fclet.<\/p>\n","protected":false},"featured_media":117741,"template":"","meta":{"_acf_changed":false},"product_brand":[11039],"product_cat":[12967,12915],"product_tag":[],"class_list":{"0":"post-140753","1":"product","2":"type-product","3":"status-publish","4":"has-post-thumbnail","6":"product_brand-area-419","7":"product_cat-puska","8":"product_cat-sinek","10":"first","11":"instock","12":"taxable","13":"shipping-taxable","14":"purchasable","15":"product-type-simple"},"acf":[],"_links":{"self":[{"href":"https:\/\/staging.nbg.eu\/hu\/wp-json\/wp\/v2\/product\/140753","targetHints":{"allow":["GET"]}}],"collection":[{"href":"https:\/\/staging.nbg.eu\/hu\/wp-json\/wp\/v2\/product"}],"about":[{"href":"https:\/\/staging.nbg.eu\/hu\/wp-json\/wp\/v2\/types\/product"}],"wp:featuredmedia":[{"embeddable":true,"href":"https:\/\/staging.nbg.eu\/hu\/wp-json\/wp\/v2\/media\/117741"}],"wp:attachment":[{"href":"https:\/\/staging.nbg.eu\/hu\/wp-json\/wp\/v2\/media?parent=140753"}],"wp:term":[{"taxonomy":"product_brand","embeddable":true,"href":"https:\/\/staging.nbg.eu\/hu\/wp-json\/wp\/v2\/product_brand?post=140753"},{"taxonomy":"product_cat","embeddable":true,"href":"https:\/\/staging.nbg.eu\/hu\/wp-json\/wp\/v2\/product_cat?post=140753"},{"taxonomy":"product_tag","embeddable":true,"href":"https:\/\/staging.nbg.eu\/hu\/wp-json\/wp\/v2\/product_tag?post=140753"}],"curies":[{"name":"wp","href":"https:\/\/api.w.org\/{rel}","templated":true}]}}