{"id":140567,"date":"2025-01-04T07:09:46","date_gmt":"2025-01-10T17:48:40","guid":{"rendered":"https:\/\/staging.nbg.eu\/product\/area-419-arcalock-arm-for-garmin-xero\/"},"modified":"2025-01-10T17:50:45","modified_gmt":"2025-01-10T17:50:45","slug":"area-419-arcalock-kar-garmin-xero-hoz","status":"publish","type":"product","link":"https:\/\/staging.nbg.eu\/hu\/termek\/area-419-arcalock-kar-garmin-xero-hoz\/","title":{"rendered":"Area 419 &#8211; ARCALOCK Kar Garmin Xero-hoz"},"content":{"rendered":"<div class=\"product-description\">\n<h2>Area 419 &#8211; ARCALOCK kar Garmin Xero C1-hez<\/h2>\n<p>Az ARCALOCK kar t\u00f6bb r\u00f6gz\u00edt\u00e9si lehet\u0151s\u00e9get biztos\u00edt a Garmin Xero C1 sz\u00e1m\u00e1ra:<\/p>\n<ul>\n<li>A cs\u0151vel egy vonalban (kitolt vagy oldals\u00f3 r\u00f6gz\u00edt\u00e9s)<\/li>\n<li>Eltolva ARCA s\u00edn vagy hossz\u00edtott picatinny s\u00edn haszn\u00e1lat\u00e1val<\/li>\n<li>Levehet\u0151 b\u00e1rmely ARCA-kompatibilis \u00e1llv\u00e1nyhoz val\u00f3 haszn\u00e1latra<\/li>\n<\/ul>\n<p>T\u00f6m\u00f6r alum\u00edniumb\u00f3l k\u00e9sz\u00fclt, 17S r\u00f6gz\u00edt\u00e9si mint\u00e1val, amely kompatibilis az Arcalock bilincsekkel vagy QD picatinny karos bilinccsel. A Garmin Xero C1 kronogr\u00e1fhoz haszn\u00e1lhat\u00f3.<\/p>\n<h3>Specifik\u00e1ci\u00f3k:<\/h3>\n<ul>\n<li>S\u00faly: 0,45 kg<\/li>\n<li>M\u00e9retek: 15,24 cm \u00d7 10,16 cm \u00d7 2,54 cm<\/li>\n<\/ul>\n<\/div>\n","protected":false},"excerpt":{"rendered":"<p>Sokoldal\u00fa tart\u00f3 a Garmin Xero C1-hez: Kompatibilis cs\u0151vel, s\u00ednnel vagy \u00e1llv\u00e1nnyal.<\/p>\n","protected":false},"featured_media":114884,"template":"","meta":{"_acf_changed":false},"product_brand":[11039],"product_cat":[12967,12915],"product_tag":[],"class_list":{"0":"post-140567","1":"product","2":"type-product","3":"status-publish","4":"has-post-thumbnail","6":"product_brand-area-419","7":"product_cat-puska","8":"product_cat-sinek","10":"first","11":"instock","12":"taxable","13":"shipping-taxable","14":"purchasable","15":"product-type-variable","16":"wvs-archive-product-wrapper"},"acf":[],"_links":{"self":[{"href":"https:\/\/staging.nbg.eu\/hu\/wp-json\/wp\/v2\/product\/140567","targetHints":{"allow":["GET"]}}],"collection":[{"href":"https:\/\/staging.nbg.eu\/hu\/wp-json\/wp\/v2\/product"}],"about":[{"href":"https:\/\/staging.nbg.eu\/hu\/wp-json\/wp\/v2\/types\/product"}],"wp:featuredmedia":[{"embeddable":true,"href":"https:\/\/staging.nbg.eu\/hu\/wp-json\/wp\/v2\/media\/114884"}],"wp:attachment":[{"href":"https:\/\/staging.nbg.eu\/hu\/wp-json\/wp\/v2\/media?parent=140567"}],"wp:term":[{"taxonomy":"product_brand","embeddable":true,"href":"https:\/\/staging.nbg.eu\/hu\/wp-json\/wp\/v2\/product_brand?post=140567"},{"taxonomy":"product_cat","embeddable":true,"href":"https:\/\/staging.nbg.eu\/hu\/wp-json\/wp\/v2\/product_cat?post=140567"},{"taxonomy":"product_tag","embeddable":true,"href":"https:\/\/staging.nbg.eu\/hu\/wp-json\/wp\/v2\/product_tag?post=140567"}],"curies":[{"name":"wp","href":"https:\/\/api.w.org\/{rel}","templated":true}]}}