{"id":140303,"date":"2025-01-04T04:41:18","date_gmt":"2025-01-10T15:16:15","guid":{"rendered":"https:\/\/staging.nbg.eu\/product\/area-419-arcalock-12-m-lok-dovetail-rail\/"},"modified":"2025-01-10T15:18:18","modified_gmt":"2025-01-10T15:18:18","slug":"area-419-arcalock-12-m-lok-fecskefark-sin","status":"publish","type":"product","link":"https:\/\/staging.nbg.eu\/hu\/termek\/area-419-arcalock-12-m-lok-fecskefark-sin\/","title":{"rendered":"Area 419 &#8211; ARCALOCK 12&#8243; M-LOK Fecskefark S\u00edn"},"content":{"rendered":"<div class=\"product-description\">\n<h2>Area 419 &#8211; ARCALOCK 12&#8243; M-LOK Fecskefark S\u00edn<\/h2>\n<p>Az Area 419 ARCALOCK 12&#8243; M-LOK Fecskefark S\u00edn jellemz\u0151i:<\/p>\n<ul>\n<li>Rec\u00e9s s\u00ednoldalak az Area 419 bilincsekkel val\u00f3 mechanikus r\u00f6gz\u00edt\u00e9shez<\/li>\n<li>Visszafel\u00e9 kompatibilis a szabv\u00e1nyos Arca kieg\u00e9sz\u00edt\u0151kkel<\/li>\n<li>12&#8243; hossz\u00fas\u00e1g<\/li>\n<li>4,1 uncia s\u00faly<\/li>\n<li>RRS 1,5&#8243; Fecskefark Szabv\u00e1ny kompatibilit\u00e1s<\/li>\n<li>Letomp\u00edtott \u00e9lek \u00e9s lekerek\u00edtett sarkok<\/li>\n<li>3-as t\u00edpus\u00fa kem\u00e9ny elox\u00e1lt bevonat<\/li>\n<li>Az Egyes\u00fclt \u00c1llamokban k\u00e9sz\u00fclt 6061-T6 alum\u00edniumb\u00f3l<\/li>\n<li>M-LOK ny\u00edl\u00e1sok az als\u00f3 r\u00e9szen tov\u00e1bbi r\u00f6gz\u00edt\u00e9sekhez<\/li>\n<\/ul>\n<p>Az ARCALOCK s\u00edn megakad\u00e1lyozza a cs\u00fasz\u00e1st nyom\u00e1s alatt. Tartalmazza az \u00f6sszes sz\u00fcks\u00e9ges M-LOK r\u00f6gz\u00edt\u0151 alkatr\u00e9szt.<\/p>\n<p><strong>Megjegyz\u00e9s:<\/strong> 6 egym\u00e1st k\u00f6vet\u0151 MLOK ny\u00edl\u00e1st ig\u00e9nyel a felszerel\u00e9shez. A h\u00e1ts\u00f3 ferde akad\u00e1ly\u00fctk\u00f6z\u0151 k\u00fcl\u00f6n kaphat\u00f3.<\/p>\n<\/div>\n","protected":false},"excerpt":{"rendered":"<p>Z\u00e1rhat\u00f3 12&#8243; ARCA s\u00edn M-LOK ny\u00edl\u00e1sokkal. Rec\u00e9zett oldalak, k\u00f6nny\u0171, tart\u00f3s.<\/p>\n","protected":false},"featured_media":112413,"template":"","meta":{"_acf_changed":false},"product_brand":[11039],"product_cat":[12967,12915,390],"product_tag":[],"class_list":{"0":"post-140303","1":"product","2":"type-product","3":"status-publish","4":"has-post-thumbnail","6":"product_brand-area-419","7":"product_cat-puska","8":"product_cat-sinek","9":"product_cat-aiming","11":"first","12":"instock","13":"taxable","14":"shipping-taxable","15":"purchasable","16":"product-type-variable","17":"wvs-archive-product-wrapper"},"acf":[],"_links":{"self":[{"href":"https:\/\/staging.nbg.eu\/hu\/wp-json\/wp\/v2\/product\/140303","targetHints":{"allow":["GET"]}}],"collection":[{"href":"https:\/\/staging.nbg.eu\/hu\/wp-json\/wp\/v2\/product"}],"about":[{"href":"https:\/\/staging.nbg.eu\/hu\/wp-json\/wp\/v2\/types\/product"}],"wp:featuredmedia":[{"embeddable":true,"href":"https:\/\/staging.nbg.eu\/hu\/wp-json\/wp\/v2\/media\/112413"}],"wp:attachment":[{"href":"https:\/\/staging.nbg.eu\/hu\/wp-json\/wp\/v2\/media?parent=140303"}],"wp:term":[{"taxonomy":"product_brand","embeddable":true,"href":"https:\/\/staging.nbg.eu\/hu\/wp-json\/wp\/v2\/product_brand?post=140303"},{"taxonomy":"product_cat","embeddable":true,"href":"https:\/\/staging.nbg.eu\/hu\/wp-json\/wp\/v2\/product_cat?post=140303"},{"taxonomy":"product_tag","embeddable":true,"href":"https:\/\/staging.nbg.eu\/hu\/wp-json\/wp\/v2\/product_tag?post=140303"}],"curies":[{"name":"wp","href":"https:\/\/api.w.org\/{rel}","templated":true}]}}