{"id":140158,"date":"2025-01-04T04:53:09","date_gmt":"2025-01-10T14:00:45","guid":{"rendered":"https:\/\/staging.nbg.eu\/product\/area-419-arcalock-12-universal-dovetail-rail\/"},"modified":"2025-01-10T14:02:33","modified_gmt":"2025-01-10T14:02:33","slug":"area-419-arcalock-12-univerzalis-forso-sin","status":"publish","type":"product","link":"https:\/\/staging.nbg.eu\/hu\/termek\/area-419-arcalock-12-univerzalis-forso-sin\/","title":{"rendered":"Area 419 &#8211; ARCALOCK 12&#8243; Univerzalis Forso Sin"},"content":{"rendered":"<div class=\"product-description\">\n<h2>Area 419 &#8211; ARCALOCK 12&#8243; Univerz\u00e1lis Fecskefark\u00fa S\u00edn<\/h2>\n<p>Az Area 419 ARCALOCK 12&#8243; Univerz\u00e1lis Fecskefark\u00fa S\u00edn jellemz\u0151i:<\/p>\n<ul>\n<li>Rec\u00e9s oldalak mechanikai r\u00f6gz\u00edt\u00e9shez Area 419 kapcsokkal<\/li>\n<li>Visszafel\u00e9 kompatibilis a standard Arca kieg\u00e9sz\u00edt\u0151kkel<\/li>\n<li>12&#8243; hossz\u00fas\u00e1g<\/li>\n<li>4,1 uncia s\u00faly<\/li>\n<li>RRS 1,5&#8243; Fecskefark\u00fa Szabv\u00e1ny kompatibilit\u00e1s<\/li>\n<li>Lekerek\u00edtett \u00e9lek<\/li>\n<li>T\u00f6bb r\u00f6gz\u00edt\u00e9si pont<\/li>\n<li>3-as t\u00edpus\u00fa kem\u00e9nybevonat\u00fa elox\u00e1lt 6061-T6 alum\u00ednium szerkezet<\/li>\n<li>USA-ban gy\u00e1rtva<\/li>\n<\/ul>\n<p>MLOK hardver nem tartoz\u00e9k.<\/p>\n<\/div>\n","protected":false},"excerpt":{"rendered":"<p>Z\u00e1r\u00f3d\u00f3 12&#8243; ARCA s\u00edn prec\u00edzi\u00f3s pusk\u00e1khoz. Az MLOK szerelv\u00e9nyek nem tartoz\u00e9kok.<\/p>\n","protected":false},"featured_media":114651,"template":"","meta":{"_acf_changed":false},"product_brand":[11039],"product_cat":[12967,12915,390],"product_tag":[],"class_list":{"0":"post-140158","1":"product","2":"type-product","3":"status-publish","4":"has-post-thumbnail","6":"product_brand-area-419","7":"product_cat-puska","8":"product_cat-sinek","9":"product_cat-aiming","11":"first","12":"instock","13":"taxable","14":"shipping-taxable","15":"purchasable","16":"product-type-simple"},"acf":[],"_links":{"self":[{"href":"https:\/\/staging.nbg.eu\/hu\/wp-json\/wp\/v2\/product\/140158","targetHints":{"allow":["GET"]}}],"collection":[{"href":"https:\/\/staging.nbg.eu\/hu\/wp-json\/wp\/v2\/product"}],"about":[{"href":"https:\/\/staging.nbg.eu\/hu\/wp-json\/wp\/v2\/types\/product"}],"wp:featuredmedia":[{"embeddable":true,"href":"https:\/\/staging.nbg.eu\/hu\/wp-json\/wp\/v2\/media\/114651"}],"wp:attachment":[{"href":"https:\/\/staging.nbg.eu\/hu\/wp-json\/wp\/v2\/media?parent=140158"}],"wp:term":[{"taxonomy":"product_brand","embeddable":true,"href":"https:\/\/staging.nbg.eu\/hu\/wp-json\/wp\/v2\/product_brand?post=140158"},{"taxonomy":"product_cat","embeddable":true,"href":"https:\/\/staging.nbg.eu\/hu\/wp-json\/wp\/v2\/product_cat?post=140158"},{"taxonomy":"product_tag","embeddable":true,"href":"https:\/\/staging.nbg.eu\/hu\/wp-json\/wp\/v2\/product_tag?post=140158"}],"curies":[{"name":"wp","href":"https:\/\/api.w.org\/{rel}","templated":true}]}}