{"id":140047,"date":"2025-01-04T08:32:04","date_gmt":"2025-01-10T13:42:13","guid":{"rendered":"https:\/\/staging.nbg.eu\/product\/area-419-arcalock-17-universal-dovetail-rail\/"},"modified":"2025-01-10T13:44:03","modified_gmt":"2025-01-10T13:44:03","slug":"area-419-arcalock-17-univerzalis-forso-sin","status":"publish","type":"product","link":"https:\/\/staging.nbg.eu\/hu\/termek\/area-419-arcalock-17-univerzalis-forso-sin\/","title":{"rendered":"Area 419 &#8211; ARCALOCK 17&#8243; Univerzalis Forso Sin"},"content":{"rendered":"<div class=\"product-description\">\n<h2>Area 419 &#8211; ARCALOCK 17&#8243; Univerz\u00e1lis Fecskefark S\u00edn<\/h2>\n<p>Az ARCALOCK Fecskefark S\u00edn Rendszer jellemz\u0151i:<\/p>\n<ul>\n<li>Fogazott oldalak az Area 419 bilincsekkel val\u00f3 mechanikai r\u00f6gz\u00edt\u00e9shez<\/li>\n<li>Visszafel\u00e9 kompatibilis a standard Arca kieg\u00e9sz\u00edt\u0151kkel<\/li>\n<li>Megfelel az RRS 1.5&#8243; Fecskefark Szabv\u00e1nynak<\/li>\n<li>Letomp\u00edtott \u00e9lek<\/li>\n<li>T\u00f6bb r\u00f6gz\u00edt\u00e9si pont a stabilit\u00e1s\u00e9rt<\/li>\n<li>3-as t\u00edpus\u00fa kem\u00e9ny bevonat\u00fa elox\u00e1lt 6061-T6 alum\u00ednium szerkezet<\/li>\n<li>Az Egyes\u00fclt \u00c1llamokban k\u00e9sz\u00fclt, hazai forr\u00e1sb\u00f3l sz\u00e1rmaz\u00f3 anyagokb\u00f3l<\/li>\n<\/ul>\n<p>Tartalmaz hosszabb\u00edtott Remington 700-st\u00edlus\u00fa akci\u00f3csavart \u00e9s r\u00f6gz\u00edt\u0151 alkatr\u00e9szeket.<\/p>\n<p><em>Megjegyz\u00e9s: A h\u00e1ts\u00f3 r\u00f6gz\u00edtett akad\u00e1ly\u00fctk\u00f6z\u0151 \u00e9s az MLOK hardver nem tartoz\u00e9k.<\/em><\/p>\n<\/div>\n","protected":false},"excerpt":{"rendered":"<p>&#8220;Z\u00e1r\u00f3d\u00f3 ARCA s\u00edn prec\u00edzi\u00f3s pusk\u00e1khoz. 17&#8221; USA-ban gy\u00e1rtott alum\u00ednium.&#8221;<\/p>\n","protected":false},"featured_media":116049,"template":"","meta":{"_acf_changed":false},"product_brand":[11039],"product_cat":[12967,12915,390],"product_tag":[],"class_list":{"0":"post-140047","1":"product","2":"type-product","3":"status-publish","4":"has-post-thumbnail","6":"product_brand-area-419","7":"product_cat-puska","8":"product_cat-sinek","9":"product_cat-aiming","11":"first","12":"instock","13":"taxable","14":"shipping-taxable","15":"purchasable","16":"product-type-simple"},"acf":[],"_links":{"self":[{"href":"https:\/\/staging.nbg.eu\/hu\/wp-json\/wp\/v2\/product\/140047","targetHints":{"allow":["GET"]}}],"collection":[{"href":"https:\/\/staging.nbg.eu\/hu\/wp-json\/wp\/v2\/product"}],"about":[{"href":"https:\/\/staging.nbg.eu\/hu\/wp-json\/wp\/v2\/types\/product"}],"wp:featuredmedia":[{"embeddable":true,"href":"https:\/\/staging.nbg.eu\/hu\/wp-json\/wp\/v2\/media\/116049"}],"wp:attachment":[{"href":"https:\/\/staging.nbg.eu\/hu\/wp-json\/wp\/v2\/media?parent=140047"}],"wp:term":[{"taxonomy":"product_brand","embeddable":true,"href":"https:\/\/staging.nbg.eu\/hu\/wp-json\/wp\/v2\/product_brand?post=140047"},{"taxonomy":"product_cat","embeddable":true,"href":"https:\/\/staging.nbg.eu\/hu\/wp-json\/wp\/v2\/product_cat?post=140047"},{"taxonomy":"product_tag","embeddable":true,"href":"https:\/\/staging.nbg.eu\/hu\/wp-json\/wp\/v2\/product_tag?post=140047"}],"curies":[{"name":"wp","href":"https:\/\/api.w.org\/{rel}","templated":true}]}}