{"id":139857,"date":"2025-01-04T06:50:31","date_gmt":"2025-01-10T13:08:15","guid":{"rendered":"https:\/\/staging.nbg.eu\/product\/area-419-arcalock-6-m-lok-dovetail-rail\/"},"modified":"2025-01-10T13:10:17","modified_gmt":"2025-01-10T13:10:17","slug":"area-419-arcalock-6-m-lok-forso-sin","status":"publish","type":"product","link":"https:\/\/staging.nbg.eu\/hu\/termek\/area-419-arcalock-6-m-lok-forso-sin\/","title":{"rendered":"Area 419 &#8211; ARCALOCK 6&#8243; M-LOK Forso Sin"},"content":{"rendered":"<div class=\"product-description\">\n<h2>Area 419 &#8211; ARCALOCK 6&#8243; M-LOK Fecskefark S\u00edn<\/h2>\n<p><strong>Megjegyz\u00e9s: 3 egym\u00e1st k\u00f6vet\u0151 M-LOK ny\u00edl\u00e1s sz\u00fcks\u00e9ges a felszerel\u00e9shez.<\/strong><\/p>\n<p>Az ARCALOCK Fecskefark S\u00edn Rendszer. Ez a 6 h\u00fcvelykes s\u00edn a k\u00f6vetkez\u0151 jellemz\u0151kkel rendelkezik:<\/p>\n<ul>\n<li>Rec\u00e9zett oldalak az Area 419 bilincsekkel val\u00f3 mechanikai r\u00f6gz\u00edt\u00e9shez<\/li>\n<li>Kompatibilis a standard ARCA kieg\u00e9sz\u00edt\u0151kkel<\/li>\n<li>K\u00f6nny\u0171, 2,2 uncia s\u00faly\u00fa<\/li>\n<li>Megfelel az RRS 1,5 h\u00fcvelykes fecskefark szabv\u00e1nynak<\/li>\n<li>Letomp\u00edtott \u00e9lek \u00e9s lekerek\u00edtett sarkok a k\u00e9nyelem \u00e9rdek\u00e9ben<\/li>\n<li>3-as t\u00edpus\u00fa kem\u00e9ny bevonat\u00fa elox\u00e1lt 6061-T6 alum\u00ednium szerkezet<\/li>\n<li>Az Egyes\u00fclt \u00c1llamokban k\u00e9sz\u00fclt hazai anyagokb\u00f3l<\/li>\n<\/ul>\n<p>Ez a s\u00edn n\u00f6veli a fegyver stabilit\u00e1s\u00e1t \u00e9s sokoldal\u00fas\u00e1g\u00e1t. Tartalmazza az \u00f6sszes sz\u00fcks\u00e9ges M-LOK r\u00f6gz\u00edt\u0151 alkatr\u00e9szt.<\/p>\n<\/div>\n","protected":false},"excerpt":{"rendered":"<p>Biztons\u00e1gos 6&#8243; M-LOK Dovetail s\u00edn r\u00f6gz\u00edt\u0151 rec\u00e9z\u00e9ssel. Amerikai gy\u00e1rtm\u00e1ny.<\/p>\n","protected":false},"featured_media":114264,"template":"","meta":{"_acf_changed":false},"product_brand":[11039],"product_cat":[12967,12915],"product_tag":[],"class_list":{"0":"post-139857","1":"product","2":"type-product","3":"status-publish","4":"has-post-thumbnail","6":"product_brand-area-419","7":"product_cat-puska","8":"product_cat-sinek","10":"first","11":"instock","12":"taxable","13":"shipping-taxable","14":"purchasable","15":"product-type-variable","16":"wvs-archive-product-wrapper"},"acf":[],"_links":{"self":[{"href":"https:\/\/staging.nbg.eu\/hu\/wp-json\/wp\/v2\/product\/139857","targetHints":{"allow":["GET"]}}],"collection":[{"href":"https:\/\/staging.nbg.eu\/hu\/wp-json\/wp\/v2\/product"}],"about":[{"href":"https:\/\/staging.nbg.eu\/hu\/wp-json\/wp\/v2\/types\/product"}],"wp:featuredmedia":[{"embeddable":true,"href":"https:\/\/staging.nbg.eu\/hu\/wp-json\/wp\/v2\/media\/114264"}],"wp:attachment":[{"href":"https:\/\/staging.nbg.eu\/hu\/wp-json\/wp\/v2\/media?parent=139857"}],"wp:term":[{"taxonomy":"product_brand","embeddable":true,"href":"https:\/\/staging.nbg.eu\/hu\/wp-json\/wp\/v2\/product_brand?post=139857"},{"taxonomy":"product_cat","embeddable":true,"href":"https:\/\/staging.nbg.eu\/hu\/wp-json\/wp\/v2\/product_cat?post=139857"},{"taxonomy":"product_tag","embeddable":true,"href":"https:\/\/staging.nbg.eu\/hu\/wp-json\/wp\/v2\/product_tag?post=139857"}],"curies":[{"name":"wp","href":"https:\/\/api.w.org\/{rel}","templated":true}]}}