{"id":139578,"date":"2025-01-04T11:00:05","date_gmt":"2025-01-10T12:06:56","guid":{"rendered":"https:\/\/staging.nbg.eu\/product\/area-419-improved-bipod-picatinny-rail-ibr\/"},"modified":"2025-01-10T12:30:03","modified_gmt":"2025-01-10T12:30:03","slug":"area-419-javitott-ketlab-picatinny-sin-ibr","status":"publish","type":"product","link":"https:\/\/staging.nbg.eu\/hu\/termek\/area-419-javitott-ketlab-picatinny-sin-ibr\/","title":{"rendered":"Area 419 &#8211; Javitott Ketlab Picatinny Sin (IBR)"},"content":{"rendered":"<div class=\"product-description\">\n<h2>Area 419 &#8211; Jav\u00edtott Bipod Picatinny S\u00edn (IBR)<\/h2>\n<p>Az Area 419 IBR egy 4,8 h\u00fcvelykes s\u00edn 10 ny\u00edl\u00e1ssal, amely 43%-kal t\u00f6bb lehet\u0151s\u00e9get k\u00edn\u00e1l, mint a versenyt\u00e1rsak. S\u00falya mind\u00f6ssze 1,09 uncia.<\/p>\n<ul>\n<li>Prec\u00edzi\u00f3s megmunk\u00e1l\u00e1s lekerek\u00edtett sarkokkal \u00e9s \u00e9lekkel<\/li>\n<li>1,5 \u00e9s 3,475 h\u00fcvelyk k\u00f6z\u00f6tti csavarlyuk t\u00e1vols\u00e1got t\u00e1mogat<\/li>\n<li>Teljes sz\u00e9less\u00e9g\u0171 f\u00fcl Larue-st\u00edlus\u00fa bipod r\u00f6gz\u00edt\u00e9sekhez<\/li>\n<li>Minden ny\u00edl\u00e1s haszn\u00e1lhat\u00f3, f\u00fcggetlen\u00fcl a csavar elhelyez\u00e9s\u00e9t\u0151l<\/li>\n<li>7075-T651 alum\u00edniumb\u00f3l k\u00e9sz\u00fclt<\/li>\n<li>Az Egyes\u00fclt \u00c1llamokban k\u00e9sz\u00fclt, amerikai anyagokb\u00f3l<\/li>\n<li>Tartalmazza a szerel\u00e9shez sz\u00fcks\u00e9ges alkatr\u00e9szeket<\/li>\n<\/ul>\n<p>Az Area 419 IBR min\u0151s\u00e9gi \u00e9s funkcion\u00e1lis term\u00e9k.<\/p>\n<\/div>\n","protected":false},"excerpt":{"rendered":"<p>Area 419 IBR: K\u00f6nny\u0171, tart\u00f3s k\u00e9tl\u00e1b\u00fa s\u00edn 10 v\u00e1jattal.<\/p>\n","protected":false},"featured_media":118177,"template":"","meta":{"_acf_changed":false},"product_brand":[11039],"product_cat":[12967,12915],"product_tag":[],"class_list":{"0":"post-139578","1":"product","2":"type-product","3":"status-publish","4":"has-post-thumbnail","6":"product_brand-area-419","7":"product_cat-puska","8":"product_cat-sinek","10":"first","11":"instock","12":"taxable","13":"shipping-taxable","14":"purchasable","15":"product-type-variable","16":"wvs-archive-product-wrapper"},"acf":[],"_links":{"self":[{"href":"https:\/\/staging.nbg.eu\/hu\/wp-json\/wp\/v2\/product\/139578","targetHints":{"allow":["GET"]}}],"collection":[{"href":"https:\/\/staging.nbg.eu\/hu\/wp-json\/wp\/v2\/product"}],"about":[{"href":"https:\/\/staging.nbg.eu\/hu\/wp-json\/wp\/v2\/types\/product"}],"wp:featuredmedia":[{"embeddable":true,"href":"https:\/\/staging.nbg.eu\/hu\/wp-json\/wp\/v2\/media\/118177"}],"wp:attachment":[{"href":"https:\/\/staging.nbg.eu\/hu\/wp-json\/wp\/v2\/media?parent=139578"}],"wp:term":[{"taxonomy":"product_brand","embeddable":true,"href":"https:\/\/staging.nbg.eu\/hu\/wp-json\/wp\/v2\/product_brand?post=139578"},{"taxonomy":"product_cat","embeddable":true,"href":"https:\/\/staging.nbg.eu\/hu\/wp-json\/wp\/v2\/product_cat?post=139578"},{"taxonomy":"product_tag","embeddable":true,"href":"https:\/\/staging.nbg.eu\/hu\/wp-json\/wp\/v2\/product_tag?post=139578"}],"curies":[{"name":"wp","href":"https:\/\/api.w.org\/{rel}","templated":true}]}}