{"id":139417,"date":"2025-01-04T07:39:43","date_gmt":"2025-01-10T10:49:31","guid":{"rendered":"https:\/\/staging.nbg.eu\/product\/area-419-arcalock-fixed-barricade-block\/"},"modified":"2025-01-10T10:51:22","modified_gmt":"2025-01-10T10:51:22","slug":"area-419-arcalock-rogzitett-barikad-blokk","status":"publish","type":"product","link":"https:\/\/staging.nbg.eu\/hu\/termek\/area-419-arcalock-rogzitett-barikad-blokk\/","title":{"rendered":"Area 419 &#8211; ARCALOCK Rogzitett Barikad Blokk"},"content":{"rendered":"<div class=\"product-description\">\n<h2>Area 419 &#8211; ARCALOCK R\u00f6gz\u00edtett Akad\u00e1ly Blokk<\/h2>\n<p>Az ARCALOCK R\u00f6gz\u00edtett Akad\u00e1ly Blokk lapos ARCALOCK s\u00ednekhez tervezve. Ez a tartoz\u00e9k 12&#8243; Universal, M-LOK, Keymod \u00e9s MPA s\u00ednekre cs\u00fasztathat\u00f3, biztos \u00e9s \u00e1ll\u00edthat\u00f3 \u00fctk\u00f6z\u0151t biztos\u00edtva.<\/p>\n<ul>\n<li>1-1\/8&#8243; magas a s\u00edn alj\u00e1t\u00f3l<\/li>\n<li>Bar\u00e1zd\u00e1lt fel\u00fclet a jobb fog\u00e1s \u00e9rdek\u00e9ben<\/li>\n<li>Szor\u00edt\u00f3bilincs kialak\u00edt\u00e1s r\u00f6gz\u00edt\u0151csavarral a stabilit\u00e1s \u00e9rdek\u00e9ben<\/li>\n<li>6061-T6 alum\u00edniumb\u00f3l k\u00e9sz\u00fclt<\/li>\n<li>III. t\u00edpus\u00fa fekete kem\u00e9nybevonat\u00fa elox\u00e1lt fel\u00fclet<\/li>\n<li>3\/32&#8243; csavarkulcs mell\u00e9kelve a be\u00e1ll\u00edt\u00e1shoz<\/li>\n<\/ul>\n<p>0,2 font s\u00faly\u00fa \u00e9s 2&#8243; x 1,5&#8243; x 1,5&#8243; m\u00e9ret\u0171, ez a kompakt blokk tart\u00f3ss\u00e1got \u00e9s pontoss\u00e1got k\u00edn\u00e1l a komoly l\u00f6v\u00e9szek sz\u00e1m\u00e1ra.<\/p>\n<\/div>\n","protected":false},"excerpt":{"rendered":"<p>Biztons\u00e1gos, \u00e1ll\u00edthat\u00f3 akad\u00e1lymeg\u00e1ll\u00edt\u00f3 az ARCALOCK s\u00ednekhez. Alum\u00ednium, bar\u00e1zd\u00e1lt markolattal.<\/p>\n","protected":false},"featured_media":115546,"template":"","meta":{"_acf_changed":false},"product_brand":[11039],"product_cat":[12967,12915,390],"product_tag":[],"class_list":{"0":"post-139417","1":"product","2":"type-product","3":"status-publish","4":"has-post-thumbnail","6":"product_brand-area-419","7":"product_cat-puska","8":"product_cat-sinek","9":"product_cat-aiming","11":"first","12":"instock","13":"taxable","14":"shipping-taxable","15":"purchasable","16":"product-type-simple"},"acf":[],"_links":{"self":[{"href":"https:\/\/staging.nbg.eu\/hu\/wp-json\/wp\/v2\/product\/139417","targetHints":{"allow":["GET"]}}],"collection":[{"href":"https:\/\/staging.nbg.eu\/hu\/wp-json\/wp\/v2\/product"}],"about":[{"href":"https:\/\/staging.nbg.eu\/hu\/wp-json\/wp\/v2\/types\/product"}],"wp:featuredmedia":[{"embeddable":true,"href":"https:\/\/staging.nbg.eu\/hu\/wp-json\/wp\/v2\/media\/115546"}],"wp:attachment":[{"href":"https:\/\/staging.nbg.eu\/hu\/wp-json\/wp\/v2\/media?parent=139417"}],"wp:term":[{"taxonomy":"product_brand","embeddable":true,"href":"https:\/\/staging.nbg.eu\/hu\/wp-json\/wp\/v2\/product_brand?post=139417"},{"taxonomy":"product_cat","embeddable":true,"href":"https:\/\/staging.nbg.eu\/hu\/wp-json\/wp\/v2\/product_cat?post=139417"},{"taxonomy":"product_tag","embeddable":true,"href":"https:\/\/staging.nbg.eu\/hu\/wp-json\/wp\/v2\/product_tag?post=139417"}],"curies":[{"name":"wp","href":"https:\/\/api.w.org\/{rel}","templated":true}]}}