{"id":139308,"date":"2025-01-04T11:28:41","date_gmt":"2025-01-04T11:28:41","guid":{"rendered":"https:\/\/staging.nbg.eu\/product\/area-419-3-inch-stackable-drop-tube\/"},"modified":"2025-01-10T10:36:18","modified_gmt":"2025-01-10T10:36:18","slug":"area-419-3-huvelykes-rakahato-ledobo-cso","status":"publish","type":"product","link":"https:\/\/staging.nbg.eu\/hu\/termek\/area-419-3-huvelykes-rakahato-ledobo-cso\/","title":{"rendered":"Area 419 &#8211; 3 Huvelykes Rakahato Ledobo Cso"},"content":{"rendered":"<h2>Area 419 &#8211; 3 h\u00fcvelykes \u00f6sszerakhat\u00f3 adagol\u00f3cs\u0151<\/h2>\n<p>Az Area 419 3 h\u00fcvelykes \u00f6sszerakhat\u00f3 adagol\u00f3cs\u0151 jav\u00edtja az \u00fajrat\u00f6lt\u00e9s pontoss\u00e1g\u00e1t. Extrud\u00e1lt l\u0151porokhoz tervezt\u00e9k, \u00e9s lehet\u0151v\u00e9 teszi a t\u00f6lt\u00e9nyek teljesebb t\u00f6lt\u00e9s\u00e9t a standard lehet\u0151s\u00e9gekn\u00e9l.<\/p>\n<h2>F\u0151 jellemz\u0151k:<\/h2>\n<ul>\n<li>Kompatibilis az Area 419 cser\u00e9lhet\u0151 fej\u0171 l\u0151por t\u00f6lcs\u00e9r rendszerrel<\/li>\n<li>3&#8243; hossz\u00fas\u00e1g, \u00f6sszerakhat\u00f3 egyedi magass\u00e1gokhoz<\/li>\n<li>Kaliber-specifikus fejeket fogad<\/li>\n<li>T\u00f6m\u00f6r 6061-T6 alum\u00edniumb\u00f3l k\u00e9sz\u00fclt<\/li>\n<li>II. t\u00edpus\u00fa elox\u00e1lt fel\u00fclet<\/li>\n<\/ul>\n<h2>Specifik\u00e1ci\u00f3k:<\/h2>\n<ul>\n<li>S\u00faly: 0,2 font<\/li>\n<li>M\u00e9retek: 3&#8243; \u00d7 0,8&#8243; \u00d7 0,8&#8243;<\/li>\n<li>Gy\u00e1rt\u00f3: Area 419<\/li>\n<\/ul>\n<p>Ez a sokoldal\u00fa \u00e9s prec\u00edzen megtervezett adagol\u00f3cs\u0151 jav\u00edtja az \u00fajrat\u00f6lt\u00e9si folyamatot.<\/p>\n","protected":false},"excerpt":{"rendered":"<p>Egym\u00e1sra rakhat\u00f3 3&#8243; porkiad\u00f3 cs\u0151 a hat\u00e9kony t\u00f6lt\u00e9nyh\u00fcvely-t\u00f6lt\u00e9shez. Alum\u00ednium.<\/p>\n","protected":false},"featured_media":119164,"template":"","meta":{"_acf_changed":false},"product_brand":[11039],"product_cat":[12963,12917],"product_tag":[],"class_list":{"0":"post-139308","1":"product","2":"type-product","3":"status-publish","4":"has-post-thumbnail","6":"product_brand-area-419","7":"product_cat-ujratoeltes","8":"product_cat-ujratoelto-kiegeszitok","10":"first","11":"outofstock","12":"taxable","13":"shipping-taxable","14":"purchasable","15":"product-type-simple"},"acf":[],"_links":{"self":[{"href":"https:\/\/staging.nbg.eu\/hu\/wp-json\/wp\/v2\/product\/139308","targetHints":{"allow":["GET"]}}],"collection":[{"href":"https:\/\/staging.nbg.eu\/hu\/wp-json\/wp\/v2\/product"}],"about":[{"href":"https:\/\/staging.nbg.eu\/hu\/wp-json\/wp\/v2\/types\/product"}],"wp:featuredmedia":[{"embeddable":true,"href":"https:\/\/staging.nbg.eu\/hu\/wp-json\/wp\/v2\/media\/119164"}],"wp:attachment":[{"href":"https:\/\/staging.nbg.eu\/hu\/wp-json\/wp\/v2\/media?parent=139308"}],"wp:term":[{"taxonomy":"product_brand","embeddable":true,"href":"https:\/\/staging.nbg.eu\/hu\/wp-json\/wp\/v2\/product_brand?post=139308"},{"taxonomy":"product_cat","embeddable":true,"href":"https:\/\/staging.nbg.eu\/hu\/wp-json\/wp\/v2\/product_cat?post=139308"},{"taxonomy":"product_tag","embeddable":true,"href":"https:\/\/staging.nbg.eu\/hu\/wp-json\/wp\/v2\/product_tag?post=139308"}],"curies":[{"name":"wp","href":"https:\/\/api.w.org\/{rel}","templated":true}]}}