{"id":139182,"date":"2025-01-04T11:14:34","date_gmt":"2025-01-04T11:14:34","guid":{"rendered":"https:\/\/staging.nbg.eu\/product\/fixed-scope-level-for-area-419-rings-and-mounts\/"},"modified":"2025-01-10T10:27:59","modified_gmt":"2025-01-10T10:27:59","slug":"rogzitett-tavcso-libella-area-419-gyurukhoz-es-tartokhoz","status":"publish","type":"product","link":"https:\/\/staging.nbg.eu\/hu\/termek\/rogzitett-tavcso-libella-area-419-gyurukhoz-es-tartokhoz\/","title":{"rendered":"Rogzitett Tavcso Libella Area 419 Gyurukhoz es Tartokhoz"},"content":{"rendered":"<div class=\"product-description\">\n<h2>R\u00f6gz\u00edtett t\u00e1vcs\u0151 szintez\u0151 az Area 419 gy\u0171r\u0171kh\u00f6z \u00e9s r\u00f6gz\u00edt\u0151kh\u00f6z<\/h2>\n<p>A r\u00f6gz\u00edtett t\u00e1vcs\u0151 szintez\u0151 a k\u00f6vetkez\u0151 jellemz\u0151kkel rendelkezik:<\/p>\n<ul>\n<li>J\u00f3l l\u00e1that\u00f3 folyad\u00e9kos libella a k\u00f6nny\u0171 leolvas\u00e1shoz<\/li>\n<li>T\u00f6bbf\u00e9le r\u00f6gz\u00edt\u00e9si ponttal kompatibilis kialak\u00edt\u00e1s<\/li>\n<li>6061-es alum\u00edniumb\u00f3l k\u00e9sz\u00fclt<\/li>\n<li>Amerikai gy\u00e1rtm\u00e1ny<\/li>\n<\/ul>\n<p>Prec\u00edzi\u00f3s l\u00f6v\u00e9szek sz\u00e1m\u00e1ra k\u00e9sz\u00fclt. B\u00e1rmely gy\u0171r\u0171nkh\u00f6z \u00e9s r\u00f6gz\u00edt\u0151nkh\u00f6z felszerelhet\u0151.<\/p>\n<h3>M\u0171szaki adatok:<\/h3>\n<ul>\n<li>S\u00faly: 0,23 kg<\/li>\n<li>M\u00e9retek: 15,24 \u00d7 10,16 \u00d7 2,54 cm<\/li>\n<\/ul>\n<p>A r\u00f6gz\u00edtett t\u00e1vcs\u0151 szintez\u0151 az egyszer\u0171s\u00e9get \u00e9s a pontoss\u00e1got \u00f6tv\u00f6zi.<\/p>\n<\/div>\n","protected":false},"excerpt":{"rendered":"<p>&#8220;L\u00e1that\u00f3, ism\u00e9telhet\u0151 szintez\u0151. Amerikai gy\u00e1rtm\u00e1ny\u00fa alum\u00ednium. Sokoldal\u00fa r\u00f6gz\u00edt\u00e9si lehet\u0151s\u00e9gek.&#8221;<\/p>\n","protected":false},"featured_media":118922,"template":"","meta":{"_acf_changed":false},"product_brand":[11039],"product_cat":[12943,12900],"product_tag":[],"class_list":{"0":"post-139182","1":"product","2":"type-product","3":"status-publish","4":"has-post-thumbnail","6":"product_brand-area-419","7":"product_cat-celzas","8":"product_cat-celzo-kiegeszitok","10":"first","11":"instock","12":"taxable","13":"shipping-taxable","14":"purchasable","15":"product-type-simple"},"acf":[],"_links":{"self":[{"href":"https:\/\/staging.nbg.eu\/hu\/wp-json\/wp\/v2\/product\/139182","targetHints":{"allow":["GET"]}}],"collection":[{"href":"https:\/\/staging.nbg.eu\/hu\/wp-json\/wp\/v2\/product"}],"about":[{"href":"https:\/\/staging.nbg.eu\/hu\/wp-json\/wp\/v2\/types\/product"}],"wp:featuredmedia":[{"embeddable":true,"href":"https:\/\/staging.nbg.eu\/hu\/wp-json\/wp\/v2\/media\/118922"}],"wp:attachment":[{"href":"https:\/\/staging.nbg.eu\/hu\/wp-json\/wp\/v2\/media?parent=139182"}],"wp:term":[{"taxonomy":"product_brand","embeddable":true,"href":"https:\/\/staging.nbg.eu\/hu\/wp-json\/wp\/v2\/product_brand?post=139182"},{"taxonomy":"product_cat","embeddable":true,"href":"https:\/\/staging.nbg.eu\/hu\/wp-json\/wp\/v2\/product_cat?post=139182"},{"taxonomy":"product_tag","embeddable":true,"href":"https:\/\/staging.nbg.eu\/hu\/wp-json\/wp\/v2\/product_tag?post=139182"}],"curies":[{"name":"wp","href":"https:\/\/api.w.org\/{rel}","templated":true}]}}