{"id":139074,"date":"2025-01-04T11:21:50","date_gmt":"2025-01-04T11:21:50","guid":{"rendered":"https:\/\/staging.nbg.eu\/product\/area-419-master-funnel-kit\/"},"modified":"2025-01-10T10:22:37","modified_gmt":"2025-01-10T10:22:37","slug":"area-419-mester-tolcser-keszlet","status":"publish","type":"product","link":"https:\/\/staging.nbg.eu\/hu\/termek\/area-419-mester-tolcser-keszlet\/","title":{"rendered":"Area 419 &#8211; Mester Tolcser Keszlet"},"content":{"rendered":"<h2>Area 419 &#8211; T\u00f6lt\u0151t\u00f6lcs\u00e9r k\u00e9szlet<\/h2>\n<p>Az Area 419 T\u00f6lt\u0151t\u00f6lcs\u00e9r k\u00e9szlet tartalma:<\/p>\n<ul>\n<li>1 T\u00f6lcs\u00e9rtest<\/li>\n<li>6 Kaliberspecifikus, sz\u00ednk\u00f3dolt fej (22 cal, 6mm\/243, 6.5mm\/264, 7mm\/284, 30 cal, 338 cal)<\/li>\n<li>1 T\u00e1rol\u00f3blokk<\/li>\n<\/ul>\n<p>6061-T6 alum\u00edniumb\u00f3l k\u00e9sz\u00fclt, cs\u00f6kkenti a statikus t\u00f6lt\u00e9st \u00e9s biztos\u00edtja a l\u0151por \u00e1raml\u00e1s\u00e1t. A cser\u00e9lhet\u0151 fejek illeszkednek az egyes kaliberekhez. A t\u00f6lcs\u00e9r jellemz\u0151i:<\/p>\n<ul>\n<li>Bord\u00e1zott bels\u0151 fel\u00fclet a l\u0151por \u00e1raml\u00e1s\u00e1hoz<\/li>\n<li>Markolattal ell\u00e1tva<\/li>\n<li>Sima fel\u00fcletek a l\u0151por tapad\u00e1s\u00e1nak megel\u0151z\u00e9s\u00e9re<\/li>\n<\/ul>\n<p>Az Egyes\u00fclt \u00c1llamokban gy\u00e1rtott k\u00e9szlet \u00fajrat\u00f6lt\u00e9shez haszn\u00e1lhat\u00f3.<\/p>\n","protected":false},"excerpt":{"rendered":"<p>Area 419 Mester T\u00f6lcs\u00e9r K\u00e9szlet: Prec\u00edzi\u00f3s \u00fajrat\u00f6lt\u00e9s 6 kaliber\u0171 fejjel.<\/p>\n","protected":false},"featured_media":119066,"template":"","meta":{"_acf_changed":false},"product_brand":[11039],"product_cat":[12963,12917],"product_tag":[],"class_list":{"0":"post-139074","1":"product","2":"type-product","3":"status-publish","4":"has-post-thumbnail","6":"product_brand-area-419","7":"product_cat-ujratoeltes","8":"product_cat-ujratoelto-kiegeszitok","10":"first","11":"instock","12":"taxable","13":"shipping-taxable","14":"purchasable","15":"product-type-simple"},"acf":[],"_links":{"self":[{"href":"https:\/\/staging.nbg.eu\/hu\/wp-json\/wp\/v2\/product\/139074","targetHints":{"allow":["GET"]}}],"collection":[{"href":"https:\/\/staging.nbg.eu\/hu\/wp-json\/wp\/v2\/product"}],"about":[{"href":"https:\/\/staging.nbg.eu\/hu\/wp-json\/wp\/v2\/types\/product"}],"wp:featuredmedia":[{"embeddable":true,"href":"https:\/\/staging.nbg.eu\/hu\/wp-json\/wp\/v2\/media\/119066"}],"wp:attachment":[{"href":"https:\/\/staging.nbg.eu\/hu\/wp-json\/wp\/v2\/media?parent=139074"}],"wp:term":[{"taxonomy":"product_brand","embeddable":true,"href":"https:\/\/staging.nbg.eu\/hu\/wp-json\/wp\/v2\/product_brand?post=139074"},{"taxonomy":"product_cat","embeddable":true,"href":"https:\/\/staging.nbg.eu\/hu\/wp-json\/wp\/v2\/product_cat?post=139074"},{"taxonomy":"product_tag","embeddable":true,"href":"https:\/\/staging.nbg.eu\/hu\/wp-json\/wp\/v2\/product_tag?post=139074"}],"curies":[{"name":"wp","href":"https:\/\/api.w.org\/{rel}","templated":true}]}}