{"id":138334,"date":"2025-01-04T04:14:08","date_gmt":"2025-01-09T20:34:33","guid":{"rendered":"https:\/\/staging.nbg.eu\/product\/area-419-remington-700-long-action-improved-scope-rail-isr-la\/"},"modified":"2025-01-09T20:36:51","modified_gmt":"2025-01-09T20:36:51","slug":"area-419-remington-700-long-action-javitott-tavcso-sin-isr-la","status":"publish","type":"product","link":"https:\/\/staging.nbg.eu\/hu\/termek\/area-419-remington-700-long-action-javitott-tavcso-sin-isr-la\/","title":{"rendered":"Area 419 &#8211; Remington 700 Long Action Javitott Tavcso Sin (ISR-LA)"},"content":{"rendered":"<div class=\"product-description\">\n<h2>Area 419 &#8211; Remington 700 hossz\u00fa m\u0171k\u00f6d\u00e9s\u0171 tov\u00e1bbfejlesztett t\u00e1vcs\u0151szerel\u00e9k (ISR-LA)<\/h2>\n<p>Az Area 419 ISR-LA t\u00e1vcs\u0151szerel\u00e9k jellemz\u0151i. 7075 alum\u00edniumb\u00f3l prec\u00edzi\u00f3s megmunk\u00e1l\u00e1ssal k\u00e9sz\u00fclt, \u00e9s a k\u00f6vetkez\u0151ket tartalmazza:<\/p>\n<ul>\n<li>Be\u00e9p\u00edtett visszar\u00fag\u00e1sg\u00e1tl\u00f3 a jobb stabilit\u00e1s\u00e9rt<\/li>\n<li>El\u00e9rhet\u0151 teljesen hornyolt \u00e9s ARC tet\u0151s kivitelben<\/li>\n<li>#6 \u00e9s #8 csavarokkal kompatibilis<\/li>\n<li>20 MOA sz\u00f6g a megn\u00f6velt hat\u00f3t\u00e1vols\u00e1g\u00e9rt<\/li>\n<li>MIL-STD-1913 szabv\u00e1nynak megfelel\u0151<\/li>\n<li>III. t\u00edpus\u00fa kem\u00e9nybevonat\u00fa fekete elox\u00e1lt fel\u00fclet<\/li>\n<\/ul>\n<p>Tartalmazza a r\u00f6gz\u00edt\u0151elemeket \u00e9s a Torx T10 csavarh\u00faz\u00f3t. V\u00e1laszthat a teljesen hornyolt v\u00e1ltozat k\u00f6z\u00f6tt az univerz\u00e1lis kompatibilit\u00e1s\u00e9rt, vagy az ARC tet\u0151s kivitel k\u00f6z\u00f6tt. M\u00e9retek: 8,25&#8243; \u00d7 1&#8243; \u00d7 1&#8243;, S\u00faly: 0,2 font.<\/p>\n<\/div>\n","protected":false},"excerpt":{"rendered":"<p>Prec\u00edzi\u00f3s m\u00e9rn\u00f6ki tervez\u00e9s\u0171 20 MOA t\u00e1vcs\u0151s\u00edn Remington 700 LA pusk\u00e1khoz.<\/p>\n","protected":false},"featured_media":111606,"template":"","meta":{"_acf_changed":false},"product_brand":[11039],"product_cat":[12967,12915],"product_tag":[],"class_list":{"0":"post-138334","1":"product","2":"type-product","3":"status-publish","4":"has-post-thumbnail","6":"product_brand-area-419","7":"product_cat-puska","8":"product_cat-sinek","10":"first","11":"instock","12":"taxable","13":"shipping-taxable","14":"purchasable","15":"product-type-variable","16":"wvs-archive-product-wrapper"},"acf":[],"_links":{"self":[{"href":"https:\/\/staging.nbg.eu\/hu\/wp-json\/wp\/v2\/product\/138334","targetHints":{"allow":["GET"]}}],"collection":[{"href":"https:\/\/staging.nbg.eu\/hu\/wp-json\/wp\/v2\/product"}],"about":[{"href":"https:\/\/staging.nbg.eu\/hu\/wp-json\/wp\/v2\/types\/product"}],"wp:featuredmedia":[{"embeddable":true,"href":"https:\/\/staging.nbg.eu\/hu\/wp-json\/wp\/v2\/media\/111606"}],"wp:attachment":[{"href":"https:\/\/staging.nbg.eu\/hu\/wp-json\/wp\/v2\/media?parent=138334"}],"wp:term":[{"taxonomy":"product_brand","embeddable":true,"href":"https:\/\/staging.nbg.eu\/hu\/wp-json\/wp\/v2\/product_brand?post=138334"},{"taxonomy":"product_cat","embeddable":true,"href":"https:\/\/staging.nbg.eu\/hu\/wp-json\/wp\/v2\/product_cat?post=138334"},{"taxonomy":"product_tag","embeddable":true,"href":"https:\/\/staging.nbg.eu\/hu\/wp-json\/wp\/v2\/product_tag?post=138334"}],"curies":[{"name":"wp","href":"https:\/\/api.w.org\/{rel}","templated":true}]}}