{"id":137785,"date":"2025-01-04T10:53:28","date_gmt":"2025-01-04T10:53:28","guid":{"rendered":"https:\/\/staging.nbg.eu\/product\/area-419-harris-bipod-adapter\/"},"modified":"2025-01-09T15:58:07","modified_gmt":"2025-01-09T15:58:07","slug":"area-419-harris-ketlab-adapter","status":"publish","type":"product","link":"https:\/\/staging.nbg.eu\/hu\/termek\/area-419-harris-ketlab-adapter\/","title":{"rendered":"Area 419 &#8211; Harris Ketlab Adapter"},"content":{"rendered":"<div class=\"product-description\">\n<h2>Area 419 &#8211; Harris Bipod Adapter<\/h2>\n<p>Az Area 419 Adapter a Harris elforgathat\u00f3 bipodokhoz k\u00e9sz\u00fclt. Ez az adapter lehet\u0151v\u00e9 teszi a bipod r\u00f6gz\u00edt\u00e9s\u00e9t ARCALOCK szor\u00edt\u00f3alapokhoz vagy Atlas Bipod s\u00edn adapterekhez.<\/p>\n<ul>\n<li>Az eredeti elforgathat\u00f3 csap r\u00f6gz\u00edt\u00e9si platformj\u00e1t helyettes\u00edti<\/li>\n<li>Kompatibilis a gy\u00e1ri fesz\u00edt\u0151csavarral vagy a KMW Pod Loc-kal<\/li>\n<li>6061-T6 alum\u00edniumb\u00f3l k\u00e9sz\u00fclt<\/li>\n<li>III-as t\u00edpus\u00fa fekete kem\u00e9nybevonatos elox\u00e1lt fel\u00fclet<\/li>\n<li>S\u00falya 0,09 kg<\/li>\n<li>M\u00e9rete: 3,81 \u00d7 3,81 \u00d7 3,81 cm<\/li>\n<\/ul>\n<p><strong>Megjegyz\u00e9s:<\/strong> A bipod \u00e9s a szor\u00edt\u00f3 nem tartoz\u00e9k. Nem kompatibilis a Barricade Stop-pal.<\/p>\n<\/div>\n","protected":false},"excerpt":{"rendered":"<p>Lehet\u0151v\u00e9 teszi a Harris Swivel Bipod \u00e1llv\u00e1nyok adapt\u00e1l\u00e1s\u00e1t ARCALOCK vagy Atlas s\u00ednrendszerekhez.<\/p>\n","protected":false},"featured_media":117894,"template":"","meta":{"_acf_changed":false},"product_brand":[11039],"product_cat":[12960,12967,12915],"product_tag":[],"class_list":{"0":"post-137785","1":"product","2":"type-product","3":"status-publish","4":"has-post-thumbnail","6":"product_brand-area-419","7":"product_cat-ketlabuak","8":"product_cat-puska","9":"product_cat-sinek","11":"first","12":"outofstock","13":"taxable","14":"shipping-taxable","15":"purchasable","16":"product-type-simple"},"acf":[],"_links":{"self":[{"href":"https:\/\/staging.nbg.eu\/hu\/wp-json\/wp\/v2\/product\/137785","targetHints":{"allow":["GET"]}}],"collection":[{"href":"https:\/\/staging.nbg.eu\/hu\/wp-json\/wp\/v2\/product"}],"about":[{"href":"https:\/\/staging.nbg.eu\/hu\/wp-json\/wp\/v2\/types\/product"}],"wp:featuredmedia":[{"embeddable":true,"href":"https:\/\/staging.nbg.eu\/hu\/wp-json\/wp\/v2\/media\/117894"}],"wp:attachment":[{"href":"https:\/\/staging.nbg.eu\/hu\/wp-json\/wp\/v2\/media?parent=137785"}],"wp:term":[{"taxonomy":"product_brand","embeddable":true,"href":"https:\/\/staging.nbg.eu\/hu\/wp-json\/wp\/v2\/product_brand?post=137785"},{"taxonomy":"product_cat","embeddable":true,"href":"https:\/\/staging.nbg.eu\/hu\/wp-json\/wp\/v2\/product_cat?post=137785"},{"taxonomy":"product_tag","embeddable":true,"href":"https:\/\/staging.nbg.eu\/hu\/wp-json\/wp\/v2\/product_tag?post=137785"}],"curies":[{"name":"wp","href":"https:\/\/api.w.org\/{rel}","templated":true}]}}