{"id":137421,"date":"2025-01-04T07:45:36","date_gmt":"2025-01-09T11:24:58","guid":{"rendered":"https:\/\/staging.nbg.eu\/product\/area-419-picatinny-1913-adapter-for-arcalock-clamps\/"},"modified":"2025-01-09T11:26:46","modified_gmt":"2025-01-09T11:26:46","slug":"area-419-picatinny1913-adapter-arcalock-szoritokhoz","status":"publish","type":"product","link":"https:\/\/staging.nbg.eu\/hu\/termek\/area-419-picatinny1913-adapter-arcalock-szoritokhoz\/","title":{"rendered":"Area 419 &#8211; Picatinny\/1913 Adapter ARCALOCK Szoritokhoz"},"content":{"rendered":"<h2>Area 419 &#8211; Picatinny\/1913 adapter ARCALOCK bilincsekhez<\/h2>\n<p>Ez a 4 foglalat\u00fa Picatinny s\u00edn adapter az ARCALOCK bilincshez k\u00e9sz\u00fclt. Az adapter lehet\u0151v\u00e9 teszi b\u00e1rmely Picatinny-kompatibilis bipod haszn\u00e1lat\u00e1t a megl\u00e9v\u0151 felszerel\u00e9s\u00e9vel.<\/p>\n<h2>F\u0151bb jellemz\u0151k:<\/h2>\n<ul>\n<li>Kompatibilis Atlas BT10 2 csavaros modellekkel, Evo-val \u00e9s m\u00e1s pic-kompatibilis bipodokkal<\/li>\n<li>H\u00e1zon bel\u00fcl gy\u00e1rtott<\/li>\n<li>Be\u00e9p\u00edtett s\u00fcllyesztett cs\u00e9sze sz\u00edj r\u00f6gz\u00edt\u00e9shez<\/li>\n<li>K\u00f6nny\u0171 \u00e9s kompakt kialak\u00edt\u00e1s<\/li>\n<\/ul>\n<h2>Specifik\u00e1ci\u00f3k:<\/h2>\n<ul>\n<li>S\u00faly: 0,09 kg<\/li>\n<li>M\u00e9retek: 5,08 cm \u00d7 1,27 cm \u00d7 1,27 cm<\/li>\n<li>Gy\u00e1rt\u00f3: B&amp;T Industries<\/li>\n<\/ul>\n<p>Az ARCALOCK bilincs adapter lehet\u0151v\u00e9 teszi a l\u00f6v\u00e9szeti felszerel\u00e9s sokoldal\u00fa haszn\u00e1lat\u00e1t.<\/p>\n","protected":false},"excerpt":{"rendered":"<p>4 rekeszes pic s\u00edn ARCALOCK bilincshez, Atlas \u00e9s Evo k\u00e9tl\u00e1b\u00fa \u00e1llv\u00e1nyokhoz illeszkedik.<\/p>\n","protected":false},"featured_media":115689,"template":"","meta":{"_acf_changed":false},"product_brand":[11039],"product_cat":[12967,12915,390],"product_tag":[],"class_list":{"0":"post-137421","1":"product","2":"type-product","3":"status-publish","4":"has-post-thumbnail","6":"product_brand-area-419","7":"product_cat-puska","8":"product_cat-sinek","9":"product_cat-aiming","11":"first","12":"instock","13":"taxable","14":"shipping-taxable","15":"purchasable","16":"product-type-simple"},"acf":[],"_links":{"self":[{"href":"https:\/\/staging.nbg.eu\/hu\/wp-json\/wp\/v2\/product\/137421","targetHints":{"allow":["GET"]}}],"collection":[{"href":"https:\/\/staging.nbg.eu\/hu\/wp-json\/wp\/v2\/product"}],"about":[{"href":"https:\/\/staging.nbg.eu\/hu\/wp-json\/wp\/v2\/types\/product"}],"wp:featuredmedia":[{"embeddable":true,"href":"https:\/\/staging.nbg.eu\/hu\/wp-json\/wp\/v2\/media\/115689"}],"wp:attachment":[{"href":"https:\/\/staging.nbg.eu\/hu\/wp-json\/wp\/v2\/media?parent=137421"}],"wp:term":[{"taxonomy":"product_brand","embeddable":true,"href":"https:\/\/staging.nbg.eu\/hu\/wp-json\/wp\/v2\/product_brand?post=137421"},{"taxonomy":"product_cat","embeddable":true,"href":"https:\/\/staging.nbg.eu\/hu\/wp-json\/wp\/v2\/product_cat?post=137421"},{"taxonomy":"product_tag","embeddable":true,"href":"https:\/\/staging.nbg.eu\/hu\/wp-json\/wp\/v2\/product_tag?post=137421"}],"curies":[{"name":"wp","href":"https:\/\/api.w.org\/{rel}","templated":true}]}}