{"id":137042,"date":"2024-01-30T18:18:15","date_gmt":"2024-01-30T18:18:15","guid":{"rendered":"https:\/\/staging.nbg.eu\/product\/geissele-gfr-6mm-arc-maritime-reconnaissance-18-rifle-ddc\/"},"modified":"2025-01-09T10:23:25","modified_gmt":"2025-01-09T10:23:25","slug":"geissele-gfr-6mm-arc-maritime-reconnaissance-18-puska-ddc","status":"publish","type":"product","link":"https:\/\/staging.nbg.eu\/hu\/termek\/geissele-gfr-6mm-arc-maritime-reconnaissance-18-puska-ddc\/","title":{"rendered":"Geissele GFR 6MM ARC Maritime Reconnaissance, 18&#8243;, Puska \u2013 DDC"},"content":{"rendered":"<div class=\"product-description\">\n<h2>Geissele GFR 6MM ARC Tenger\u00e9szeti Felder\u00edt\u0151 Puska &#8211; DDC<\/h2>\n<p>A Geissele Freedom Rifle (GFR) 18&#8243; Tenger\u00e9szeti Felder\u00edt\u0151 Puska egy AR15 t\u00edpus\u00fa fegyver. Ez a l\u0151fegyver m\u00e9rn\u00f6ki tervez\u00e9st \u00e9s technol\u00f3gi\u00e1t kombin\u00e1l a teljes\u00edtm\u00e9ny \u00e9rdek\u00e9ben.<\/p>\n<h2>F\u0151 jellemz\u0151k:<\/h2>\n<ul>\n<li>18&#8243; Kr\u00f3mb\u00e9l\u00e9ses, hidegen kov\u00e1csolt cs\u0151 (1:7.5 huzagol\u00e1s)<\/li>\n<li>6MM ARC kaliber\u0171 a hossz\u00fa t\u00e1v\u00fa pontoss\u00e1g\u00e9rt<\/li>\n<li>GFR-E els\u00fct\u0151szerkezet Nanoweapon bevonattal<\/li>\n<li>Megb\u00edzhat\u00f3s\u00e1gn\u00f6velt z\u00e1rdugatty\u00fa (REBCG) Nanoweapon bevonattal<\/li>\n<li>16.5&#8243; MK16 Super Modular s\u00edn k\u00f6z\u00e9ps\u0151 igaz\u00edt\u00f3 f\u00fcllel<\/li>\n<li>HUXWRX L\u00e1ngrejt\u0151-QD 6MM ARC hangtomp\u00edt\u00f3-kompatibilis cs\u0151sz\u00e1jszerkezet<\/li>\n<li>Geissele Super felh\u00faz\u00f3kar \u00e9s tenger\u00e9szeti z\u00e1rretesz<\/li>\n<li>Geissele SBS tus n\u00e9gy QD sz\u00edjr\u00f6gz\u00edt\u0151 foglalattal<\/li>\n<li>Super 42 pufferrendszer<\/li>\n<li>Sivatagi homok sz\u00edn (DDC) fel\u00fclet<\/li>\n<\/ul>\n<h2>M\u0171szaki adatok:<\/h2>\n<ul>\n<li>Hossz (Beh\u00fazva): 36 1\/8&#8243;<\/li>\n<li>Hossz (Kih\u00fazva): 39 3\/8&#8243;<\/li>\n<li>S\u00faly: Kb. 7.8 font<\/li>\n<li>G\u00e1zrendszer: Puska hossz\u00fas\u00e1g\u00fa +1<\/li>\n<li>G\u00e1zblokk: Antistrike Super Compact g\u00e1zblokk<\/li>\n<\/ul>\n<p>A GFR Tenger\u00e9szeti Felder\u00edt\u0151 Puska Geissele Nanoweapon bevonattal rendelkezik, amely korr\u00f3zi\u00f3-, kop\u00e1s- \u00e9s d\u00f6rzs\u00f6l\u00e9s\u00e1ll\u00f3s\u00e1got biztos\u00edt. Ez a fel\u00fclet megk\u00f6nny\u00edti a tiszt\u00edt\u00e1st \u00e9s megb\u00edzhat\u00f3 m\u0171k\u00f6d\u00e9st biztos\u00edt minim\u00e1lis ken\u00e9ssel.<\/p>\n<p>A Geissele GFR 6MM ARC Tenger\u00e9szeti Felder\u00edt\u0151 Puska innov\u00e1ci\u00f3t \u00e9s pontoss\u00e1got \u00f6tv\u00f6z.<\/p>\n<\/div>\n","protected":false},"excerpt":{"rendered":"<p>Prec\u00edzi\u00f3s tervez\u00e9s\u0171 18&#8243; 6MM ARC puska fejlett jellemz\u0151kkel tengeri haszn\u00e1latra.<\/p>\n","protected":false},"featured_media":81521,"template":"","meta":{"_acf_changed":false},"product_brand":[11393],"product_cat":[12964,12967],"product_tag":[],"class_list":{"0":"post-137042","1":"product","2":"type-product","3":"status-publish","4":"has-post-thumbnail","6":"product_brand-geissele","7":"product_cat-karabelyok","8":"product_cat-puska","10":"first","11":"instock","12":"taxable","13":"shipping-taxable","14":"product-type-simple"},"acf":[],"_links":{"self":[{"href":"https:\/\/staging.nbg.eu\/hu\/wp-json\/wp\/v2\/product\/137042","targetHints":{"allow":["GET"]}}],"collection":[{"href":"https:\/\/staging.nbg.eu\/hu\/wp-json\/wp\/v2\/product"}],"about":[{"href":"https:\/\/staging.nbg.eu\/hu\/wp-json\/wp\/v2\/types\/product"}],"wp:featuredmedia":[{"embeddable":true,"href":"https:\/\/staging.nbg.eu\/hu\/wp-json\/wp\/v2\/media\/81521"}],"wp:attachment":[{"href":"https:\/\/staging.nbg.eu\/hu\/wp-json\/wp\/v2\/media?parent=137042"}],"wp:term":[{"taxonomy":"product_brand","embeddable":true,"href":"https:\/\/staging.nbg.eu\/hu\/wp-json\/wp\/v2\/product_brand?post=137042"},{"taxonomy":"product_cat","embeddable":true,"href":"https:\/\/staging.nbg.eu\/hu\/wp-json\/wp\/v2\/product_cat?post=137042"},{"taxonomy":"product_tag","embeddable":true,"href":"https:\/\/staging.nbg.eu\/hu\/wp-json\/wp\/v2\/product_tag?post=137042"}],"curies":[{"name":"wp","href":"https:\/\/api.w.org\/{rel}","templated":true}]}}