{"id":136796,"date":"2024-11-26T18:19:06","date_gmt":"2024-11-26T18:19:06","guid":{"rendered":"https:\/\/staging.nbg.eu\/product\/geissele-border-patrol-rifle-14-5-5-56mm-black\/"},"modified":"2025-01-09T09:53:20","modified_gmt":"2025-01-09T09:53:20","slug":"geissele-border-patrol-puska-145-556mm-fekete","status":"publish","type":"product","link":"https:\/\/staging.nbg.eu\/hu\/termek\/geissele-border-patrol-puska-145-556mm-fekete\/","title":{"rendered":"Geissele Border Patrol Puska, 14.5&#8243;, 5.56MM &#8211; Fekete"},"content":{"rendered":"<div class=\"product-description\">\n<h2>Geissele Hat\u00e1r\u0151r Puska, 14,5&#8243;, 5,56MM &#8211; Fekete<\/h2>\n<p>A Geissele Hat\u00e1r\u0151r Puska egy szolg\u00e1lati puska. Ez az AR-15 megb\u00edzhat\u00f3 szolg\u00e1latot ny\u00fajt zord k\u00f6r\u00fclm\u00e9nyek k\u00f6z\u00f6tt.<\/p>\n<h2>F\u0151 jellemz\u0151k:<\/h2>\n<ul>\n<li>14,5&#8243; hidegen kov\u00e1csolt (CHF) cs\u0151 kr\u00f3mozott furattal<\/li>\n<li>1:7 huzagemelked\u00e9s \u00e9s 5,56x45mm NATO kamra<\/li>\n<li>K\u00f6zepes hossz\u00fas\u00e1g\u00fa g\u00e1zrendszer 17-4 rozsdamentes ac\u00e9l g\u00e1zblokkal<\/li>\n<li>12,6&#8243; MK20 Super Modular s\u00edn M-Lok foglalatokkal<\/li>\n<li>Super Duty kov\u00e1csolt 7075 T6 alum\u00ednium fels\u0151 \u00e9s als\u00f3 tok<\/li>\n<li>Geissele Government felh\u00faz\u00f3kar k\u00e9tkezes haszn\u00e1latra<\/li>\n<li>H2 puffer \u00e9s fonott huzal pufferrug\u00f3<\/li>\n<li>ALG Defense Advanced Combat els\u00fct\u0151szerkezet nikkel-b\u00f3r bevonattal<\/li>\n<li>Mang\u00e1n-foszf\u00e1t bevonat\u00fa Geissele z\u00e1rszerkezet \u00e9s z\u00e1r<\/li>\n<li>Meghosszabb\u00edtott A2 l\u00e1ngrejt\u0151 (r\u00f6gz\u00edtett \u00e9s hegesztett)<\/li>\n<li>BCM Mod 0 tus \u00e9s B5 markolat Geissele log\u00f3val<\/li>\n<\/ul>\n<p>A Hat\u00e1r\u0151r Puska k\u00f6nny\u0171 \u00e9s megb\u00edzhat\u00f3. Minden alkatr\u00e9szt \u00fagy v\u00e1lasztottak ki, hogy biztos\u00edtsa a hossz\u00fa t\u00e1v\u00fa haszn\u00e1latot zord k\u00f6r\u00fclm\u00e9nyek k\u00f6z\u00f6tt.<\/p>\n<p><strong>S\u00faly:<\/strong> Kb. 2,86 kg<br \/>\n  <strong>Hossz:<\/strong> 78,7 cm (\u00f6sszecsukva) &#8211; 87 cm (kinyitva)<\/p>\n<p><em>Megjegyz\u00e9s: Ez a puska tart\u00f3san r\u00f6gz\u00edtett \u00e9s hegesztett cs\u0151sz\u00e1jszerkezettel rendelkezik a t\u00f6rv\u00e9nyes cs\u0151hossz k\u00f6vetelm\u00e9nyek teljes\u00edt\u00e9se \u00e9rdek\u00e9ben. A m\u00f3dos\u00edt\u00e1s NFA szab\u00e1lyoz\u00e1sokat eredm\u00e9nyezhet. A v\u00e1s\u00e1rl\u00f3 felel\u0151s az \u00f6sszes vonatkoz\u00f3 t\u00f6rv\u00e9ny betart\u00e1s\u00e1\u00e9rt.<\/em><\/p>\n<\/div>\n","protected":false},"excerpt":{"rendered":"<p>Megb\u00edzhat\u00f3 14,5&#8243; 5,56 mm-es szolg\u00e1lati puska pr\u00e9mium jellemz\u0151kkel, zord k\u00f6r\u00fclm\u00e9nyekre tervezve.<\/p>\n","protected":false},"featured_media":191350,"template":"","meta":{"_acf_changed":false},"product_brand":[11393],"product_cat":[12964,12967],"product_tag":[],"class_list":{"0":"post-136796","1":"product","2":"type-product","3":"status-publish","4":"has-post-thumbnail","6":"product_brand-geissele","7":"product_cat-karabelyok","8":"product_cat-puska","10":"first","11":"instock","12":"taxable","13":"shipping-taxable","14":"product-type-simple"},"acf":[],"_links":{"self":[{"href":"https:\/\/staging.nbg.eu\/hu\/wp-json\/wp\/v2\/product\/136796","targetHints":{"allow":["GET"]}}],"collection":[{"href":"https:\/\/staging.nbg.eu\/hu\/wp-json\/wp\/v2\/product"}],"about":[{"href":"https:\/\/staging.nbg.eu\/hu\/wp-json\/wp\/v2\/types\/product"}],"wp:featuredmedia":[{"embeddable":true,"href":"https:\/\/staging.nbg.eu\/hu\/wp-json\/wp\/v2\/media\/191350"}],"wp:attachment":[{"href":"https:\/\/staging.nbg.eu\/hu\/wp-json\/wp\/v2\/media?parent=136796"}],"wp:term":[{"taxonomy":"product_brand","embeddable":true,"href":"https:\/\/staging.nbg.eu\/hu\/wp-json\/wp\/v2\/product_brand?post=136796"},{"taxonomy":"product_cat","embeddable":true,"href":"https:\/\/staging.nbg.eu\/hu\/wp-json\/wp\/v2\/product_cat?post=136796"},{"taxonomy":"product_tag","embeddable":true,"href":"https:\/\/staging.nbg.eu\/hu\/wp-json\/wp\/v2\/product_tag?post=136796"}],"curies":[{"name":"wp","href":"https:\/\/api.w.org\/{rel}","templated":true}]}}