{"id":136692,"date":"2024-11-26T18:21:35","date_gmt":"2025-01-09T09:44:12","guid":{"rendered":"https:\/\/staging.nbg.eu\/product\/geissele-border-patrol-pistol-11-5-5-56mm-black\/"},"modified":"2025-02-04T09:18:18","modified_gmt":"2025-02-04T09:18:18","slug":"geissele-border-patrol-pisztoly-115-556mm-fekete","status":"publish","type":"product","link":"https:\/\/staging.nbg.eu\/hu\/termek\/geissele-border-patrol-pisztoly-115-556mm-fekete\/","title":{"rendered":"Geissele Border Patrol Pisztoly, 11.5&#8243;, 5.56MM &#8211; Fekete"},"content":{"rendered":"<h2>Geissele Hat\u00e1r\u0151rs\u00e9gi Puska, 11,5&#8243;, 5,56MM &#8211; Fekete<\/h2>\n<p>A Geissele Hat\u00e1r\u0151rs\u00e9gi Puska egy teljesen felszerelt AR-15 puska, amelyet megb\u00edzhat\u00f3 szolg\u00e1latra terveztek ig\u00e9nyes k\u00f6r\u00fclm\u00e9nyek k\u00f6z\u00f6tt. Ez a k\u00f6nny\u0171 \u00e9s k\u00f6nnyen kezelhet\u0151 l\u0151fegyver j\u00f3 teljes\u00edtm\u00e9nyt ny\u00fajt a tart\u00f3ss\u00e1g fel\u00e1ldoz\u00e1sa n\u00e9lk\u00fcl.<\/p>\n<h2>F\u0151 jellemz\u0151k:<\/h2>\n<ul>\n<li>11,5&#8243; hidegen kov\u00e1csolt cs\u0151, kr\u00f3mozott furattal \u00e9s 1:7 huzagemelked\u00e9ssel<\/li>\n<li>Karab\u00e9ly hossz\u00fas\u00e1g\u00fa g\u00e1zrendszer 17-4 rozsdamentes ac\u00e9l g\u00e1zblokkal<\/li>\n<li>9,6&#8243; MK20 Super Modular s\u00edn M-Lok ny\u00edl\u00e1sokkal<\/li>\n<li>Super Duty kov\u00e1csolt 7075 T6 alum\u00ednium fels\u0151 \u00e9s als\u00f3 tok<\/li>\n<li>Geissele Government t\u00f6lt\u0151foganty\u00fa k\u00e9tkezes haszn\u00e1latra<\/li>\n<li>H2 puffer fonott huzal puffer rug\u00f3val a jobb megb\u00edzhat\u00f3s\u00e1g\u00e9rt<\/li>\n<li>ALG Defense Advanced Combat els\u00fct\u0151 szerkezet nikkel-b\u00f3r bevonattal<\/li>\n<li>SB Tactical SBA3 pisztoly t\u00e1masz<\/li>\n<\/ul>\n<h2>M\u0171szaki adatok:<\/h2>\n<ul>\n<li>Kaliber: 5,56MM NATO<\/li>\n<li>S\u00faly: K\u00f6r\u00fclbel\u00fcl 2,7 kg<\/li>\n<li>Hossz: 69,85 cm (\u00f6sszez\u00e1rva) &#8211; 76,2 cm (kinyitva)<\/li>\n<li>Z\u00e1rdugatty\u00fa csoport: Mang\u00e1n-foszf\u00e1t bevonat\u00fa Geissele BCG<\/li>\n<li>Cs\u0151sz\u00e1jszerkezet: A2 L\u00e1ngrejt\u0151<\/li>\n<\/ul>\n<p>A Hat\u00e1r\u0151rs\u00e9gi Pisztoly katonai specifik\u00e1ci\u00f3j\u00fa jellemz\u0151ket \u00f6tv\u00f6z teljes\u00edtm\u00e9nyn\u00f6vel\u0151 fejleszt\u00e9sekkel, \u00edgy kiv\u00e1l\u00f3 v\u00e1laszt\u00e1s azoknak, akik megb\u00edzhat\u00f3 \u00e9s tart\u00f3s AR-15 pisztolyt keresnek hosszabb ideig tart\u00f3 haszn\u00e1latra zord k\u00f6r\u00fclm\u00e9nyek k\u00f6z\u00f6tt.<\/p>\n","protected":false},"excerpt":{"rendered":"<p>Kompakt 11,5&#8243;-es AR pr\u00e9mium alkatr\u00e9szekkel a megb\u00edzhat\u00f3s\u00e1g \u00e9s teljes\u00edtm\u00e9ny \u00e9rdek\u00e9ben.<\/p>\n","protected":false},"featured_media":191302,"template":"","meta":{"_acf_changed":false},"product_brand":[11393],"product_cat":[12964,12967],"product_tag":[],"class_list":{"0":"post-136692","1":"product","2":"type-product","3":"status-publish","4":"has-post-thumbnail","6":"product_brand-geissele","7":"product_cat-karabelyok","8":"product_cat-puska","10":"first","11":"instock","12":"taxable","13":"shipping-taxable","14":"product-type-simple"},"acf":[],"_links":{"self":[{"href":"https:\/\/staging.nbg.eu\/hu\/wp-json\/wp\/v2\/product\/136692","targetHints":{"allow":["GET"]}}],"collection":[{"href":"https:\/\/staging.nbg.eu\/hu\/wp-json\/wp\/v2\/product"}],"about":[{"href":"https:\/\/staging.nbg.eu\/hu\/wp-json\/wp\/v2\/types\/product"}],"wp:featuredmedia":[{"embeddable":true,"href":"https:\/\/staging.nbg.eu\/hu\/wp-json\/wp\/v2\/media\/191302"}],"wp:attachment":[{"href":"https:\/\/staging.nbg.eu\/hu\/wp-json\/wp\/v2\/media?parent=136692"}],"wp:term":[{"taxonomy":"product_brand","embeddable":true,"href":"https:\/\/staging.nbg.eu\/hu\/wp-json\/wp\/v2\/product_brand?post=136692"},{"taxonomy":"product_cat","embeddable":true,"href":"https:\/\/staging.nbg.eu\/hu\/wp-json\/wp\/v2\/product_cat?post=136692"},{"taxonomy":"product_tag","embeddable":true,"href":"https:\/\/staging.nbg.eu\/hu\/wp-json\/wp\/v2\/product_tag?post=136692"}],"curies":[{"name":"wp","href":"https:\/\/api.w.org\/{rel}","templated":true}]}}