{"id":136571,"date":"2024-11-26T10:16:42","date_gmt":"2024-11-26T10:16:42","guid":{"rendered":"https:\/\/staging.nbg.eu\/product\/geissele-alg-defense-barrel-nut-wrench\/"},"modified":"2025-01-09T09:20:54","modified_gmt":"2025-01-09T09:20:54","slug":"geissele-alg-defense-csoanya-kulcs","status":"publish","type":"product","link":"https:\/\/staging.nbg.eu\/hu\/termek\/geissele-alg-defense-csoanya-kulcs\/","title":{"rendered":"Geissele ALG Defense Csoanya Kulcs"},"content":{"rendered":"<div class=\"product-description\">\n<h2>ALG Defense Cs\u0151anya Kulcs<\/h2>\n<p>Az ALG Defense Cs\u0151anya Kulcs egy eszk\u00f6z l\u0151fegyver-rajong\u00f3k \u00e9s fegyverm\u0171vesek sz\u00e1m\u00e1ra. Ez a kulcs lehet\u0151v\u00e9 teszi, hogy:<\/p>\n<ul>\n<li>Megfelel\u0151 nyomat\u00e9kot alkalmazzon a cs\u0151any\u00e1ra<\/li>\n<li>Egyszerre indexelje a cs\u0151any\u00e1t a g\u00e1zcs\u0151h\u00f6z<\/li>\n<li>\u00d6sszeszerelje az ALG Defense s\u00ednrendszereket nyomat\u00e9kkulcs n\u00e9lk\u00fcl<\/li>\n<\/ul>\n<p>Ez a kulcs egyszer\u0171s\u00edti a telep\u00edt\u00e9si folyamatot. A felhaszn\u00e1l\u00f3bar\u00e1t kialak\u00edt\u00e1s k\u00f6vetkezetes eredm\u00e9nyeket biztos\u00edt minden alkalommal, \u00edgy ez egy hasznos kieg\u00e9sz\u00edt\u0151 az eszk\u00f6zk\u00e9szlet\u00e9hez.<\/p>\n<p>Az ALG Defense Cs\u0151anya Kulcs megold\u00e1s a l\u0151fegyverek \u00f6sszeszerel\u00e9s\u00e9hez \u00e9s karbantart\u00e1s\u00e1hoz.<\/p>\n<\/div>\n","protected":false},"excerpt":{"rendered":"<p>ALG Defense cs\u0151anya kulcs: K\u00f6nny\u0171 nyomat\u00e9k \u00e9s poz\u00edcion\u00e1l\u00e1s, nincs sz\u00fcks\u00e9g tov\u00e1bbi eszk\u00f6z\u00f6kre.<\/p>\n","protected":false},"featured_media":81241,"template":"","meta":{"_acf_changed":false},"product_brand":[11393],"product_cat":[12916],"product_tag":[],"class_list":{"0":"post-136571","1":"product","2":"type-product","3":"status-publish","4":"has-post-thumbnail","6":"product_brand-geissele","7":"product_cat-puska-tuning","9":"first","10":"instock","11":"taxable","12":"shipping-taxable","13":"product-type-simple"},"acf":[],"_links":{"self":[{"href":"https:\/\/staging.nbg.eu\/hu\/wp-json\/wp\/v2\/product\/136571","targetHints":{"allow":["GET"]}}],"collection":[{"href":"https:\/\/staging.nbg.eu\/hu\/wp-json\/wp\/v2\/product"}],"about":[{"href":"https:\/\/staging.nbg.eu\/hu\/wp-json\/wp\/v2\/types\/product"}],"wp:featuredmedia":[{"embeddable":true,"href":"https:\/\/staging.nbg.eu\/hu\/wp-json\/wp\/v2\/media\/81241"}],"wp:attachment":[{"href":"https:\/\/staging.nbg.eu\/hu\/wp-json\/wp\/v2\/media?parent=136571"}],"wp:term":[{"taxonomy":"product_brand","embeddable":true,"href":"https:\/\/staging.nbg.eu\/hu\/wp-json\/wp\/v2\/product_brand?post=136571"},{"taxonomy":"product_cat","embeddable":true,"href":"https:\/\/staging.nbg.eu\/hu\/wp-json\/wp\/v2\/product_cat?post=136571"},{"taxonomy":"product_tag","embeddable":true,"href":"https:\/\/staging.nbg.eu\/hu\/wp-json\/wp\/v2\/product_tag?post=136571"}],"curies":[{"name":"wp","href":"https:\/\/api.w.org\/{rel}","templated":true}]}}