{"id":135752,"date":"2024-11-03T11:56:08","date_gmt":"2025-01-09T08:10:32","guid":{"rendered":"https:\/\/staging.nbg.eu\/product\/semi-automatic-rifle-krw-20-version-5-ar9%d1%8519\/"},"modified":"2025-01-09T08:12:24","modified_gmt":"2025-01-09T08:12:24","slug":"felautomata-puska-krw-20-verzio-5-ar-9x19","status":"publish","type":"product","link":"https:\/\/staging.nbg.eu\/hu\/termek\/felautomata-puska-krw-20-verzio-5-ar-9x19\/","title":{"rendered":"Felautomata puska KRW 20 verzio 5-AR, 9&#215;19"},"content":{"rendered":"<h2>KRW 20 5. verzi\u00f3-AR,9\u044519 F\u00e9lautomata puska<\/h2>\n<h2>Term\u00e9k \u00e1ttekint\u00e9s<\/h2>\n<p>A KRW 20 5. verzi\u00f3-AR,9\u044519 egy sokoldal\u00fa f\u00e9lautomata puska, amelyet sport- \u00e9s c\u00e9ll\u00f6v\u00e9szetre, valamint szem\u00e9lyi \u00e9s vagyonv\u00e9delemre terveztek. A KR-WEAPONS \u00e1ltal gy\u00e1rtott l\u0151fegyver \u00f6tv\u00f6zi a pontoss\u00e1got, a funkcionalit\u00e1st \u00e9s az adapt\u00e1lhat\u00f3s\u00e1got.<\/p>\n<h2>F\u0151 jellemz\u0151k<\/h2>\n<ul>\n<li>Kaliber: 9mm Luger \/ 9&#215;21<\/li>\n<li>Cs\u0151hossz: 254mm<\/li>\n<li>Teljes hossz: 689-739mm (kinyitva) \/ 482mm (behajtott tussal)<\/li>\n<li>Magass\u00e1g: 194mm mechanikus ir\u00e1nyz\u00e9kkal<\/li>\n<li>Sz\u00e9less\u00e9g: 51,6mm (test 34mm)<\/li>\n<li>S\u00faly: 2,73kg (ac\u00e9l test)<\/li>\n<li>N\u00e9gy Picatinny s\u00edn (MIL-STD-1913) kieg\u00e9sz\u00edt\u0151k r\u00f6gz\u00edt\u00e9s\u00e9hez<\/li>\n<li>Kompatibilis Glock Gen4 t\u00e1rakat (10, 15, 17 \u00e9s 33 l\u0151szeres)<\/li>\n<li>Behajthat\u00f3 tus a kompakt t\u00e1rol\u00e1shoz \u00e9s sz\u00e1ll\u00edt\u00e1shoz<\/li>\n<\/ul>\n<h2>Funkci\u00f3k \u00e9s kialak\u00edt\u00e1s<\/h2>\n<p>A KRW 20 s\u00falyz\u00e1ras rendszerrel m\u0171k\u00f6dik, z\u00e1rt reteszb\u0151l t\u00fczelve. Ez a kialak\u00edt\u00e1s megb\u00edzhat\u00f3 teljes\u00edtm\u00e9nyt \u00e9s fokozott pontoss\u00e1got biztos\u00edt. A fegyver jellemz\u0151i:<\/p>\n<ul>\n<li>F\u0151 s\u00edn a fels\u0151 bor\u00edt\u00e1son ir\u00e1nyz\u00e9kok vagy optik\u00e1k r\u00f6gz\u00edt\u00e9s\u00e9hez<\/li>\n<li>Oldals\u00f3 s\u00ednek taktikai kieg\u00e9sz\u00edt\u0151kh\u00f6z (pl. taktikai l\u00e1mpa)<\/li>\n<li>Als\u00f3 s\u00edn taktikai markolat r\u00f6gz\u00edt\u00e9s\u00e9hez<\/li>\n<li>Be\u00e9p\u00edtett akna a markolatban tartal\u00e9k t\u00e1rhoz<\/li>\n<li>K\u00e9tkezes felh\u00faz\u00f3kar<\/li>\n<li>K\u00e9tfokozat\u00fa els\u00fct\u0151szerkezet a jobb ir\u00e1ny\u00edthat\u00f3s\u00e1g\u00e9rt<\/li>\n<li>Biztos\u00edt\u00f3gomb az els\u00fct\u0151billenty\u0171 m\u00f6g\u00f6tt<\/li>\n<\/ul>\n<h2>Testreszab\u00e1s \u00e9s kieg\u00e9sz\u00edt\u0151k<\/h2>\n<p>A KRW 20-at k\u00f6nnyen testreszabhat\u00f3ra tervezt\u00e9k, lehet\u0151v\u00e9 t\u00e9ve a felhaszn\u00e1l\u00f3k sz\u00e1m\u00e1ra, hogy a pusk\u00e1t saj\u00e1t ig\u00e9nyeikhez igaz\u00edts\u00e1k:<\/p>\n<ul>\n<li>\u00c1ll\u00edthat\u00f3 mechanikus ir\u00e1nyz\u00e9kok (magass\u00e1gban \u00e1ll\u00edthat\u00f3 els\u0151 ir\u00e1nyz\u00e9k, oldalir\u00e1nyban \u00e1ll\u00edthat\u00f3 h\u00e1ts\u00f3 ir\u00e1nyz\u00e9k)<\/li>\n<li>Kompatibilis k\u00fcl\u00f6nb\u00f6z\u0151 optik\u00e1kkal \u00e9s ir\u00e1nyz\u00e9kokkal<\/li>\n<li>T\u00f6bb r\u00f6gz\u00edt\u00e9si pont taktikai kieg\u00e9sz\u00edt\u0151kh\u00f6z<\/li>\n<li>Behajthat\u00f3 tus a jobb hordozhat\u00f3s\u00e1g\u00e9rt<\/li>\n<\/ul>\n<h2>Biztons\u00e1gi jellemz\u0151k<\/h2>\n<p>A KRW 20 t\u00f6bb biztons\u00e1gi mechanizmust tartalmaz a felel\u0151ss\u00e9gteljes \u00e9s biztons\u00e1gos m\u0171k\u00f6d\u00e9s \u00e9rdek\u00e9ben:<\/p>\n<ul>\n<li>Els\u00fct\u0151billenty\u0171-blokkol\u00f3 rendszer megakad\u00e1lyozza a t\u00fczel\u00e9st, ha a t\u00f6lt\u00e9ny\u0171r nincs biztons\u00e1gosan reteszelve<\/li>\n<li>H\u00e1rom \u00e1ll\u00e1s\u00fa biztos\u00edt\u00f3gomb (biztos\u00edtva, t\u00fczel\u00e9s balra, t\u00fczel\u00e9s jobbra)<\/li>\n<li>Nyitott z\u00e1r jelz\u0151<\/li>\n<li>Utols\u00f3 l\u0151szer ut\u00e1n nyitva tartott z\u00e1r<\/li>\n<\/ul>\n<h2>Ide\u00e1lis t\u00f6bb alkalmaz\u00e1shoz<\/h2>\n<p>A KRW 20 5. verzi\u00f3-AR,9\u044519 t\u00f6k\u00e9letes:<\/p>\n<ul>\n<li>Sportl\u00f6v\u0151 versenyekhez<\/li>\n<li>C\u00e9ll\u00f6v\u00e9szethez \u00e9s edz\u00e9shez<\/li>\n<li>Szem\u00e9lyi v\u00e9delemhez<\/li>\n<li>Vagyonv\u00e9delemhez<\/li>\n<\/ul>\n<p>A KRW 20 5. verzi\u00f3-AR,9\u044519 f\u00e9lautomata puska pontoss\u00e1got, megb\u00edzhat\u00f3s\u00e1got \u00e9s sokoldal\u00fas\u00e1got ny\u00fajt. Ak\u00e1r versenyz\u0151 l\u00f6v\u00e9sz, fegyverrajong\u00f3 vagy megb\u00edzhat\u00f3 \u00f6nv\u00e9delmi opci\u00f3t keres\u0151 szem\u00e9ly, a KRW 20 kiv\u00e1l\u00f3 teljes\u00edtm\u00e9nyt ny\u00fajt testreszabhat\u00f3 kivitelben.<\/p>\n","protected":false},"excerpt":{"rendered":"<p>KRW 20 v5-AR, 9&#215;19 f\u00e9lautomata puska. Sport \u00e9s \u00f6nv\u00e9delmi fegyver 4 Picatinny s\u00ednnel. Behajthat\u00f3 tus, Glock t\u00e1rakat haszn\u00e1l.<\/p>\n","protected":false},"featured_media":76978,"template":"","meta":{"_acf_changed":false},"product_brand":[11531],"product_cat":[12964,12981,12967],"product_tag":[],"class_list":{"0":"post-135752","1":"product","2":"type-product","3":"status-publish","4":"has-post-thumbnail","6":"product_brand-krw","7":"product_cat-karabelyok","8":"product_cat-pcc","9":"product_cat-puska","11":"first","12":"instock","13":"taxable","14":"shipping-taxable","15":"purchasable","16":"product-type-simple"},"acf":[],"_links":{"self":[{"href":"https:\/\/staging.nbg.eu\/hu\/wp-json\/wp\/v2\/product\/135752","targetHints":{"allow":["GET"]}}],"collection":[{"href":"https:\/\/staging.nbg.eu\/hu\/wp-json\/wp\/v2\/product"}],"about":[{"href":"https:\/\/staging.nbg.eu\/hu\/wp-json\/wp\/v2\/types\/product"}],"wp:featuredmedia":[{"embeddable":true,"href":"https:\/\/staging.nbg.eu\/hu\/wp-json\/wp\/v2\/media\/76978"}],"wp:attachment":[{"href":"https:\/\/staging.nbg.eu\/hu\/wp-json\/wp\/v2\/media?parent=135752"}],"wp:term":[{"taxonomy":"product_brand","embeddable":true,"href":"https:\/\/staging.nbg.eu\/hu\/wp-json\/wp\/v2\/product_brand?post=135752"},{"taxonomy":"product_cat","embeddable":true,"href":"https:\/\/staging.nbg.eu\/hu\/wp-json\/wp\/v2\/product_cat?post=135752"},{"taxonomy":"product_tag","embeddable":true,"href":"https:\/\/staging.nbg.eu\/hu\/wp-json\/wp\/v2\/product_tag?post=135752"}],"curies":[{"name":"wp","href":"https:\/\/api.w.org\/{rel}","templated":true}]}}