{"id":134775,"date":"2024-11-26T10:13:16","date_gmt":"2024-11-26T10:13:16","guid":{"rendered":"https:\/\/staging.nbg.eu\/product\/geissele-ak-high-energy-main-spring\/"},"modified":"2025-01-08T19:00:23","modified_gmt":"2025-01-08T19:00:23","slug":"geissele-ak-nagy-energiaju-forrugo","status":"publish","type":"product","link":"https:\/\/staging.nbg.eu\/hu\/termek\/geissele-ak-nagy-energiaju-forrugo\/","title":{"rendered":"Geissele AK Nagy Energiaju Forrugo"},"content":{"rendered":"<div class=\"product-description\">\n<h2>Geissele AK nagy energi\u00e1j\u00fa f\u0151rug\u00f3<\/h2>\n<p>A Geissele AK nagy energi\u00e1j\u00fa f\u0151rug\u00f3 az AK47\/74 platform\u00fa pusk\u00e1k teljes\u00edtm\u00e9ny\u00e9t jav\u00edtja. Ez a csere rug\u00f3 a k\u00f6vetkez\u0151ket k\u00edn\u00e1lja:<\/p>\n<ul>\n<li>Kr\u00f3m-szil\u00edcium egysz\u00e1las szerkezet<\/li>\n<li>ASTM A401 szabv\u00e1ny szerint gy\u00e1rtva<\/li>\n<li>25%-kal nagyobb nyomat\u00e9k, mint a standard gy\u00e1ri f\u0151rug\u00f3k<\/li>\n<li>Cs\u00f6kkentett z\u00e1r\u00e1si id\u0151 a gyorsabb l\u00f6v\u00e9s \u00e9rdek\u00e9ben<\/li>\n<li>Jobb konzisztencia a csappanty\u00fa gy\u00fajt\u00e1s\u00e1ban<\/li>\n<\/ul>\n<p>Ez a nagy teljes\u00edtm\u00e9ny\u0171 rug\u00f3 jav\u00edtja az AK megb\u00edzhat\u00f3s\u00e1g\u00e1t \u00e9s reag\u00e1l\u00f3k\u00e9pess\u00e9g\u00e9t. A Geissele AK nagy energi\u00e1j\u00fa f\u0151rug\u00f3 jobb teljes\u00edtm\u00e9nyt \u00e9s konzisztenci\u00e1t biztos\u00edt l\u00f6v\u00e9sr\u0151l l\u00f6v\u00e9sre.<\/p>\n<\/div>\n","protected":false},"excerpt":{"rendered":"<p>N\u00f6velje az AK47\/74 teljes\u00edtm\u00e9ny\u00e9t ezzel a nagy energi\u00e1j\u00fa cser\u00e9lhet\u0151 rug\u00f3val.<\/p>\n","protected":false},"featured_media":81148,"template":"","meta":{"_acf_changed":false},"product_brand":[11393],"product_cat":[12901],"product_tag":[],"class_list":{"0":"post-134775","1":"product","2":"type-product","3":"status-publish","4":"has-post-thumbnail","6":"product_brand-geissele","7":"product_cat-ak-tuning","9":"first","10":"instock","11":"taxable","12":"shipping-taxable","13":"product-type-simple"},"acf":[],"_links":{"self":[{"href":"https:\/\/staging.nbg.eu\/hu\/wp-json\/wp\/v2\/product\/134775","targetHints":{"allow":["GET"]}}],"collection":[{"href":"https:\/\/staging.nbg.eu\/hu\/wp-json\/wp\/v2\/product"}],"about":[{"href":"https:\/\/staging.nbg.eu\/hu\/wp-json\/wp\/v2\/types\/product"}],"wp:featuredmedia":[{"embeddable":true,"href":"https:\/\/staging.nbg.eu\/hu\/wp-json\/wp\/v2\/media\/81148"}],"wp:attachment":[{"href":"https:\/\/staging.nbg.eu\/hu\/wp-json\/wp\/v2\/media?parent=134775"}],"wp:term":[{"taxonomy":"product_brand","embeddable":true,"href":"https:\/\/staging.nbg.eu\/hu\/wp-json\/wp\/v2\/product_brand?post=134775"},{"taxonomy":"product_cat","embeddable":true,"href":"https:\/\/staging.nbg.eu\/hu\/wp-json\/wp\/v2\/product_cat?post=134775"},{"taxonomy":"product_tag","embeddable":true,"href":"https:\/\/staging.nbg.eu\/hu\/wp-json\/wp\/v2\/product_tag?post=134775"}],"curies":[{"name":"wp","href":"https:\/\/api.w.org\/{rel}","templated":true}]}}