{"id":134394,"date":"2024-11-04T06:35:34","date_gmt":"2024-11-04T06:35:34","guid":{"rendered":"https:\/\/staging.nbg.eu\/product\/tinck-arms-semi-automatic-carbine-perun-x16-125-cal-5-56x45\/"},"modified":"2025-01-08T17:51:29","modified_gmt":"2025-01-08T17:51:29","slug":"tinck-arms-felautomata-karabely-perun-x16-125-kal-556x45","status":"publish","type":"product","link":"https:\/\/staging.nbg.eu\/hu\/termek\/tinck-arms-felautomata-karabely-perun-x16-125-kal-556x45\/","title":{"rendered":"Tinck Arms F\u00e9lautomata Karab\u00e9ly Perun X16 12,5&#8243; kal. 5.56&#215;45"},"content":{"rendered":"<div class=\"product-description\">\n<h2>Tinck Arms Perun X16 F\u00e9lautomata Karab\u00e9ly<\/h2>\n<h2>12,5&#8243; Cs\u0151, 5,56x45mm NATO<\/h2>\n<p>A Perun X16 az AR15 platform k\u00f6vetkez\u0151 fejl\u0151d\u00e9se, amely sportl\u00f6v\u0151k, rendv\u00e9delmi szervek \u00e9s katonai szem\u00e9lyzet ig\u00e9nyeinek kiel\u00e9g\u00edt\u00e9s\u00e9re terveztek. Ez a karab\u00e9ly megb\u00edzhat\u00f3s\u00e1got, k\u00f6nny\u0171 karbantart\u00e1st \u00e9s teljes\u00edtm\u00e9nyt \u00f6tv\u00f6z egy modul\u00e1ris kialak\u00edt\u00e1sban.<\/p>\n<h3>F\u0151 jellemz\u0151k:<\/h3>\n<ul>\n<li>Szabadalmaztatott m\u0171k\u00f6d\u00e9si rendszer a megb\u00edzhat\u00f3s\u00e1g \u00e9rdek\u00e9ben<\/li>\n<li>Egyens\u00faly \u00e9s kezelhet\u0151s\u00e9g a pontoss\u00e1g \u00e9rdek\u00e9ben<\/li>\n<li>Magas modularit\u00e1s \u00e9s kompatibilit\u00e1s AR15 alkatr\u00e9szekkel<\/li>\n<li>K\u00e9tkezes kezel\u0151szervek<\/li>\n<li>Sima l\u00f6v\u00e9s\u00e9lm\u00e9ny a jobb ir\u00e1ny\u00edt\u00e1s \u00e9rdek\u00e9ben<\/li>\n<\/ul>\n<h3>M\u0171szaki adatok:<\/h3>\n<table>\n<tr>\n<td>Kaliber:<\/td>\n<td>5,56x45mm NATO (.223 Remington)<\/td>\n<\/tr>\n<tr>\n<td>M\u0171k\u00f6d\u00e9si rendszer:<\/td>\n<td>Reteszelt forg\u00f3 z\u00e1rfejes hibrid DI \u00e9s r\u00f6vid l\u00f6ket\u0171<\/td>\n<\/tr>\n<tr>\n<td>M\u0171k\u00f6d\u00e9s:<\/td>\n<td>F\u00e9lautomata<\/td>\n<\/tr>\n<tr>\n<td>Teljes hossz:<\/td>\n<td>600mm (\u00f6sszecsukva) \/ 980mm (kinyitva)<\/td>\n<\/tr>\n<tr>\n<td>Cs\u0151hossz:<\/td>\n<td>12,5&#8243; (318mm)<\/td>\n<\/tr>\n<tr>\n<td>Huzagol\u00e1s:<\/td>\n<td>1:7&#8243; (opcion\u00e1lis 1:9&#8243;)<\/td>\n<\/tr>\n<tr>\n<td>S\u00faly:<\/td>\n<td>3,3kg 30 l\u0151szeres t\u00e1rral<\/td>\n<\/tr>\n<tr>\n<td>Cs\u0151sz\u00e1jszerkezet:<\/td>\n<td>3-kamr\u00e1s cs\u0151sz\u00e1jf\u00e9k 1\/2&#8243;-28 menettel<\/td>\n<\/tr>\n<tr>\n<td>Tus:<\/td>\n<td>Masada \u00f6sszecsukhat\u00f3 tus vagy MFT tus AR-15 pufferen<\/td>\n<\/tr>\n<tr>\n<td>Ir\u00e1nyz\u00e9k:<\/td>\n<td>Felhajthat\u00f3 tartal\u00e9k ir\u00e1nyz\u00e9k (m\u00e1sodlagos)<\/td>\n<\/tr>\n<tr>\n<td>Ir\u00e1nyz\u00e9k t\u00e1vols\u00e1g:<\/td>\n<td>330mm, 370mm, vagy 450mm<\/td>\n<\/tr>\n<tr>\n<td>T\u00e1rkapacit\u00e1s:<\/td>\n<td>10 vagy 30 l\u0151szer (m\u0171anyag)<\/td>\n<\/tr>\n<\/table>\n<p>A Perun X16 nem h\u00e1trasikl\u00f3 felh\u00faz\u00f3karral \u00e9s 1+3 NAR s\u00ednnel rendelkezik kieg\u00e9sz\u00edt\u0151k r\u00f6gz\u00edt\u00e9s\u00e9hez. A hibrid k\u00f6zvetlen g\u00e1zelv\u00e9teles \u00e9s r\u00f6vid l\u00f6ket\u0171 m\u0171k\u00f6d\u00e9se megb\u00edzhat\u00f3 ciklust biztos\u00edt k\u00fcl\u00f6nb\u00f6z\u0151 k\u00f6r\u00fclm\u00e9nyek k\u00f6z\u00f6tt. A karab\u00e9ly modul\u00e1ris kialak\u00edt\u00e1sa lehet\u0151v\u00e9 teszi a testreszab\u00e1st \u00e9s a karbantart\u00e1st.<\/p>\n<p>A Tinck Arms Perun X16 az AR-platform fegyverek j\u00f6v\u0151je \u2013 ahol az innov\u00e1ci\u00f3 tal\u00e1lkozik a pontoss\u00e1ggal \u00e9s a megb\u00edzhat\u00f3s\u00e1ggal.<\/p>\n<\/div>\n","protected":false},"excerpt":{"rendered":"<p>Modern 5,56&#215;45-\u00f6s karab\u00e9ly 12,5 h\u00fcvelykes cs\u0151vel. Megb\u00edzhat\u00f3, pontos, modul\u00e1ris.<\/p>\n","protected":false},"featured_media":77394,"template":"","meta":{"_acf_changed":false},"product_brand":[11916],"product_cat":[12964,12967],"product_tag":[],"class_list":{"0":"post-134394","1":"product","2":"type-product","3":"status-publish","4":"has-post-thumbnail","6":"product_brand-tinck-arms","7":"product_cat-karabelyok","8":"product_cat-puska","10":"first","11":"outofstock","12":"taxable","13":"shipping-taxable","14":"purchasable","15":"product-type-simple"},"acf":[],"_links":{"self":[{"href":"https:\/\/staging.nbg.eu\/hu\/wp-json\/wp\/v2\/product\/134394","targetHints":{"allow":["GET"]}}],"collection":[{"href":"https:\/\/staging.nbg.eu\/hu\/wp-json\/wp\/v2\/product"}],"about":[{"href":"https:\/\/staging.nbg.eu\/hu\/wp-json\/wp\/v2\/types\/product"}],"wp:featuredmedia":[{"embeddable":true,"href":"https:\/\/staging.nbg.eu\/hu\/wp-json\/wp\/v2\/media\/77394"}],"wp:attachment":[{"href":"https:\/\/staging.nbg.eu\/hu\/wp-json\/wp\/v2\/media?parent=134394"}],"wp:term":[{"taxonomy":"product_brand","embeddable":true,"href":"https:\/\/staging.nbg.eu\/hu\/wp-json\/wp\/v2\/product_brand?post=134394"},{"taxonomy":"product_cat","embeddable":true,"href":"https:\/\/staging.nbg.eu\/hu\/wp-json\/wp\/v2\/product_cat?post=134394"},{"taxonomy":"product_tag","embeddable":true,"href":"https:\/\/staging.nbg.eu\/hu\/wp-json\/wp\/v2\/product_tag?post=134394"}],"curies":[{"name":"wp","href":"https:\/\/api.w.org\/{rel}","templated":true}]}}