{"id":134230,"date":"2024-11-17T08:22:03","date_gmt":"2025-01-08T17:29:04","guid":{"rendered":"https:\/\/staging.nbg.eu\/product\/geissele-ak-recoil-spring\/"},"modified":"2025-01-08T17:31:01","modified_gmt":"2025-01-08T17:31:01","slug":"geissele-ak-visszarugas-rugo","status":"publish","type":"product","link":"https:\/\/staging.nbg.eu\/hu\/termek\/geissele-ak-visszarugas-rugo\/","title":{"rendered":"Geissele AK Visszar\u00fag\u00e1s Rug\u00f3"},"content":{"rendered":"<div class=\"product-description\">\n<h2>Geissele AK visszar\u00fag\u00f3 rug\u00f3<\/h2>\n<p>Az ALG AK visszar\u00fag\u00f3 rug\u00f3 jav\u00edtja az AK teljes\u00edtm\u00e9ny\u00e9t. Ez a tervez\u00e9s tart\u00f3ss\u00e1got \u00e9s megb\u00edzhat\u00f3s\u00e1got ny\u00fajt a fegyvernek.<\/p>\n<ul>\n<li>Kr\u00f3m-szil\u00edcium ac\u00e9lb\u00f3l k\u00e9sz\u00fclt<\/li>\n<li>Ellen\u00e1ll az \u00fct\u00e9snek \u00e9s a lazul\u00e1snak<\/li>\n<li>Egyedi 2-3 holt menet\u0171 kialak\u00edt\u00e1s a k\u00f6zep\u00e9n<\/li>\n<li>Megakad\u00e1lyozza a harmonikus k\u00e1rosod\u00e1st \u00e9s megtartja a szabad hosszt<\/li>\n<\/ul>\n<p>Ez a rug\u00f3 hossz\u00fa \u00e9lettartamra tervezett, \u00e9s megv\u00e1ltoztatja term\u00e9szetes frekvenci\u00e1j\u00e1t, biztos\u00edtva a k\u00f6vetkezetes teljes\u00edtm\u00e9nyt \u00e9s a hosszabb \u00e9lettartamot. Ez a visszar\u00fag\u00f3 rug\u00f3 jav\u00edtja a l\u00f6v\u00e9s stabilit\u00e1s\u00e1t \u00e9s cs\u00f6kkenti a fegyver kop\u00e1s\u00e1t.<\/p>\n<\/div>\n","protected":false},"excerpt":{"rendered":"<p>Geissele AK visszarug\u00f3 rug\u00f3: Tart\u00f3s, \u00fct\u00e9s\u00e1ll\u00f3, rezg\u00e9scs\u00f6kkent\u0151.<\/p>\n","protected":false},"featured_media":81054,"template":"","meta":{"_acf_changed":false},"product_brand":[11393],"product_cat":[12901],"product_tag":[],"class_list":{"0":"post-134230","1":"product","2":"type-product","3":"status-publish","4":"has-post-thumbnail","6":"product_brand-geissele","7":"product_cat-ak-tuning","9":"first","10":"instock","11":"taxable","12":"shipping-taxable","13":"product-type-simple"},"acf":[],"_links":{"self":[{"href":"https:\/\/staging.nbg.eu\/hu\/wp-json\/wp\/v2\/product\/134230","targetHints":{"allow":["GET"]}}],"collection":[{"href":"https:\/\/staging.nbg.eu\/hu\/wp-json\/wp\/v2\/product"}],"about":[{"href":"https:\/\/staging.nbg.eu\/hu\/wp-json\/wp\/v2\/types\/product"}],"wp:featuredmedia":[{"embeddable":true,"href":"https:\/\/staging.nbg.eu\/hu\/wp-json\/wp\/v2\/media\/81054"}],"wp:attachment":[{"href":"https:\/\/staging.nbg.eu\/hu\/wp-json\/wp\/v2\/media?parent=134230"}],"wp:term":[{"taxonomy":"product_brand","embeddable":true,"href":"https:\/\/staging.nbg.eu\/hu\/wp-json\/wp\/v2\/product_brand?post=134230"},{"taxonomy":"product_cat","embeddable":true,"href":"https:\/\/staging.nbg.eu\/hu\/wp-json\/wp\/v2\/product_cat?post=134230"},{"taxonomy":"product_tag","embeddable":true,"href":"https:\/\/staging.nbg.eu\/hu\/wp-json\/wp\/v2\/product_tag?post=134230"}],"curies":[{"name":"wp","href":"https:\/\/api.w.org\/{rel}","templated":true}]}}