{"id":134095,"date":"2024-11-27T16:45:20","date_gmt":"2025-01-08T17:17:43","guid":{"rendered":"https:\/\/staging.nbg.eu\/product\/area-419-remington-700-short-action-improved-scope-rail-isr-sa\/"},"modified":"2025-01-08T17:19:45","modified_gmt":"2025-01-08T17:19:45","slug":"area-419-remington-700-roevid-akcio-javitott-tavcsosin-isr-sa","status":"publish","type":"product","link":"https:\/\/staging.nbg.eu\/hu\/termek\/area-419-remington-700-roevid-akcio-javitott-tavcsosin-isr-sa\/","title":{"rendered":"Area 419 &#8211; Remington 700 R\u00f6vid Akci\u00f3 Jav\u00edtott T\u00e1vcs\u0151sin (ISR-SA)"},"content":{"rendered":"<div class=\"product-description\">\n<h2>Area 419 &#8211; Remington 700 r\u00f6vid akci\u00f3s tov\u00e1bbfejlesztett t\u00e1vcs\u0151szerel\u00e9k (ISR-SA)<\/h2>\n<p>Az Area 419 ISR-SA egy t\u00e1vcs\u0151szerel\u00e9k Remington 700 r\u00f6vid akci\u00f3s pusk\u00e1khoz. 7075 alum\u00edniumb\u00f3l k\u00e9sz\u00fclt, jellemz\u0151i:<\/p>\n<ul>\n<li>Be\u00e9p\u00edtett visszar\u00fag\u00e1s-g\u00e1tl\u00f3<\/li>\n<li>El\u00e9rhet\u0151 teljesen hornyolt \u00e9s ARC fels\u0151 verzi\u00f3ban<\/li>\n<li>#6 \u00e9s #8 csavarokkal kompatibilis (mell\u00e9kelve)<\/li>\n<li>1:1 fel\u00fcletmegmunk\u00e1l\u00e1s a pontos illeszked\u00e9shez<\/li>\n<li>MIL-STD-1913 szabv\u00e1nynak megfelel\u0151<\/li>\n<li>III. t\u00edpus\u00fa kem\u00e9nybevonat\u00fa fekete elox\u00e1lt fel\u00fclet<\/li>\n<li>Kivet\u0151ny\u00edl\u00e1s kiv\u00e1g\u00e1s a fel\u00fclr\u0151l t\u00f6rt\u00e9n\u0151 t\u00f6lt\u00e9shez<\/li>\n<\/ul>\n<p>20 MOA \u00e9s 30 MOA opci\u00f3k k\u00f6z\u00fcl v\u00e1laszthat. S\u00faly: 0,09 kg. M\u00e9retek: 21 \u00d7 2,54 \u00d7 2,54 cm. Remington 700 pusk\u00e1hoz.<\/p>\n<\/div>\n","protected":false},"excerpt":{"rendered":"<p>Prec\u00edzi\u00f3s megmunk\u00e1l\u00e1s\u00fa 7075 Al c\u00e9lt\u00e1vcs\u0151 s\u00edn Remington 700 SA-hoz<\/p>\n","protected":false},"featured_media":108105,"template":"","meta":{"_acf_changed":false},"product_brand":[11039],"product_cat":[12967,12915],"product_tag":[],"class_list":{"0":"post-134095","1":"product","2":"type-product","3":"status-publish","4":"has-post-thumbnail","6":"product_brand-area-419","7":"product_cat-puska","8":"product_cat-sinek","10":"first","11":"instock","12":"taxable","13":"shipping-taxable","14":"purchasable","15":"product-type-variable","16":"wvs-archive-product-wrapper"},"acf":[],"_links":{"self":[{"href":"https:\/\/staging.nbg.eu\/hu\/wp-json\/wp\/v2\/product\/134095","targetHints":{"allow":["GET"]}}],"collection":[{"href":"https:\/\/staging.nbg.eu\/hu\/wp-json\/wp\/v2\/product"}],"about":[{"href":"https:\/\/staging.nbg.eu\/hu\/wp-json\/wp\/v2\/types\/product"}],"wp:featuredmedia":[{"embeddable":true,"href":"https:\/\/staging.nbg.eu\/hu\/wp-json\/wp\/v2\/media\/108105"}],"wp:attachment":[{"href":"https:\/\/staging.nbg.eu\/hu\/wp-json\/wp\/v2\/media?parent=134095"}],"wp:term":[{"taxonomy":"product_brand","embeddable":true,"href":"https:\/\/staging.nbg.eu\/hu\/wp-json\/wp\/v2\/product_brand?post=134095"},{"taxonomy":"product_cat","embeddable":true,"href":"https:\/\/staging.nbg.eu\/hu\/wp-json\/wp\/v2\/product_cat?post=134095"},{"taxonomy":"product_tag","embeddable":true,"href":"https:\/\/staging.nbg.eu\/hu\/wp-json\/wp\/v2\/product_tag?post=134095"}],"curies":[{"name":"wp","href":"https:\/\/api.w.org\/{rel}","templated":true}]}}